{"id":96,"date":"2021-07-07T15:10:18","date_gmt":"2021-07-07T15:10:18","guid":{"rendered":"https:\/\/pmp.volcan.design\/?page_id=96"},"modified":"2023-02-03T11:16:26","modified_gmt":"2023-02-03T16:16:26","slug":"trademarks","status":"publish","type":"page","link":"https:\/\/pmpsolutions.ca\/fr\/marques-de-commerce\/","title":{"rendered":"MARQUES DE COMMERCE"},"content":{"rendered":"<section id=\"section-2-96\" class=\"ct-section\" ><div class=\"ct-section-inner-wrap\"><div id=\"_rich_text-4-96\" class=\"oxy-rich-text\" ><h1>LIGNES DIRECTRICES D\u2019UTILISATION DES MARQUES DE COMMERCE PMP SOLUTIONS<\/h1>\n<p>\u00a0<\/p>\n<p>\u00a0<\/p>\n<p class=\"translation-block\">Le nom <span class=\"product-name\">PMP SOLUTIONS<\/span> est synonyme de logiciels de qualit\u00e9 pour l\u2019am\u00e9lioration de la performance des usines de transformation du bois. Les marques de commerce <span class=\"product-name\">PMP SOLUTIONS<\/span> sont pr\u00e9cieuses parce qu\u2019elles repr\u00e9sentent un standard d\u2019excellence.<\/p>\n<p class=\"translation-block\">La pr\u00e9sente page pr\u00e9sente les d\u00e9tails de l\u2019utilisation des marques de commerce de <span class=\"product-name\">PMP SOLUTIONS<\/span> dans diff\u00e9rents sc\u00e9narios.<\/p>\n<h2>\u00a0<\/h2>\n<h2 class=\"translation-block\">UTILISATION DES MARQUES DE COMMERCE <span class=\"product-name\">PMP SOLUTIONS<\/span> DANS DU TEXTE<\/h2>\n<p class=\"translation-block\">C\u2019est important que les marques de <span class=\"product-name\">PMP SOLUTIONS<\/span> soient utilis\u00e9es correctement. Vous pouvez utiliser les marques <span class=\"product-name\">PMP SOLUTIONS<\/span> et noms de produits en suivant les lignes directrices ci-dessous. Votre usage ne doit pas induire le consommateur en erreur quant \u00e0 toute commandite, affiliation ou endossement de votre compagnie, produits ou services.<\/p>\n<h2>\u00a0<\/h2>\n<h2 class=\"translation-block\">IDENTIFICATION APPROPRI\u00c9E DES PRODUITS <span class=\"product-name\">PMP SOLUTIONS<\/span><\/h2>\n<p class=\"translation-block\">Lorsque vous faites r\u00e9f\u00e9rence \u00e0 toute propri\u00e9t\u00e9 intellectuelle marqu\u00e9e de <span class=\"product-name\">PMP SOLUTIONS<\/span>, soyez certain d\u2019y apposer le bon symbole en fonction du contenu du tableau ci-dessous.<\/p>\n<table width=\"640\">\n<tbody>\n<tr>\n<td width=\"284\">\n<p><span class=\"product-name\">PMP SOLUTIONS<\/span><\/p>\n<\/td>\n<td width=\"159\">\n<p>Marque de commerce<\/p>\n<\/td>\n<td width=\"197\">\n<p>MES-PMP SOLUTIONS, inc.<\/p>\n<\/td>\n<\/tr>\n<tr>\n<td width=\"284\">\n<p>Propulser la transformation du bois.<\/p>\n<\/td>\n<td width=\"159\">\n<p>Marque de commerce<\/p>\n<\/td>\n<td width=\"197\">\n<p>MES-PMP SOLUTIONS, inc.<\/p>\n<\/td>\n<\/tr>\n<tr>\n<td width=\"284\">\n<p><span class=\"product-name\">PMP\u00a0TeamMate<\/span><\/p>\n<\/td>\n<td width=\"159\">\n<p>Marque de commerce<\/p>\n<\/td>\n<td width=\"197\">\n<p>MES-PMP SOLUTIONS, inc.<\/p>\n<\/td>\n<\/tr>\n<tr>\n<td width=\"284\">\n<p>Faites travailler vos donn\u00e9es<\/p>\n<\/td>\n<td width=\"159\">\n<p>Marque de commerce<\/p>\n<\/td>\n<td width=\"197\">\n<p>MES-PMP SOLUTIONS, inc.<\/p>\n<\/td>\n<\/tr>\n<tr>\n<td width=\"284\">\n<p><span class=\"product-name\">PMP\u00a0WeSaw<\/span><\/p>\n<\/td>\n<td width=\"159\">\n<p>Marque de commerce<\/p>\n<\/td>\n<td width=\"197\">\n<p>MES-PMP SOLUTIONS, inc.<\/p>\n<\/td>\n<\/tr>\n<tr>\n<td width=\"284\">\n<p><img decoding=\"async\" id=\"image-67-312\" class=\"ct-image product-preview-img\" src=\"https:\/\/pmpsolutions.ca\/wp-content\/uploads\/2021\/09\/PMP-Solutions_LogosProduits_V03_VECT_WeSaw.svg\" alt=\"\" \/><\/p>\n<\/td>\n<td width=\"159\">\u00a0<\/td>\n<td width=\"197\">\u00a0<\/td>\n<\/tr>\n<tr>\n<td width=\"284\">\n<p>Les bonnes donn\u00e9es. Avant qu\u2019il ne soit trop tard.<\/p>\n<\/td>\n<td width=\"159\">\n<p>Marque de commerce<\/p>\n<\/td>\n<td width=\"197\">\n<p>MES-PMP SOLUTIONS, inc.<\/p>\n<\/td>\n<\/tr>\n<tr>\n<td width=\"284\">\n<p><span class=\"product-name\">PMP\u00a0WeDry<\/span><\/p>\n<\/td>\n<td width=\"159\">\n<p>Marque de commerce<\/p>\n<\/td>\n<td width=\"197\">\n<p>MES-PMP SOLUTIONS, inc.<\/p>\n<\/td>\n<\/tr>\n<tr>\n<td width=\"284\">\n<p><img decoding=\"async\" id=\"image-67-312\" class=\"ct-image product-preview-img\" src=\"\/wp-content\/uploads\/2021\/09\/PMP-Solutions_LogosProduits_V03_VECT_WeDry.svg\" alt=\"\" \/><\/p>\n<\/td>\n<td width=\"159\">\u00a0<\/td>\n<td width=\"197\">\u00a0<\/td>\n<\/tr>\n<tr>\n<td width=\"284\">\n<p>Ma\u00eetrisez votre s\u00e9chage. Am\u00e9liorez votre qualit\u00e9.<\/p>\n<\/td>\n<td width=\"159\">\n<p>Marque de commerce<\/p>\n<\/td>\n<td width=\"197\">\n<p>MES-PMP SOLUTIONS, inc.<\/p>\n<\/td>\n<\/tr>\n<tr>\n<td width=\"284\">\n<p><span class=\"product-name\">PMP\u00a0WePlane<\/span><\/p>\n<\/td>\n<td width=\"159\">\n<p>Marque de commerce<\/p>\n<\/td>\n<td width=\"197\">\n<p>MES-PMP SOLUTIONS, inc.<\/p>\n<\/td>\n<\/tr>\n<tr>\n<td width=\"284\">\n<p><img decoding=\"async\" id=\"image-67-312\" class=\"ct-image product-preview-img\" src=\"https:\/\/pmpsolutions.ca\/wp-content\/uploads\/2021\/09\/PMP-Solutions_LogosProduits_V03_VECT_WePlane.svg\" alt=\"\" \/><\/p>\n<\/td>\n<td width=\"159\">\u00a0<\/td>\n<td width=\"197\">\u00a0<\/td>\n<\/tr>\n<tr>\n<td width=\"284\">\n<p>Cessez de r\u00e9agir. Commencez \u00e0 collaborer.<\/p>\n<\/td>\n<td width=\"159\">\n<p>Marque de commerce<\/p>\n<\/td>\n<td width=\"197\">\n<p>MES-PMP SOLUTIONS, inc.<\/p>\n<\/td>\n<\/tr>\n<tr>\n<td width=\"284\">\n<p><span class=\"product-name\">PMP\u00a0WeTrack<\/span><\/p>\n<\/td>\n<td width=\"159\">\n<p>Marque de commerce<\/p>\n<\/td>\n<td width=\"197\">\n<p>MES-PMP SOLUTIONS, inc.<\/p>\n<\/td>\n<\/tr>\n<tr>\n<td width=\"284\">\n<p><img decoding=\"async\" id=\"image-67-312\" class=\"ct-image product-preview-img\" src=\"https:\/\/pmpsolutions.ca\/wp-content\/uploads\/2021\/09\/PMP-Solutions_LogosProduits_V03_VECT_WeTrack.svg\" alt=\"\" \/><\/p>\n<\/td>\n<td width=\"159\">\u00a0<\/td>\n<td width=\"197\">\u00a0<\/td>\n<\/tr>\n<tr>\n<td width=\"284\">\n<p>Fiable. Tout simplement.<\/p>\n<\/td>\n<td width=\"159\">\n<p>Marque de commerce<\/p>\n<\/td>\n<td width=\"197\">\n<p>MES-PMP SOLUTIONS, inc.<\/p>\n<\/td>\n<\/tr>\n<tr>\n<td width=\"284\">\n<p><span class=\"product-name\">PMP\u00a0WeSchedule<\/span><\/p>\n<\/td>\n<td width=\"159\">\n<p>Marque de commerce<\/p>\n<\/td>\n<td width=\"197\">\n<p>MES-PMP SOLUTIONS, inc.<\/p>\n<\/td>\n<\/tr>\n<tr>\n<td width=\"284\">\n<p><img decoding=\"async\" id=\"image-67-312\" class=\"ct-image product-preview-img\" src=\"https:\/\/pmpsolutions.ca\/wp-content\/uploads\/2021\/09\/PMP-Solutions_LogosProduits_V03_VECT_WeSchedule.svg\" alt=\"\" \/><\/p>\n<\/td>\n<td width=\"159\">\u00a0<\/td>\n<td width=\"197\">\u00a0<\/td>\n<\/tr>\n<tr>\n<td width=\"284\">\n<p>Toujours disponible.<\/p>\n<\/td>\n<td width=\"159\">\n<p>Marque de commerce<\/p>\n<\/td>\n<td width=\"197\">\n<p>MES-PMP SOLUTIONS, inc.<\/p>\n<\/td>\n<\/tr>\n<\/tbody>\n<\/table>\n<p>\u00a0<\/p>\n<p class=\"translation-block\">Voici quelques exemples de marques <span class=\"product-name\">PMP SOLUTIONS<\/span> et leurs descriptifs :<\/p>\n<ul>\n<li class=\"translation-block\">Produit <span class=\"product-name\">PMP SOLUTIONS<\/span>\u2122<\/li>\n<li class=\"translation-block\">Suite logicielles<span class=\"product-name\">PMP\u00a0TeamMate<\/span>\u2122<\/li>\n<li>Propulser la transformation du bois\u2122<\/li>\n<\/ul>\n<p>\u00a0<\/p>\n<h2>\u00a0<\/h2>\n<h2 class=\"translation-block\">DIFF\u00c9RENCIEZ LES MARQUES <span class=\"product-name\">PMP SOLUTIONS<\/span> DES AUTRES MOTS OU NOMS QU\u2019ELLES MODIFIENT<\/h2>\n<p><br \/>La mani\u00e8re habituelle de diff\u00e9rencier les marques de commerce d\u2019autres mots ou noms est d\u2019\u00e9crire le noms de produit en petites majuscules et d\u2019y ajouter le symbole et le descripteur appropri\u00e9s. Vous pouvez \u00e9galement utiliser un caract\u00e8re gras ou de l\u2019italique pour diff\u00e9rencier les noms. Exemples :<\/p>\n<p class=\"translation-block\"><strong>CORRECT<\/strong>: <br>Apr\u00e8s avoir install\u00e9 la suite logicielle <span class=\"product-name\">PMP\u00a0TeamMate<\/span>\u2122<\/p>\n<p class=\"translation-block\"><strong>INCORRECT<\/strong>: <br>Apr\u00e8s avoir install\u00e9 <span class=\"product-name\">PMP\u00a0TeamMate<\/span>.<\/p>\n<h2>\u00a0<\/h2>\n<h2>UTILISEZ LES NOTICES DE MARQUES<\/h2>\n<p class=\"translation-block\">Ajouter l\u2019attribution de propri\u00e9t\u00e9 par <span class=\"product-name\">PMP SOLUTIONS<\/span>  des marques dans la section liminaire de votre documentation ou publicit\u00e9. Utilisez le format suivant :<\/p>\n<p class=\"translation-block\">\u00a9 202X <span class=\"product-name\">PMP SOLUTIONS<\/span>. <span class=\"product-name\">PMP TeamMate<\/span>,  et leurs logos et slogans sont des marques de commerce ou des marques d\u00e9pos\u00e9es de MES-PMP SOLUTIONS, inc. aux \u00c9tats-Unis ou d\u2019autres pays.<\/p>\n<h2>\u00a0<\/h2>\n<h2 class=\"translation-block\">N\u2019UTILISEZ PAS LES MARQUES PMP SOLUTIONS AU PLURIEL<\/h2>\n<p class=\"translation-block\">Les marques <span class=\"product-name\">PMP SOLUTIONS<\/span> ne doivent jamais \u00eatre utilis\u00e9es au pluriel. Elles doivent \u00eatre introduites comme un adjectif accompagn\u00e9 du mot qu\u2019elles modifient.<\/p>\n<h2>\u00a0<\/h2>\n<h2>LIGNES DIRECTRICES POUR LES M\u00c9DIAS SOCIAUX<\/h2>\n<p class=\"translation-block\">Les noms de vos m\u00e9dias sociaux, pages et communaut\u00e9s ne doivent pas inclure de marque(s) <span class=\"product-name\">PMP SOLUTIONS<\/span>. Tous les comptes, pages et communaut\u00e9s ne doivent pas inclure de logo(s) <span class=\"product-name\">PMP SOLUTIONS<\/span>. Par exemple, vous ne pouvez pas nommer votre compte, page ou communaut\u00e9 Forum <span class=\"product-name\">PMP\u00a0TeamMate<\/span>  ou Produits <span class=\"product-name\">PMP SOLUTIONS<\/span>.<\/p>\n<p>Aucun compte de m\u00e9dias sociaux ne devrait utiliser le nom ou le portrait d\u2019individus \u00e0 l\u2019emploi de PMP SOLUTIONS.<\/p>\n<h2>\u00a0<\/h2>\n<h2>DIRECTIVES SUPPL\u00c9MENTAIRES POUR LA PUBLICIT\u00c9, LE MARKETING ET L\u2019EMBALLAGE DE PRODUITS<\/h2>\n<p class=\"translation-block\">Vous pouvez utiliser les noms de produits <span class=\"product-name\">PMP SOLUTIONS<\/span> sur vos emballages, sites Web et mat\u00e9riel publicitaire pour indiquer la compatibilit\u00e9 avec un produit <span class=\"product-name\">PMP SOLUTIONS<\/span> sp\u00e9cifique, \u00e0 condition que la r\u00e9f\u00e9rence soit conforme aux directives pr\u00e9sent\u00e9es ici et les sp\u00e9cifications ci-dessous.<\/p>\n<h3><br \/>COMPATIBILIT\u00c9<\/h3>\n<p class=\"translation-block\">Toute utilisation du logo PMP SOLUTIONS pour indiquer la compatibilit\u00e9 doit se faire sous licence. <a href=\"#headline-293-7\" target=\"_self\">Contactez <span class=\"product-name\">PMP SOLUTIONS<\/span><\/a> pour plus de d\u00e9tails.<\/p>\n<ul>\n<li class=\"translation-block\">Vous pouvez utiliser les marques de commerce <span class=\"product-name\">PMP SOLUTIONS<\/span> dans des phrases r\u00e9f\u00e9rentielles telles : \u00ab Compatible avec <span class=\"product-name\">PMP\u00a0TeamMate<\/span>\u2122 \u00bb et \u00ab Pour utilisation avec <span class=\"product-name\">PMP\u00a0TeamMate<\/span>\u2122 \u00bb.<\/li>\n<li class=\"translation-block\">N\u2019utilisez jamais de marques de commerce <span class=\"product-name\">PMP SOLUTIONS&lt;\/span dans les noms de vos produits, services ou compagnie.<\/li>\n<li class=\"translation-block\">N\u2019utilisez pas de noms de produits, services ou compagnies qui pourraient \u00eatre confus avec des marques de commerce <span class=\"product-name\">PMP SOLUTIONS<\/span>.<\/li>\n<li class=\"translation-block\">N\u2019imitez ou ne copiez jamais l\u2019emballage, la publicit\u00e9 ou les affichages de <span class=\"product-name\">PMP SOLUTIONS<\/span>.<\/li>\n<li class=\"translation-block\">N\u2019utilisez pas les marques de commerce <span class=\"product-name\">PMP SOLUTIONS<\/span> de fa\u00e7on plus \u00e9vidente que vos noms de produits ou services. Vous devez toujours les distinguer des marques de commerce <span class=\"product-name\">PMP SOLUTIONS<\/span>.<\/li>\n<li class=\"translation-block\">Ne cr\u00e9ez ou utilisez de logos qui incluent une marque de commerce <span class=\"product-name\">PMP SOLUTIONS<\/span>, \u00e0 moins d\u2019\u00eatre pr\u00e9alablement autoris\u00e9 par \u00e9crit par <span class=\"product-name\">PMP SOLUTIONS<\/span>.<\/li>\n<\/ul>\n<h3><br \/>LOGOS<\/h3>\n<p class=\"translation-block\">N\u2019utilisez aucun logo corporatif <span class=\"product-name\">PMP SOLUTIONS<\/span>, logo <span class=\"product-name\">PMP TeamMate<\/span>  ou tout autre logo, symbole ou ic\u00f4ne <span class=\"product-name\">PMP SOLUTIONS<\/span> sur ou en relation avec des produits, des emballages, des manuels, du mat\u00e9riel promotionnel ou de la publicit\u00e9, ou tout site Web sans l\u2019autorisation \u00e9crite pr\u00e9alable de <span class=\"product-name\">PMP SOLUTIONS<\/span>.<\/p>\n<h3><br \/>LOGOS LIENS<\/h3>\n<p class=\"translation-block\">Vous pouvez utiliser un lien texte vers une page <span class=\"product-name\">PMP SOLUTIONS<\/span> sur votre site Web \u00e0 condition que ce lien ne soit pas principal et qu\u2019il ne confonde ou trompe les consommateurs. Vous pouvez r\u00e9f\u00e9rer \u00e0 la compagnie <span class=\"product-name\">PMP SOLUTIONS<\/span> ou les produits <span class=\"product-name\">PMP SOLUTIONS<\/span> en texte ordinaire, \u00e0 condition que vous respectiez les directives pr\u00e9sent\u00e9es ici et que vous incluiez une phrase comme Par ici pour pmpsolutions.ca. \u00c0 l\u2019exception des logos fournis par <span class=\"product-name\">PMP SOLUTIONS<\/span>, vous ne pouvez utiliser les logos <span class=\"product-name\">PMP SOLUTIONS<\/span> et ceux de ses marques de commerce pour rediriger vers <span class=\"product-name\">PMP SOLUTIONS<\/span>.<\/p>\n<h2>\u00a0<\/h2>\n<h2>PUBLICATIONS, S\u00c9MINAIRES ET CONF\u00c9RENCES<\/h2>\n<p class=\"translation-block\">Vous pouvez faire appara\u00eetre le nom d\u2019un produit ou d\u2019une technologie de <span class=\"product-name\">PMP SOLUTIONS<\/span> sur la couverture d\u2019un magazine ou autre p\u00e9riodique, dans le titre d\u2019un s\u00e9minaire ou conf\u00e9rence, \u00e0 condition de respecter les directives stipul\u00e9es ici et les sp\u00e9cifications suivantes :<\/p>\n<p class=\"translation-block\">La publication, le s\u00e9minaire ou la conf\u00e9rence doit traiter du produit ou de la technologie <span class=\"product-name\">PMP SOLUTIONS<\/span> r\u00e9f\u00e9renc\u00e9 sp\u00e9cifiquement.<\/p>\n<p class=\"translation-block\">Votre nom et logo doivent \u00eatre plus importants que ceux de la marque <span class=\"product-name\">PMP SOLUTIONS<\/span>  sur tout le mat\u00e9riel imprim\u00e9 reli\u00e9 au magazine, p\u00e9riodique, s\u00e9minaire ou conf\u00e9rence.<\/p>\n<p>A disclaimer of sponsorship, affiliation, or endorsement by <span class=\"product-name\">PMP SOLUTIONS<\/span> similar to the example below should be included on the publication and in all related printed materials: <em>[TITLE] is an independent [PUBLICATION] and is not affiliated with, nor has it been authorized, sponsored, or otherwise approved by MES-PMP\u00a0SOLUTIONS, Inc.&lt;\/em &gt; <\/em><\/p>\n<p>Attribuez les marques de commerces selon l\u2019exemple pr\u00e9sent\u00e9 dans la section UTILISEZ LES NOTICES DE MARQUES.<\/p>\n<ul>\n<li class=\"translation-block\">N\u2019utilisez pas une marque de commerce <span class=\"product-name\">PMP SOLUTIONS<\/span> comme premi\u00e8re expression ou \u00e9l\u00e9ment le plus important du titre de votre magazine, p\u00e9riodique, s\u00e9minaire ou conf\u00e9rence.<\/li>\n<li class=\"translation-block\">N\u2019utilisez pas le logo <span class=\"product-name\">PMP SOLUTIONS<\/span>, le logo span class=\"product-name\"&gt;PMP TeamMate<\/span> ou tout autre logo PMP SOLUTIONS sur ou dans votre publication ou tout mat\u00e9riel associ\u00e9 \u00e0 la publication, s\u00e9minaire ou conf\u00e9rence. Une licence de <span class=\"product-name\">PMP SOLUTIONS<\/span> peut \u00eatre autoris\u00e9e dans des cas particuliers.<\/li>\n<li class=\"translation-block\">N\u2019utilisez jamais les marques de commerce de <span class=\"product-name\">PMP SOLUTIONS<\/span> de fa\u00e7on \u00e0 sugg\u00e9rer une affiliation, commandite ou certification du magazine, p\u00e9riodique, s\u00e9minaire ou conf\u00e9rence.<\/li>\n<\/ul>\n<h2>\u00a0<\/h2>\n<h2>NOMS DE COMPAGNIES, PRODUITS, SERVICES ET DOMAINES<\/h2>\n<p class=\"translation-block\">N\u2019utilisez ou n\u2019enregistrez pas de marque de commerce <span class=\"product-name\">PMP SOLUTIONS<\/span>, incluant les logos, les symboles et les ic\u00f4nes <span class=\"product-name\">PMP SOLUTIONS<\/span>, ou toute autre variation trompeuse de ces \u00e9l\u00e9ments, en tout ou en partie, dans vos noms de compagnie, de services, de produits ou de domaines. Ne combinez jamais votre nom de compagnie, marques ou produits \u00e0 c\u00f4t\u00e9 ou combin\u00e9 aux noms de produits <span class=\"product-name\">PMP SOLUTIONS<\/span>.<\/p>\n<h2>\u00a0<\/h2>\n<h2>ENDOSSEMENTS ET COMMANDITES<\/h2>\n<p class=\"translation-block\">N\u2019utilisez pas les marques de commerce <span class=\"product-name\">PMP SOLUTIONS<\/span> de fa\u00e7on \u00e0 exprimer ou sugg\u00e9rer une affiliation, un endossement, une commandite, une certification ou une approbation par <span class=\"product-name\">PMP SOLUTIONS<\/span>. N\u2019utilisez jamais les marques de commerce <span class=\"product-name\">PMP SOLUTIONS<\/span> de fa\u00e7on \u00e0 faire penser qu\u2019elle est l\u00e9galement associ\u00e9e \u00e0 votre compagnie. Vous pouvez utiliser le nom de votre compagnie de mani\u00e8re plus importante que toute marque de commerce <span class=\"product-name\">PMP SOLUTIONS<\/span> dans tout mat\u00e9riel.<\/p>\n<h2>\u00a0<\/h2>\n<h2>ITEMS DE MARCHANDISAGE<\/h2>\n<p class=\"translation-block\">Ne produisez, vendez ou donnez jamais d\u2019items de marchandisage comme des T-shirts ou des tassez sur lesquels figurent une marque de commerce de <span class=\"product-name\">PMP SOLUTIONS<\/span>, ce qui inclut les logos, except\u00e9 sous licence de <span class=\"product-name\">PMP SOLUTIONS<\/span>.<\/p>\n<h2>\u00a0<\/h2>\n<h2>\u00c9L\u00c9MENTS D\u2019HABILLAGE ET PUBLICITAIRES<\/h2>\n<p class=\"translation-block\">N\u2019imitez pas les logos, logotypes, l\u2019habillage ou tout autre \u00e9l\u00e9ment de l\u2019emballage ou site Web de <span class=\"product-name\">PMP SOLUTIONS<\/span> dans votre mat\u00e9riel ce qui inclut, sans s\u2019y limiter, \u00e0 la publicit\u00e9, l\u2019emballage produit, le site Web et le mat\u00e9riel promotionnel.<\/p>\n<h2>\u00a0<\/h2>\n<h2>SLOGANS<\/h2>\n<p class=\"translation-block\">N\u2019utilisez pas les slogans de <span class=\"product-name\">PMP SOLUTIONS<\/span> incluant, sans s\u2019y limiter, Propulser la transformation du bois et Faites travailler vos donn\u00e9es.<\/p>\n<p>\u00a0<\/p>\n<p>\u00a0<\/p><\/div><\/div><\/section>","protected":false},"excerpt":{"rendered":"","protected":false},"author":1,"featured_media":0,"parent":0,"menu_order":27,"comment_status":"closed","ping_status":"closed","template":"","meta":{"_acf_changed":false,"footnotes":""},"class_list":["post-96","page","type-page","status-publish","hentry"],"acf":[],"yoast_head":"<!-- This site is optimized with the Yoast SEO plugin v27.4 - https:\/\/yoast.com\/product\/yoast-seo-wordpress\/ -->\n<title>Trademarks | PMP SOLUTIONS<\/title>\n<meta name=\"description\" content=\"General PMP SOLUTIONS trademarks guidelines\" \/>\n<meta name=\"robots\" content=\"index, follow, max-snippet:-1, max-image-preview:large, max-video-preview:-1\" \/>\n<link rel=\"canonical\" href=\"https:\/\/pmpsolutions.ca\/fr\/marques-de-commerce\/\" \/>\n<meta property=\"og:locale\" content=\"fr_CA\" \/>\n<meta property=\"og:type\" content=\"article\" \/>\n<meta property=\"og:title\" content=\"Trademarks | PMP SOLUTIONS\" \/>\n<meta property=\"og:description\" content=\"General PMP SOLUTIONS trademarks guidelines\" \/>\n<meta property=\"og:url\" content=\"https:\/\/pmpsolutions.ca\/fr\/marques-de-commerce\/\" \/>\n<meta property=\"og:site_name\" content=\"PMP SOLUTIONS\" \/>\n<meta property=\"article:modified_time\" content=\"2023-02-03T16:16:26+00:00\" \/>\n<meta name=\"twitter:card\" content=\"summary_large_image\" \/>\n<script type=\"application\/ld+json\" class=\"yoast-schema-graph\">{\"@context\":\"https:\\\/\\\/schema.org\",\"@graph\":[{\"@type\":\"WebPage\",\"@id\":\"https:\\\/\\\/pmpsolutions.ca\\\/trademarks\\\/\",\"url\":\"https:\\\/\\\/pmpsolutions.ca\\\/trademarks\\\/\",\"name\":\"Trademarks | PMP SOLUTIONS\",\"isPartOf\":{\"@id\":\"https:\\\/\\\/pmpsolutions.ca\\\/#website\"},\"datePublished\":\"2021-07-07T15:10:18+00:00\",\"dateModified\":\"2023-02-03T16:16:26+00:00\",\"description\":\"General PMP SOLUTIONS trademarks guidelines\",\"breadcrumb\":{\"@id\":\"https:\\\/\\\/pmpsolutions.ca\\\/trademarks\\\/#breadcrumb\"},\"inLanguage\":\"fr-CA\",\"potentialAction\":[{\"@type\":\"ReadAction\",\"target\":[\"https:\\\/\\\/pmpsolutions.ca\\\/trademarks\\\/\"]}]},{\"@type\":\"BreadcrumbList\",\"@id\":\"https:\\\/\\\/pmpsolutions.ca\\\/trademarks\\\/#breadcrumb\",\"itemListElement\":[{\"@type\":\"ListItem\",\"position\":1,\"name\":\"Home\",\"item\":\"https:\\\/\\\/pmpsolutions.ca\\\/en\\\/\"},{\"@type\":\"ListItem\",\"position\":2,\"name\":\"Trademarks\"}]},{\"@type\":\"WebSite\",\"@id\":\"https:\\\/\\\/pmpsolutions.ca\\\/#website\",\"url\":\"https:\\\/\\\/pmpsolutions.ca\\\/\",\"name\":\"PMP SOLUTIONS\",\"description\":\"Driving wood transformation\",\"publisher\":{\"@id\":\"https:\\\/\\\/pmpsolutions.ca\\\/#organization\"},\"potentialAction\":[{\"@type\":\"SearchAction\",\"target\":{\"@type\":\"EntryPoint\",\"urlTemplate\":\"https:\\\/\\\/pmpsolutions.ca\\\/?s={search_term_string}\"},\"query-input\":{\"@type\":\"PropertyValueSpecification\",\"valueRequired\":true,\"valueName\":\"search_term_string\"}}],\"inLanguage\":\"fr-CA\"},{\"@type\":\"Organization\",\"@id\":\"https:\\\/\\\/pmpsolutions.ca\\\/#organization\",\"name\":\"PMP SOLUTIONS\",\"url\":\"https:\\\/\\\/pmpsolutions.ca\\\/\",\"logo\":{\"@type\":\"ImageObject\",\"inLanguage\":\"fr-CA\",\"@id\":\"https:\\\/\\\/pmpsolutions.ca\\\/#\\\/schema\\\/logo\\\/image\\\/\",\"url\":\"https:\\\/\\\/pmpsolutions.ca\\\/wp-content\\\/uploads\\\/2021\\\/10\\\/logo-pmp.png\",\"contentUrl\":\"https:\\\/\\\/pmpsolutions.ca\\\/wp-content\\\/uploads\\\/2021\\\/10\\\/logo-pmp.png\",\"width\":288,\"height\":189,\"caption\":\"PMP SOLUTIONS\"},\"image\":{\"@id\":\"https:\\\/\\\/pmpsolutions.ca\\\/#\\\/schema\\\/logo\\\/image\\\/\"},\"sameAs\":[\"https:\\\/\\\/www.linkedin.com\\\/company\\\/pmp-solutions\\\/\",\"https:\\\/\\\/www.youtube.com\\\/channel\\\/UCSPfsI0cvknrEFMS0KPL9nA\"]}]}<\/script>\n<!-- \/ Yoast SEO plugin. -->","yoast_head_json":{"title":"Trademarks | PMP SOLUTIONS","description":"General PMP SOLUTIONS trademarks guidelines","robots":{"index":"index","follow":"follow","max-snippet":"max-snippet:-1","max-image-preview":"max-image-preview:large","max-video-preview":"max-video-preview:-1"},"canonical":"https:\/\/pmpsolutions.ca\/fr\/marques-de-commerce\/","og_locale":"fr_CA","og_type":"article","og_title":"Trademarks | PMP SOLUTIONS","og_description":"General PMP SOLUTIONS trademarks guidelines","og_url":"https:\/\/pmpsolutions.ca\/fr\/marques-de-commerce\/","og_site_name":"PMP SOLUTIONS","article_modified_time":"2023-02-03T16:16:26+00:00","twitter_card":"summary_large_image","schema":{"@context":"https:\/\/schema.org","@graph":[{"@type":"WebPage","@id":"https:\/\/pmpsolutions.ca\/trademarks\/","url":"https:\/\/pmpsolutions.ca\/trademarks\/","name":"Trademarks | PMP SOLUTIONS","isPartOf":{"@id":"https:\/\/pmpsolutions.ca\/#website"},"datePublished":"2021-07-07T15:10:18+00:00","dateModified":"2023-02-03T16:16:26+00:00","description":"General PMP SOLUTIONS trademarks guidelines","breadcrumb":{"@id":"https:\/\/pmpsolutions.ca\/trademarks\/#breadcrumb"},"inLanguage":"fr-CA","potentialAction":[{"@type":"ReadAction","target":["https:\/\/pmpsolutions.ca\/trademarks\/"]}]},{"@type":"BreadcrumbList","@id":"https:\/\/pmpsolutions.ca\/trademarks\/#breadcrumb","itemListElement":[{"@type":"ListItem","position":1,"name":"Home","item":"https:\/\/pmpsolutions.ca\/en\/"},{"@type":"ListItem","position":2,"name":"Trademarks"}]},{"@type":"WebSite","@id":"https:\/\/pmpsolutions.ca\/#website","url":"https:\/\/pmpsolutions.ca\/","name":"PMP SOLUTIONS","description":"Driving wood transformation","publisher":{"@id":"https:\/\/pmpsolutions.ca\/#organization"},"potentialAction":[{"@type":"SearchAction","target":{"@type":"EntryPoint","urlTemplate":"https:\/\/pmpsolutions.ca\/?s={search_term_string}"},"query-input":{"@type":"PropertyValueSpecification","valueRequired":true,"valueName":"search_term_string"}}],"inLanguage":"fr-CA"},{"@type":"Organization","@id":"https:\/\/pmpsolutions.ca\/#organization","name":"PMP SOLUTIONS","url":"https:\/\/pmpsolutions.ca\/","logo":{"@type":"ImageObject","inLanguage":"fr-CA","@id":"https:\/\/pmpsolutions.ca\/#\/schema\/logo\/image\/","url":"https:\/\/pmpsolutions.ca\/wp-content\/uploads\/2021\/10\/logo-pmp.png","contentUrl":"https:\/\/pmpsolutions.ca\/wp-content\/uploads\/2021\/10\/logo-pmp.png","width":288,"height":189,"caption":"PMP SOLUTIONS"},"image":{"@id":"https:\/\/pmpsolutions.ca\/#\/schema\/logo\/image\/"},"sameAs":["https:\/\/www.linkedin.com\/company\/pmp-solutions\/","https:\/\/www.youtube.com\/channel\/UCSPfsI0cvknrEFMS0KPL9nA"]}]}},"_links":{"self":[{"href":"https:\/\/pmpsolutions.ca\/fr\/wp-json\/wp\/v2\/pages\/96","targetHints":{"allow":["GET"]}}],"collection":[{"href":"https:\/\/pmpsolutions.ca\/fr\/wp-json\/wp\/v2\/pages"}],"about":[{"href":"https:\/\/pmpsolutions.ca\/fr\/wp-json\/wp\/v2\/types\/page"}],"author":[{"embeddable":true,"href":"https:\/\/pmpsolutions.ca\/fr\/wp-json\/wp\/v2\/users\/1"}],"replies":[{"embeddable":true,"href":"https:\/\/pmpsolutions.ca\/fr\/wp-json\/wp\/v2\/comments?post=96"}],"version-history":[{"count":8,"href":"https:\/\/pmpsolutions.ca\/fr\/wp-json\/wp\/v2\/pages\/96\/revisions"}],"predecessor-version":[{"id":2097,"href":"https:\/\/pmpsolutions.ca\/fr\/wp-json\/wp\/v2\/pages\/96\/revisions\/2097"}],"wp:attachment":[{"href":"https:\/\/pmpsolutions.ca\/fr\/wp-json\/wp\/v2\/media?parent=96"}],"curies":[{"name":"wp","href":"https:\/\/api.w.org\/{rel}","templated":true}]}}