{"id":95,"date":"2021-07-07T15:10:13","date_gmt":"2021-07-07T15:10:13","guid":{"rendered":"https:\/\/pmp.volcan.design\/?page_id=95"},"modified":"2023-02-03T11:22:33","modified_gmt":"2023-02-03T16:22:33","slug":"terms-of-use","status":"publish","type":"page","link":"https:\/\/pmpsolutions.ca\/fr\/conditions-utilisation\/","title":{"rendered":"Conditions d'utilisation"},"content":{"rendered":"<section id=\"section-3-95\" class=\"ct-section\" ><div class=\"ct-section-inner-wrap\"><div id=\"_rich_text-4-95\" class=\"oxy-rich-text\" ><h1>CONDITIONS D\u2019UTILISATION DU SITE WEB DE PMP SOLUTIONS<\/h1>\n<p class=\"translation-block\">Veuillez lire attentivement les conditions d\u2019utilisation (ci-apr\u00e8s nomm\u00e9es <strong>Conditions d\u2019utilisation<\/strong>) ci-dessous.<\/p>\n<p class=\"translation-block\">En d\u00e9cidant d\u2019utiliser le site web (ci-apr\u00e8s nomm\u00e9 <strong>Site<\/strong>) de MES-PMP Solutions (ci-apr\u00e8s nomm\u00e9 <strong>PMP Solutions<\/strong>), l\u2019utilisateur (l\u2019utilisateur final ou l\u2019organisation que vous repr\u00e9sentez ou pour laquelle vous travaillez, ci-apr\u00e8s nomm\u00e9 l\u2019<strong>Utilisateur<\/strong>) accepte toutes les Conditions d\u2019utilisation indiqu\u00e9es ci-dessous. Ces conditions d\u2019utilisation r\u00e9gissent le contenu et le fonctionnement du Site, y compris la <strong>Politique de protection des renseignements personnels<\/strong> de PMP Solutions.<\/p>\n<p>Ces Conditions d\u2019utilisation ont pour effet de lier juridiquement l\u2019Utilisateur et PMP Solutions (ci-apr\u00e8s les \u00ab <strong>Parties <\/strong>\u00bb). Les Parties sont en droit d\u2019invoquer la pr\u00e9sente convention et de prendre toutes les mesures utiles et n\u00e9cessaires pour la faire respecter.<\/p>\n<p>L\u2019Utilisateur accepte et reconna\u00eet que PMP Solutions se r\u00e9serve le droit, \u00e0 tout moment et sans avertissement pr\u00e9alable, de modifier, de changer ou de mettre \u00e0 jour les Conditions d\u2019utilisation. L\u2019utilisation de la plateforme par l\u2019Utilisateur apr\u00e8s une telle modification constitue un consentement de celui-ci \u00e0 respecter les Conditions d\u2019utilisation ainsi modifi\u00e9es et d\u2019\u00eatre li\u00e9 par celles-ci. PMP Solutions tentera, dans la mesure du possible, d\u2019informer les utilisateurs de tout changement significatif apport\u00e9 aux Conditions d\u2019utilisation, il vous incombe cependant de les examiner r\u00e9guli\u00e8rement afin d\u2019\u00eatre inform\u00e9 des changements qui y sont \u00e9ventuellement apport\u00e9s. Si l\u2019Utilisateur n\u2019accepte pas les pr\u00e9sentes Conditions d\u2019utilisation ou, selon le cas, les Conditions d\u2019utilisation telles que modifi\u00e9es de temps \u00e0 autre, il ne doit pas utiliser le Site de PMP Solutions.<\/p>\n<h2>ACC\u00c8S ET UTILISATION DU SITE WEB DE PMP SOLUTIONS<\/h2>\n<p>Si vous naviguez sur le Site, cela signifie que vous avez lu, compris et accept\u00e9 les Conditions d\u2019utilisation de cette entente.<\/p>\n<p>Le Site est accessible depuis n\u2019importe quel outil (ordinateur, cellulaire intelligent, tablette, etc.) et sur tous les navigateurs. Nous pr\u00e9conisons l\u2019utilisation de Google Chrome et Firefox.<\/p>\n<p>Le Site de PMP Solutions est accessible en tout temps. Il peut arriver que le Site soit temporairement indisponible en cas de mises \u00e0 jour ou de probl\u00e8mes techniques. PMP Solutions n\u2019est pas responsable en cas d\u2019interruption de service ou de mise \u00e0 jour. PMP Solutions essaie d\u2019effectuer les mises \u00e0 jour lorsque l\u2019affluence des visites sur le Site est \u00e0 son plus bas.<\/p>\n<p>PMP Solutions se r\u00e9serve le droit d\u2019ajouter, de supprimer et de modifier tout le contenu qui se trouve sur le Site. PMP Solutions ne peut pas \u00eatre tenu responsable des fautes, des erreurs typographiques et des bogues. Si vous faites part de ce genre de probl\u00e8mes, PMP Solutions fera de son mieux pour corriger promptement la situation.<\/p>\n<p>Chaque Utilisateur du Site s\u2019engage, non limitativement, de ne pas :<\/p>\n<ol>\n<li>utiliser la plateforme d\u2019une fa\u00e7on qui pourrait endommager, mettre hors service, surcharger ou compromettre le Site\u2009;<\/li>\n<li>perturber la s\u00e9curit\u00e9 ou autrement abuser du Site, ni d\u2019aucun service, ressource des syst\u00e8mes, serveurs ou r\u00e9seaux reli\u00e9s au Site, ou \u00e0 des sites affili\u00e9s ou reli\u00e9s ou accessibles \u00e0 travers eux\u2009;<\/li>\n<li>d\u00e9ranger ou perturber l\u2019utilisation ou la jouissance par d\u2019autres services ou des sites affili\u00e9s ou reli\u00e9s\u2009;<\/li>\n<li>utiliser un robot, araign\u00e9e ou autre dispositif automatique ou proc\u00e9d\u00e9 manuel afin de contr\u00f4ler ou copier les pages du Site ou leur contenu\u2009;<\/li>\n<li>transmettre \u00e0 travers le Site des courriels, des cha\u00eenes de lettres, des messages poubelles ou autres types de courriels de masse non sollicit\u00e9s\u2009; et<\/li>\n<li>tenter d\u2019obtenir un acc\u00e8s non autoris\u00e9 au Site ou \u00e0 certaines portions de ceux-ci auxquels l\u2019acc\u00e8s est limit\u00e9.<\/li>\n<\/ol>\n<h2>PROPRI\u00c9T\u00c9 INTELLECTUELLE<\/h2>\n<p class=\"translation-block\">Tous les droits de propri\u00e9t\u00e9 intellectuelle (marque de commerce, droit d\u2019auteur, etc.) (Ci-apr\u00e8s \u00ab <strong>Propri\u00e9t\u00e9 intellectuelle<\/strong> \u00bb) li\u00e9s au Site sont la propri\u00e9t\u00e9 exclusive de PMP Solutions, qui en fait l\u2019exploitation. Vous ne pouvez ni copier ni utiliser le mat\u00e9riel, la structure, le menu, l\u2019apparence ou les caract\u00e8res qui apparaissent sur le Site sans le consentement explicite de PMP Solutions.<\/p>\n<p class=\"translation-block\">Certains noms, mots, titres, expressions, logos, ic\u00f4nes, graphiques, dessins, noms de domaine ou autre, contenus sur le Site peuvent \u00eatre des marques de commerce, des marques de service ou des appellations commerciales, d\u00e9pos\u00e9es ou non d\u00e9pos\u00e9es (aux fins de ces Conditions d\u2019utilisation, elles sont toutes d\u00e9sign\u00e9es par le terme \u00ab\u2009<strong>Marques de commerce<\/strong>\u2009\u00bb). Ces Marques de commerce sont prot\u00e9g\u00e9es par les lois canadiennes et \u00e9trang\u00e8res applicables aux marques de commerce et sont la propri\u00e9t\u00e9 exclusive de PMP Solutions, \u00e0 l\u2019exception des marques de commerce, des logos et du mat\u00e9riel appartenant aux clients et pr\u00e9sent\u00e9 dans la section Nouvelles &amp; \u00e9v\u00e9nements et Biblioth\u00e8que M\u00e9dia du Site.<\/p>\n<p>Sans en limiter la port\u00e9e, les \u00e9l\u00e9ments de Propri\u00e9t\u00e9 intellectuelle appartenant \u00e0 PMP Solutions incluent, non exhaustivement, les \u00e9l\u00e9ments suivants :<\/p>\n<ul>\n<li>Tous les logos, dessins, graphismes, marques (d\u00e9pos\u00e9es ou non), symboles, textes, expressions, mots ainsi que tout le contenu g\u00e9n\u00e9ral du Site.<\/li>\n<\/ul>\n<p>Tous les renseignements fournis sur le Site appartiennent \u00e0 PMP Solutions, et sont prot\u00e9g\u00e9s par les lois applicables en l\u2019esp\u00e8ce. \u00c0 moins d\u2019indication contraire, l\u2019information ne peut autrement \u00eatre copi\u00e9e, affich\u00e9e, distribu\u00e9e, t\u00e9l\u00e9charg\u00e9e, exploit\u00e9e sous licence, modifi\u00e9e, publi\u00e9e, reproduite, r\u00e9utilis\u00e9e, vendue, transmise ou utilis\u00e9e \u00e0 des fins d\u2019\u0153uvres d\u00e9riv\u00e9es, publiques ou commerciales sans une autorisation \u00e9crite et expresse de PMP Solutions. L\u2019information est prot\u00e9g\u00e9e en vertu de la l\u00e9gislation sur le droit d\u2019auteur et les marques de commerce du Canada et des pays qui h\u00e9bergent le Site.<\/p>\n<p>Vous pouvez utiliser l\u2019information exclusivement pour votre usage personnel et non commercial, sous r\u00e9serve que vous r\u00e9f\u00e9renciez sur les copies les mentions concernant les droits d\u2019auteur, les avis et attributions de marques de commerce respectifs. Les pr\u00e9sentes Conditions vous accordent une autorisation restreinte en ce qui a trait \u00e0 la consultation, \u00e0 l\u2019affichage sur votre ordinateur ou votre t\u00e9l\u00e9phone, au t\u00e9l\u00e9chargement et \u00e0 l\u2019impression du texte et des images pr\u00e9sent\u00e9s sur le Site, et ce, uniquement \u00e0 des fins non commerciales, personnelles et \u00e9ducatives, \u00e0 condition que le contenu du Site ne fasse l\u2019objet d\u2019aucune modification. Cette autorisation n\u2019appartient qu\u2019\u00e0 vous\u2009; elle ne peut \u00eatre attribu\u00e9e ou transf\u00e9r\u00e9e \u00e0 une autre personne, ou faire l\u2019objet d\u2019une sous-licence. Les images et le texte contenus sur le Site qui sont t\u00e9l\u00e9charg\u00e9s, copi\u00e9s, enregistr\u00e9s ou imprim\u00e9s sont encore soumis \u00e0 ces Conditions d\u2019utilisation. Vous devez vous assurer que tous les avis concernant les droits d\u2019auteur et les marques y figurent toujours. Le contenu du Site peut \u00eatre modifi\u00e9 en tout temps sans pr\u00e9avis. Pour obtenir de plus amples renseignements concernant l\u2019autorisation d\u2019utiliser, de reproduire ou de publier \u00e0 nouveau toute information pr\u00e9sent\u00e9e sur le Site, veuillez communiquer \u00e0 info@pmpsolutions.ca.<\/p>\n<p>Nulle disposition des pr\u00e9sentes ne doit \u00eatre interpr\u00e9t\u00e9e comme conf\u00e9rant par implication, pr\u00e9clusion ou autrement une licence ou un droit quelconque \u00e0 l\u2019Utilisateur en vertu d\u2019un droit d\u2019auteur ou de marque de commerce.\n\nTout t\u00e9l\u00e9chargement, retransmission, copie ou modification non autoris\u00e9s des marques de commerce ou des donn\u00e9es contenues sur le Site peut contrevenir aux lois f\u00e9d\u00e9rales ou \u00e0 toute autre loi relative aux marques de commerce ou aux droits d\u2019auteur, et pourrait exposer l\u2019Utilisateur \u00e0 des poursuites judiciaires.<\/p>\n<h2>LIENS EXTERNES<\/h2>\n<p class=\"translation-block\">Il se peut qu\u2019en utilisant un hyperlien, vous quittiez le Site pour acc\u00e9der aux sites et aux contenus d\u2019autres clients (ci-apr\u00e8s les \u00ab\u2009<strong>Sites internet externes<\/strong>\u2009\u00bb). PMP Solutions met \u00e0 disposition des utilisateurs, en plus de ses propres contenus, des liens vers des Sites internet externes uniquement \u00e0 titre d\u2019information pour l\u2019usager. PMP Solutions n\u2019a aucun contr\u00f4le sur le contenu de ces Sites internet externes et n\u2019assume aucune responsabilit\u00e9 quant \u00e0 leur exactitude, pr\u00e9cision, exhaustivit\u00e9, authenticit\u00e9, actualit\u00e9 ou ad\u00e9quation avec un but d\u00e9termin\u00e9.<\/p>\n<p>Toute responsabilit\u00e9 de PMP Solutions est exclue, en particulier concernant les dommages directs ou indirects ou les cons\u00e9quences li\u00e9es \u00e0 l\u2019utilisation des contenus de ces sites Internet externes. PMP Solutions n\u2019a aucune influence sur les contenus des Sites internet externes auxquels renvoient les liens. PMP Solutions s\u2019affranchit de toute responsabilit\u00e9 quant aux contenus des liens externes, en particulier \u00e0 ceux qui ont \u00e9t\u00e9 modifi\u00e9s apr\u00e8s la mise en place du lien. PMP Solutions n\u2019exige pas la transmission des informations, ne s\u00e9lectionne pas les destinataires des informations transmises ni les informations elles-m\u00eames, et ne les modifie pas. Aucune sauvegarde interm\u00e9diaire automatique \u00e0 court terme de ces liens externes n\u2019est effectu\u00e9e par PMP Solutions en vertu de la m\u00e9thode de cr\u00e9ation et de consultation des liens en vigueur. Par cons\u00e9quent, la responsabilit\u00e9 du contenu des Sites internet externes accessibles via des liens externes incombe exclusivement \u00e0 leurs exploitants.<\/p>\n<p>En outre, PMP Solutions ne peut nullement garantir l\u2019absence de violation des droits d\u2019auteur ou des marques ou des droits de tiers par ces Sites internet externes ou leur contenu, ni l\u2019absence de virus ou d\u2019autres composantes nuisibles. Aucune garantie n\u2019est apport\u00e9e quant \u00e0 l\u2019authenticit\u00e9 des documents disponibles sur ces Sites internet externes.<\/p>\n<h2>AVIS DE NON-RESPONSABILIT\u00c9, EXCLUSION DE GARANTIE ET INDEMNISATION<\/h2>\n<p>PMP Solutions ne garantit pas l\u2019exactitude, l\u2019int\u00e9gralit\u00e9, la qualit\u00e9, la pertinence ni le contenu de l\u2019information pr\u00e9sente sur son Site. Cette information est fournie telle quelle, sans garantie ni condition que ce soit, expresse ou implicite, y compris, entre autres, les conditions et garanties implicites \u00e0 l\u2019\u00e9gard de la valeur commerciale et de la pertinence pour un but donn\u00e9, sauf dans les territoires qui n\u2019autorisent pas l\u2019exclusion de garanties implicites.<\/p>\n<p>PMP Solutions n\u2019est pas responsable du contenu d\u00e9pos\u00e9 sur le Site par les Utilisateurs et des dommages pouvant en r\u00e9sulter. Chaque Utilisateur est responsable du contenu qu\u2019il \u00e9change sur le Site et ne peut utiliser le Site \u00e0 des fins contraires aux lois applicables au Qu\u00e9bec et au Canada.<\/p>\n<p>PMP Solutions ne pourra \u00eatre tenu responsable de tous dommages directs, indirects, sp\u00e9ciaux, accessoires et cons\u00e9cutifs, ou de tout autre dommage quel qu\u2019il soit, entre autres les pertes de revenus, de profits ou d\u2019avantages \u00e9conomiques anticip\u00e9s d\u00e9coulant de l\u2019utilisation ou de l\u2019impossibilit\u00e9 d\u2019utiliser le Site, les renseignements, documents et logiciels qui s\u2019y trouvent, avec leur contenu, m\u00eame si PMP Solutions a \u00e9t\u00e9 pr\u00e9venu de la possibilit\u00e9 de tels dommages ou m\u00eame si ces dommages peuvent \u00eatre pr\u00e9vus de fa\u00e7on raisonnable.\n\n\u00c0 titre d\u2019Utilisateur, vous indemniserez PMP Solutions, ses directeurs et ses employ\u00e9s, et les d\u00e9gagez de toute responsabilit\u00e9 pour l\u2019ensemble des r\u00e9clamations, responsabilit\u00e9s, pertes et frais (y compris les frais juridiques) attribuables \u00e0 l\u2019utilisation du Site, et\/ou \u00e0 la violation de ces Conditions d\u2019utilisation, que cette infraction soit de vous ou d\u2019un quelconque tiers utilisateur de votre compte.<\/p>\n<p>Vous ne pouvez pas utiliser ou exporter l\u2019information, ni aucune copie ou adaptation de l\u2019information en contravention des lois ou des r\u00e8glements applicables, y compris des lois et r\u00e8glements du Canada en mati\u00e8re d\u2019exportation en vigueur.<\/p>\n<h2>*DROIT APPLICABLE ET TRIBUNAUX COMP\u00c9TENTS*<\/h2>\n<p>Le Site et ses contenus sont g\u00e9r\u00e9s par PMP Solutions \u00e0 partir de ses bureaux situ\u00e9s dans la Province de Qu\u00e9bec au Canada. Le Site et ses contenus, les pr\u00e9sentes Conditions d\u2019utilisation, et votre utilisation du Site sont tous r\u00e9gis par les lois du Qu\u00e9bec et du Canada qui sont applicables, sans donner effet \u00e0 quelque principe que ce soit relatif au conflit de lois.<\/p>\n<p>Vous acceptez que l\u2019ensemble des questions et des litiges concernant le Site et votre utilisation de ceux-ci soient exclusivement tranch\u00e9s par les tribunaux de la province du Qu\u00e9bec.<\/p>\n<p>En outre, toute d\u00e9cision des tribunaux \u00e0 l\u2019effet que l\u2019une des clauses des pr\u00e9sentes Conditions d\u2019utilisation est nulle ou non ex\u00e9cutoire n\u2019a aucun effet sur les autres clauses.<\/p>\n<h2>MODIFICATION DE CES CONDITIONS<\/h2>\n<p><em>PMP Solutions se r\u00e9serve le droit de modifier ou de compl\u00e9ter les pr\u00e9sentes Conditions d\u2019utilisation en tout temps, \u00e0 son enti\u00e8re discr\u00e9tion. Toute modification importante sera publi\u00e9e dans le pr\u00e9sent document et vous sera communiqu\u00e9 par courriel.<\/em><\/p>\n<p>PMP Solutions demande aux utilisateurs de prendre connaissance de la version \u00e0 jour des Conditions d\u2019utilisation. Si vous vous opposez \u00e0 une quelconque modification apport\u00e9e \u00e0 ces Conditions d\u2019utilisation, veuillez cesser toute utilisation du Site. L\u2019utilisation continue de ce service, apr\u00e8s l\u2019entr\u00e9e en vigueur des nouvelles Conditions d\u2019utilisation, constitue votre acceptation de celle-ci.<\/p>\n<h2>PERSONNE RESSOURCE<\/h2>\n<p class=\"translation-block\">Si vous avez des questions ou remarques concernant tout contenu du Site, veuillez nous contacter \u00e0  <a href=\"mailto:info@volcan.ca\" target=\"_self\">info@pmpsolutions.ca<\/a>.<\/p><\/div><div id=\"code_block-5-95\" class=\"ct-code-block\" ><\/div><\/div><\/section>","protected":false},"excerpt":{"rendered":"","protected":false},"author":1,"featured_media":0,"parent":0,"menu_order":28,"comment_status":"closed","ping_status":"closed","template":"","meta":{"_acf_changed":false,"footnotes":""},"class_list":["post-95","page","type-page","status-publish","hentry"],"acf":[],"yoast_head":"<!-- This site is optimized with the Yoast SEO plugin v27.4 - https:\/\/yoast.com\/product\/yoast-seo-wordpress\/ -->\n<title>Terms of Use | PMP SOLUTIONS<\/title>\n<meta name=\"description\" content=\"PMP SOLUTIONS general terms of use\" \/>\n<meta name=\"robots\" content=\"index, follow, max-snippet:-1, max-image-preview:large, max-video-preview:-1\" \/>\n<link rel=\"canonical\" href=\"https:\/\/pmpsolutions.ca\/fr\/conditions-utilisation\/\" \/>\n<meta property=\"og:locale\" content=\"fr_CA\" \/>\n<meta property=\"og:type\" content=\"article\" \/>\n<meta property=\"og:title\" content=\"Terms of Use | PMP SOLUTIONS\" \/>\n<meta property=\"og:description\" content=\"PMP SOLUTIONS general terms of use\" \/>\n<meta property=\"og:url\" content=\"https:\/\/pmpsolutions.ca\/fr\/conditions-utilisation\/\" \/>\n<meta property=\"og:site_name\" content=\"PMP SOLUTIONS\" \/>\n<meta property=\"article:modified_time\" content=\"2023-02-03T16:22:33+00:00\" \/>\n<meta name=\"twitter:card\" content=\"summary_large_image\" \/>\n<script type=\"application\/ld+json\" class=\"yoast-schema-graph\">{\"@context\":\"https:\\\/\\\/schema.org\",\"@graph\":[{\"@type\":\"WebPage\",\"@id\":\"https:\\\/\\\/pmpsolutions.ca\\\/en\\\/terms-of-use\\\/\",\"url\":\"https:\\\/\\\/pmpsolutions.ca\\\/en\\\/terms-of-use\\\/\",\"name\":\"Terms of Use | PMP SOLUTIONS\",\"isPartOf\":{\"@id\":\"https:\\\/\\\/pmpsolutions.ca\\\/#website\"},\"datePublished\":\"2021-07-07T15:10:13+00:00\",\"dateModified\":\"2023-02-03T16:22:33+00:00\",\"description\":\"PMP SOLUTIONS general terms of use\",\"breadcrumb\":{\"@id\":\"https:\\\/\\\/pmpsolutions.ca\\\/en\\\/terms-of-use\\\/#breadcrumb\"},\"inLanguage\":\"fr-CA\",\"potentialAction\":[{\"@type\":\"ReadAction\",\"target\":[\"https:\\\/\\\/pmpsolutions.ca\\\/en\\\/terms-of-use\\\/\"]}]},{\"@type\":\"BreadcrumbList\",\"@id\":\"https:\\\/\\\/pmpsolutions.ca\\\/en\\\/terms-of-use\\\/#breadcrumb\",\"itemListElement\":[{\"@type\":\"ListItem\",\"position\":1,\"name\":\"Home\",\"item\":\"https:\\\/\\\/pmpsolutions.ca\\\/en\\\/\"},{\"@type\":\"ListItem\",\"position\":2,\"name\":\"Terms of Use\"}]},{\"@type\":\"WebSite\",\"@id\":\"https:\\\/\\\/pmpsolutions.ca\\\/#website\",\"url\":\"https:\\\/\\\/pmpsolutions.ca\\\/\",\"name\":\"PMP SOLUTIONS\",\"description\":\"Driving wood transformation\",\"publisher\":{\"@id\":\"https:\\\/\\\/pmpsolutions.ca\\\/#organization\"},\"potentialAction\":[{\"@type\":\"SearchAction\",\"target\":{\"@type\":\"EntryPoint\",\"urlTemplate\":\"https:\\\/\\\/pmpsolutions.ca\\\/?s={search_term_string}\"},\"query-input\":{\"@type\":\"PropertyValueSpecification\",\"valueRequired\":true,\"valueName\":\"search_term_string\"}}],\"inLanguage\":\"fr-CA\"},{\"@type\":\"Organization\",\"@id\":\"https:\\\/\\\/pmpsolutions.ca\\\/#organization\",\"name\":\"PMP SOLUTIONS\",\"url\":\"https:\\\/\\\/pmpsolutions.ca\\\/\",\"logo\":{\"@type\":\"ImageObject\",\"inLanguage\":\"fr-CA\",\"@id\":\"https:\\\/\\\/pmpsolutions.ca\\\/#\\\/schema\\\/logo\\\/image\\\/\",\"url\":\"https:\\\/\\\/pmpsolutions.ca\\\/wp-content\\\/uploads\\\/2021\\\/10\\\/logo-pmp.png\",\"contentUrl\":\"https:\\\/\\\/pmpsolutions.ca\\\/wp-content\\\/uploads\\\/2021\\\/10\\\/logo-pmp.png\",\"width\":288,\"height\":189,\"caption\":\"PMP SOLUTIONS\"},\"image\":{\"@id\":\"https:\\\/\\\/pmpsolutions.ca\\\/#\\\/schema\\\/logo\\\/image\\\/\"},\"sameAs\":[\"https:\\\/\\\/www.linkedin.com\\\/company\\\/pmp-solutions\\\/\",\"https:\\\/\\\/www.youtube.com\\\/channel\\\/UCSPfsI0cvknrEFMS0KPL9nA\"]}]}<\/script>\n<!-- \/ Yoast SEO plugin. -->","yoast_head_json":{"title":"Terms of Use | PMP SOLUTIONS","description":"PMP SOLUTIONS general terms of use","robots":{"index":"index","follow":"follow","max-snippet":"max-snippet:-1","max-image-preview":"max-image-preview:large","max-video-preview":"max-video-preview:-1"},"canonical":"https:\/\/pmpsolutions.ca\/fr\/conditions-utilisation\/","og_locale":"fr_CA","og_type":"article","og_title":"Terms of Use | PMP SOLUTIONS","og_description":"PMP SOLUTIONS general terms of use","og_url":"https:\/\/pmpsolutions.ca\/fr\/conditions-utilisation\/","og_site_name":"PMP SOLUTIONS","article_modified_time":"2023-02-03T16:22:33+00:00","twitter_card":"summary_large_image","schema":{"@context":"https:\/\/schema.org","@graph":[{"@type":"WebPage","@id":"https:\/\/pmpsolutions.ca\/en\/terms-of-use\/","url":"https:\/\/pmpsolutions.ca\/en\/terms-of-use\/","name":"Terms of Use | PMP SOLUTIONS","isPartOf":{"@id":"https:\/\/pmpsolutions.ca\/#website"},"datePublished":"2021-07-07T15:10:13+00:00","dateModified":"2023-02-03T16:22:33+00:00","description":"PMP SOLUTIONS general terms of use","breadcrumb":{"@id":"https:\/\/pmpsolutions.ca\/en\/terms-of-use\/#breadcrumb"},"inLanguage":"fr-CA","potentialAction":[{"@type":"ReadAction","target":["https:\/\/pmpsolutions.ca\/en\/terms-of-use\/"]}]},{"@type":"BreadcrumbList","@id":"https:\/\/pmpsolutions.ca\/en\/terms-of-use\/#breadcrumb","itemListElement":[{"@type":"ListItem","position":1,"name":"Home","item":"https:\/\/pmpsolutions.ca\/en\/"},{"@type":"ListItem","position":2,"name":"Terms of Use"}]},{"@type":"WebSite","@id":"https:\/\/pmpsolutions.ca\/#website","url":"https:\/\/pmpsolutions.ca\/","name":"PMP SOLUTIONS","description":"Driving wood transformation","publisher":{"@id":"https:\/\/pmpsolutions.ca\/#organization"},"potentialAction":[{"@type":"SearchAction","target":{"@type":"EntryPoint","urlTemplate":"https:\/\/pmpsolutions.ca\/?s={search_term_string}"},"query-input":{"@type":"PropertyValueSpecification","valueRequired":true,"valueName":"search_term_string"}}],"inLanguage":"fr-CA"},{"@type":"Organization","@id":"https:\/\/pmpsolutions.ca\/#organization","name":"PMP SOLUTIONS","url":"https:\/\/pmpsolutions.ca\/","logo":{"@type":"ImageObject","inLanguage":"fr-CA","@id":"https:\/\/pmpsolutions.ca\/#\/schema\/logo\/image\/","url":"https:\/\/pmpsolutions.ca\/wp-content\/uploads\/2021\/10\/logo-pmp.png","contentUrl":"https:\/\/pmpsolutions.ca\/wp-content\/uploads\/2021\/10\/logo-pmp.png","width":288,"height":189,"caption":"PMP SOLUTIONS"},"image":{"@id":"https:\/\/pmpsolutions.ca\/#\/schema\/logo\/image\/"},"sameAs":["https:\/\/www.linkedin.com\/company\/pmp-solutions\/","https:\/\/www.youtube.com\/channel\/UCSPfsI0cvknrEFMS0KPL9nA"]}]}},"_links":{"self":[{"href":"https:\/\/pmpsolutions.ca\/fr\/wp-json\/wp\/v2\/pages\/95","targetHints":{"allow":["GET"]}}],"collection":[{"href":"https:\/\/pmpsolutions.ca\/fr\/wp-json\/wp\/v2\/pages"}],"about":[{"href":"https:\/\/pmpsolutions.ca\/fr\/wp-json\/wp\/v2\/types\/page"}],"author":[{"embeddable":true,"href":"https:\/\/pmpsolutions.ca\/fr\/wp-json\/wp\/v2\/users\/1"}],"replies":[{"embeddable":true,"href":"https:\/\/pmpsolutions.ca\/fr\/wp-json\/wp\/v2\/comments?post=95"}],"version-history":[{"count":4,"href":"https:\/\/pmpsolutions.ca\/fr\/wp-json\/wp\/v2\/pages\/95\/revisions"}],"predecessor-version":[{"id":2100,"href":"https:\/\/pmpsolutions.ca\/fr\/wp-json\/wp\/v2\/pages\/95\/revisions\/2100"}],"wp:attachment":[{"href":"https:\/\/pmpsolutions.ca\/fr\/wp-json\/wp\/v2\/media?parent=95"}],"curies":[{"name":"wp","href":"https:\/\/api.w.org\/{rel}","templated":true}]}}