{"id":89,"date":"2021-07-07T15:09:33","date_gmt":"2021-07-07T15:09:33","guid":{"rendered":"https:\/\/pmp.volcan.design\/?page_id=89"},"modified":"2023-09-14T08:14:13","modified_gmt":"2023-09-14T13:14:13","slug":"contact","status":"publish","type":"page","link":"https:\/\/pmpsolutions.ca\/fr\/contactez-nous\/","title":{"rendered":"CONTACT"},"content":{"rendered":"<section id=\"section-3-89\" class=\"ct-section inset-left white header-banner hero-banner\" style=\"background-image:url(https:\/\/pmpsolutions.ca\/wp-content\/uploads\/2023\/03\/satisfied-worker-on-job.jpg);background-size: cover;\" ><div class=\"ct-section-inner-wrap\"><div id=\"new_columns-4-89\" class=\"ct-new-columns\" ><div id=\"div_block-5-89\" class=\"ct-div-block\" ><h1 id=\"headline-7-89\" class=\"ct-headline dentist-heading-one h1 text-uppercase\">CONTACTEZ-NOUS<\/h1><div id=\"text_block-8-89\" class=\"ct-text-block mb-3 hero-text\" >Nous avons vos opinions et vos commentaires \u00e0 coeur. Contactez-nous \u00e0 tout moment pour nous les communiquer. Nous vous r\u00e9pondrons aussit\u00f4t que possible.<\/div><\/div><div id=\"div_block-11-89\" class=\"ct-div-block\" ><\/div><\/div><div id=\"div_block-12-89\" class=\"ct-div-block picto-yellow\" ><img decoding=\"async\"  id=\"image-13-89\" alt=\"\" src=\"https:\/\/pmpsolutions.ca\/wp-content\/uploads\/2021\/09\/graphic-element-yellow.svg\" class=\"ct-image picto-img\" data-paroller-factor=\"-0.3\" data-paroller-type=\"foreground\" data-paroller-direction=\"horizontal\"\/><\/div><\/div><\/section><section id=\"section-2-89\" class=\"ct-section\" ><div class=\"ct-section-inner-wrap\"><\/div><\/section>\n\n\n<div class=\"wp-block-zoho-zoho-forms en-form\"><div id=\"zf_div_zPWF-c32u3cj2a0uA41W4gu3RGDavdlgizLtu9hKtDg\"><\/div>\r\n            <script type=\"text\/javascript\">\r\n                (function() {\r\n                    try{var f = document.createElement(\"iframe\");\r\n            f.src = \"https:\/\/forms.zohopublic.com\/pmpsolutions\/form\/GetinTouch\/formperma\/zPWF-c32u3cj2a0uA41W4gu3RGDavdlgizLtu9hKtDg?zf_rszfm=1&referer_page=Contact\";\r\n            f.style.border=\"none\";\r\n            f.style.height=\"600px\";\r\n            f.style.width=\"100%\";\r\n            f.style.transition=\"all 0.5s ease\";\r\n            f.setAttribute(\"allow\", \"geolocation;microphone;camera\");var d = document.getElementById(\"zf_div_zPWF-c32u3cj2a0uA41W4gu3RGDavdlgizLtu9hKtDg\");\r\n            d.appendChild(f);window.addEventListener(\"message\", function () {\r\n                var evntData = event.data;\r\n                if(evntData && evntData.constructor == String) {\r\n                    var zf_ifrm_data = evntData.split(\"|\");\r\n                    if(zf_ifrm_data.length == 2 || zf_ifrm_data.length == 3) {\r\n                        var zf_perma = zf_ifrm_data[0];\r\n                        var zf_ifrm_ht_nw = (parseInt(zf_ifrm_data[1], 10) + 15) + \"px\";\r\n                        var iframe = document.getElementById(\"zf_div_zPWF-c32u3cj2a0uA41W4gu3RGDavdlgizLtu9hKtDg\").getElementsByTagName(\"iframe\")[0];\r\n                        if((iframe.src).indexOf(\"formperma\") > 0 && (iframe.src).indexOf(zf_perma) > 0) {\r\n                            var prevIframeHeight = iframe.style.height;\r\n                            var zf_tout = false;\r\n                            if(zf_ifrm_data.length == 3) {\r\n                                iframe.scrollIntoView();\r\n                                zf_tout = true;\r\n                            }\r\n                            if(prevIframeHeight != zf_ifrm_ht_nw) {\r\n                                if(zf_tout) {\r\n                                    setTimeout(function() {\r\n                                        iframe.style.height = zf_ifrm_ht_nw;\r\n                                    }, 500);\r\n                                } else {\r\n                                    iframe.style.height = zf_ifrm_ht_nw;\r\n                                }\r\n                            }\r\n                        }\r\n                    }\r\n                }\r\n            }, false);}catch(e){}\r\n                })();\r\n            <\/script><\/div>\n\n\n\n<div class=\"wp-block-zoho-zoho-forms fr-form\"><div id=\"zf_div_4mGFqhENRCnylHLsbekKOZT3_53z80jUmd1r0UZyLGw\"><\/div>\r\n            <script type=\"text\/javascript\">\r\n                (function() {\r\n                    try{var f = document.createElement(\"iframe\");\r\n            f.src = \"https:\/\/forms.zohopublic.com\/pmpsolutions\/form\/Requtedecontact\/formperma\/4mGFqhENRCnylHLsbekKOZT3_53z80jUmd1r0UZyLGw?zf_rszfm=1&referer_page=contact\";\r\n            f.style.border=\"none\";\r\n            f.style.height=\"600px\";\r\n            f.style.width=\"100%\";\r\n            f.style.transition=\"all 0.5s ease\";\r\n            f.setAttribute(\"allow\", \"geolocation;microphone;camera\");var d = document.getElementById(\"zf_div_4mGFqhENRCnylHLsbekKOZT3_53z80jUmd1r0UZyLGw\");\r\n            d.appendChild(f);window.addEventListener(\"message\", function () {\r\n                var evntData = event.data;\r\n                if(evntData && evntData.constructor == String) {\r\n                    var zf_ifrm_data = evntData.split(\"|\");\r\n                    if(zf_ifrm_data.length == 2 || zf_ifrm_data.length == 3) {\r\n                        var zf_perma = zf_ifrm_data[0];\r\n                        var zf_ifrm_ht_nw = (parseInt(zf_ifrm_data[1], 10) + 15) + \"px\";\r\n                        var iframe = document.getElementById(\"zf_div_4mGFqhENRCnylHLsbekKOZT3_53z80jUmd1r0UZyLGw\").getElementsByTagName(\"iframe\")[0];\r\n                        if((iframe.src).indexOf(\"formperma\") > 0 && (iframe.src).indexOf(zf_perma) > 0) {\r\n                            var prevIframeHeight = iframe.style.height;\r\n                            var zf_tout = false;\r\n                            if(zf_ifrm_data.length == 3) {\r\n                                iframe.scrollIntoView();\r\n                                zf_tout = true;\r\n                            }\r\n                            if(prevIframeHeight != zf_ifrm_ht_nw) {\r\n                                if(zf_tout) {\r\n                                    setTimeout(function() {\r\n                                        iframe.style.height = zf_ifrm_ht_nw;\r\n                                    }, 500);\r\n                                } else {\r\n                                    iframe.style.height = zf_ifrm_ht_nw;\r\n                                }\r\n                            }\r\n                        }\r\n                    }\r\n                }\r\n            }, false);}catch(e){}\r\n                })();\r\n            <\/script><\/div>\n\n\n<div id=\"div_block-100-74\" class=\"ct-div-block ss-img-right alignfull\" ><div id=\"div_block-103-74\" class=\"ct-div-block ss-text-ctn\" ><h2 id=\"headline-104-74\" class=\"ct-headline h4 ss-title\">ou appelez nous au :<\/h2><div id=\"_rich_text-105-74\" class=\"oxy-rich-text ss-text\" ><h4 style=\"text-align: left;\">+1 581-891-7677<\/h4><\/div><\/div><div id=\"div_block-101-74\" class=\"ct-div-block ss-img-ctn\" ><img decoding=\"async\"  id=\"image-102-74\" alt=\"Various hands trying to mesh different gears\" src=\"https:\/\/pmpsolutions.ca\/wp-content\/uploads\/2021\/12\/hands-gears-wood-background.png\" class=\"ct-image\"\/><\/div><\/div>","protected":false},"excerpt":{"rendered":"","protected":false},"author":1,"featured_media":0,"parent":0,"menu_order":29,"comment_status":"closed","ping_status":"closed","template":"","meta":{"_acf_changed":false,"footnotes":""},"class_list":["post-89","page","type-page","status-publish","hentry"],"acf":[],"yoast_head":"<!-- This site is optimized with the Yoast SEO plugin v27.4 - https:\/\/yoast.com\/product\/yoast-seo-wordpress\/ -->\n<title>Contact us | PMP SOLUTIONS<\/title>\n<meta name=\"description\" content=\"Whether you have a question, need help, or anything else, we&#039;re always happy when you get in touch with us.\" \/>\n<meta name=\"robots\" content=\"index, follow, max-snippet:-1, max-image-preview:large, max-video-preview:-1\" \/>\n<link rel=\"canonical\" href=\"https:\/\/pmpsolutions.ca\/fr\/contactez-nous\/\" \/>\n<meta property=\"og:locale\" content=\"fr_CA\" \/>\n<meta property=\"og:type\" content=\"article\" \/>\n<meta property=\"og:title\" content=\"Contact us | PMP SOLUTIONS\" \/>\n<meta property=\"og:description\" content=\"Whether you have a question, need help, or anything else, we&#039;re always happy when you get in touch with us.\" \/>\n<meta property=\"og:url\" content=\"https:\/\/pmpsolutions.ca\/fr\/contactez-nous\/\" \/>\n<meta property=\"og:site_name\" content=\"PMP SOLUTIONS\" \/>\n<meta property=\"article:modified_time\" content=\"2023-09-14T13:14:13+00:00\" \/>\n<meta name=\"twitter:card\" content=\"summary_large_image\" \/>\n<meta name=\"twitter:label1\" content=\"Estimation du temps de lecture\" \/>\n\t<meta name=\"twitter:data1\" content=\"1 minute\" \/>\n<script type=\"application\/ld+json\" class=\"yoast-schema-graph\">{\"@context\":\"https:\\\/\\\/schema.org\",\"@graph\":[{\"@type\":\"WebPage\",\"@id\":\"https:\\\/\\\/pmpsolutions.ca\\\/contact\\\/\",\"url\":\"https:\\\/\\\/pmpsolutions.ca\\\/contact\\\/\",\"name\":\"Contact us | PMP SOLUTIONS\",\"isPartOf\":{\"@id\":\"https:\\\/\\\/pmpsolutions.ca\\\/#website\"},\"datePublished\":\"2021-07-07T15:09:33+00:00\",\"dateModified\":\"2023-09-14T13:14:13+00:00\",\"description\":\"Whether you have a question, need help, or anything else, we're always happy when you get in touch with us.\",\"breadcrumb\":{\"@id\":\"https:\\\/\\\/pmpsolutions.ca\\\/contact\\\/#breadcrumb\"},\"inLanguage\":\"fr-CA\",\"potentialAction\":[{\"@type\":\"ReadAction\",\"target\":[\"https:\\\/\\\/pmpsolutions.ca\\\/contact\\\/\"]}]},{\"@type\":\"BreadcrumbList\",\"@id\":\"https:\\\/\\\/pmpsolutions.ca\\\/contact\\\/#breadcrumb\",\"itemListElement\":[{\"@type\":\"ListItem\",\"position\":1,\"name\":\"Home\",\"item\":\"https:\\\/\\\/pmpsolutions.ca\\\/en\\\/\"},{\"@type\":\"ListItem\",\"position\":2,\"name\":\"Contact\"}]},{\"@type\":\"WebSite\",\"@id\":\"https:\\\/\\\/pmpsolutions.ca\\\/#website\",\"url\":\"https:\\\/\\\/pmpsolutions.ca\\\/\",\"name\":\"PMP SOLUTIONS\",\"description\":\"Driving wood transformation\",\"publisher\":{\"@id\":\"https:\\\/\\\/pmpsolutions.ca\\\/#organization\"},\"potentialAction\":[{\"@type\":\"SearchAction\",\"target\":{\"@type\":\"EntryPoint\",\"urlTemplate\":\"https:\\\/\\\/pmpsolutions.ca\\\/?s={search_term_string}\"},\"query-input\":{\"@type\":\"PropertyValueSpecification\",\"valueRequired\":true,\"valueName\":\"search_term_string\"}}],\"inLanguage\":\"fr-CA\"},{\"@type\":\"Organization\",\"@id\":\"https:\\\/\\\/pmpsolutions.ca\\\/#organization\",\"name\":\"PMP SOLUTIONS\",\"url\":\"https:\\\/\\\/pmpsolutions.ca\\\/\",\"logo\":{\"@type\":\"ImageObject\",\"inLanguage\":\"fr-CA\",\"@id\":\"https:\\\/\\\/pmpsolutions.ca\\\/#\\\/schema\\\/logo\\\/image\\\/\",\"url\":\"https:\\\/\\\/pmpsolutions.ca\\\/wp-content\\\/uploads\\\/2021\\\/10\\\/logo-pmp.png\",\"contentUrl\":\"https:\\\/\\\/pmpsolutions.ca\\\/wp-content\\\/uploads\\\/2021\\\/10\\\/logo-pmp.png\",\"width\":288,\"height\":189,\"caption\":\"PMP SOLUTIONS\"},\"image\":{\"@id\":\"https:\\\/\\\/pmpsolutions.ca\\\/#\\\/schema\\\/logo\\\/image\\\/\"},\"sameAs\":[\"https:\\\/\\\/www.linkedin.com\\\/company\\\/pmp-solutions\\\/\",\"https:\\\/\\\/www.youtube.com\\\/channel\\\/UCSPfsI0cvknrEFMS0KPL9nA\"]}]}<\/script>\n<!-- \/ Yoast SEO plugin. -->","yoast_head_json":{"title":"Contact us | PMP SOLUTIONS","description":"Whether you have a question, need help, or anything else, we're always happy when you get in touch with us.","robots":{"index":"index","follow":"follow","max-snippet":"max-snippet:-1","max-image-preview":"max-image-preview:large","max-video-preview":"max-video-preview:-1"},"canonical":"https:\/\/pmpsolutions.ca\/fr\/contactez-nous\/","og_locale":"fr_CA","og_type":"article","og_title":"Contact us | PMP SOLUTIONS","og_description":"Whether you have a question, need help, or anything else, we're always happy when you get in touch with us.","og_url":"https:\/\/pmpsolutions.ca\/fr\/contactez-nous\/","og_site_name":"PMP SOLUTIONS","article_modified_time":"2023-09-14T13:14:13+00:00","twitter_card":"summary_large_image","twitter_misc":{"Estimation du temps de lecture":"1 minute"},"schema":{"@context":"https:\/\/schema.org","@graph":[{"@type":"WebPage","@id":"https:\/\/pmpsolutions.ca\/contact\/","url":"https:\/\/pmpsolutions.ca\/contact\/","name":"Contact us | PMP SOLUTIONS","isPartOf":{"@id":"https:\/\/pmpsolutions.ca\/#website"},"datePublished":"2021-07-07T15:09:33+00:00","dateModified":"2023-09-14T13:14:13+00:00","description":"Whether you have a question, need help, or anything else, we're always happy when you get in touch with us.","breadcrumb":{"@id":"https:\/\/pmpsolutions.ca\/contact\/#breadcrumb"},"inLanguage":"fr-CA","potentialAction":[{"@type":"ReadAction","target":["https:\/\/pmpsolutions.ca\/contact\/"]}]},{"@type":"BreadcrumbList","@id":"https:\/\/pmpsolutions.ca\/contact\/#breadcrumb","itemListElement":[{"@type":"ListItem","position":1,"name":"Home","item":"https:\/\/pmpsolutions.ca\/en\/"},{"@type":"ListItem","position":2,"name":"Contact"}]},{"@type":"WebSite","@id":"https:\/\/pmpsolutions.ca\/#website","url":"https:\/\/pmpsolutions.ca\/","name":"PMP SOLUTIONS","description":"Driving wood transformation","publisher":{"@id":"https:\/\/pmpsolutions.ca\/#organization"},"potentialAction":[{"@type":"SearchAction","target":{"@type":"EntryPoint","urlTemplate":"https:\/\/pmpsolutions.ca\/?s={search_term_string}"},"query-input":{"@type":"PropertyValueSpecification","valueRequired":true,"valueName":"search_term_string"}}],"inLanguage":"fr-CA"},{"@type":"Organization","@id":"https:\/\/pmpsolutions.ca\/#organization","name":"PMP SOLUTIONS","url":"https:\/\/pmpsolutions.ca\/","logo":{"@type":"ImageObject","inLanguage":"fr-CA","@id":"https:\/\/pmpsolutions.ca\/#\/schema\/logo\/image\/","url":"https:\/\/pmpsolutions.ca\/wp-content\/uploads\/2021\/10\/logo-pmp.png","contentUrl":"https:\/\/pmpsolutions.ca\/wp-content\/uploads\/2021\/10\/logo-pmp.png","width":288,"height":189,"caption":"PMP SOLUTIONS"},"image":{"@id":"https:\/\/pmpsolutions.ca\/#\/schema\/logo\/image\/"},"sameAs":["https:\/\/www.linkedin.com\/company\/pmp-solutions\/","https:\/\/www.youtube.com\/channel\/UCSPfsI0cvknrEFMS0KPL9nA"]}]}},"_links":{"self":[{"href":"https:\/\/pmpsolutions.ca\/fr\/wp-json\/wp\/v2\/pages\/89","targetHints":{"allow":["GET"]}}],"collection":[{"href":"https:\/\/pmpsolutions.ca\/fr\/wp-json\/wp\/v2\/pages"}],"about":[{"href":"https:\/\/pmpsolutions.ca\/fr\/wp-json\/wp\/v2\/types\/page"}],"author":[{"embeddable":true,"href":"https:\/\/pmpsolutions.ca\/fr\/wp-json\/wp\/v2\/users\/1"}],"replies":[{"embeddable":true,"href":"https:\/\/pmpsolutions.ca\/fr\/wp-json\/wp\/v2\/comments?post=89"}],"version-history":[{"count":25,"href":"https:\/\/pmpsolutions.ca\/fr\/wp-json\/wp\/v2\/pages\/89\/revisions"}],"predecessor-version":[{"id":2991,"href":"https:\/\/pmpsolutions.ca\/fr\/wp-json\/wp\/v2\/pages\/89\/revisions\/2991"}],"wp:attachment":[{"href":"https:\/\/pmpsolutions.ca\/fr\/wp-json\/wp\/v2\/media?parent=89"}],"curies":[{"name":"wp","href":"https:\/\/api.w.org\/{rel}","templated":true}]}}