{"id":74,"date":"2021-07-07T15:07:12","date_gmt":"2021-07-07T15:07:12","guid":{"rendered":"https:\/\/pmp.volcan.design\/?page_id=74"},"modified":"2023-10-02T15:52:32","modified_gmt":"2023-10-02T20:52:32","slug":"products","status":"publish","type":"page","link":"https:\/\/pmpsolutions.ca\/fr\/produits\/","title":{"rendered":"PRODUITS"},"content":{"rendered":"<section id=\"section-102-234\" class=\"ct-section inset-left white header-banner hero-banner alignfull bloc-hero-banner\" style=\"background-image:url(https:\/\/pmpsolutions.ca\/wp-content\/uploads\/2023\/04\/pmp-weplane-hero.jpg);background-size: cover;\" ><div class=\"ct-section-inner-wrap\"><div id=\"new_columns-103-234\" class=\"ct-new-columns\" ><div id=\"div_block-104-234\" class=\"ct-div-block hero-text-ctn\" ><div id=\"text_block-21-258\" class=\"ct-text-block section-name hero-top-text\" ><br><\/div><h1 id=\"headline-105-234\" class=\"ct-headline h1 text-uppercase hero-title\">Produits PMP SOLUTIONS<\/h1><div id=\"text_block-106-234\" class=\"ct-text-block mb-3 hero-text\" ><b>Permettez \u00e0 vos employ\u00e9s de mieux faire<\/b><div>Nous travaillons avec les propri\u00e9taires, op\u00e9rateurs et gestionnaires d'usines de transformation du bois depuis plus de 15 ans. PMP TeamMate est l'incarnation de toutes ces ann\u00e9es d'exp\u00e9rience sur le plancher. D\u00e9couvrez comment PMP SOLUTIONS vous permet de <b>mieux travailler<\/b>.<\/div><\/div><\/div><div id=\"div_block-108-234\" class=\"ct-div-block\" ><\/div><\/div><div id=\"div_block-22-258\" class=\"ct-div-block picto-yellow\" ><img decoding=\"async\"  id=\"image-23-258\" alt=\"\" src=\"https:\/\/pmpsolutions.ca\/wp-content\/uploads\/2021\/09\/graphic-element-yellow.svg\" class=\"ct-image picto-img\" data-paroller-factor=\"-0.3\" data-paroller-type=\"foreground\" data-paroller-direction=\"horizontal\"\/><\/div><\/div><\/section>\n\n<section id=\"section-109-234\" class=\"ct-section cta-intro-text-wrapper\" ><div class=\"ct-section-inner-wrap\"><div id=\"div_block-261-234\" class=\"ct-div-block cta-intro-text-title\" ><h2 id=\"headline-256-234\" class=\"ct-headline mb-4 h3\">Notre expertise nous diff\u00e9rencie<\/h2><div id=\"text_block-259-234\" class=\"ct-text-block cta-intro-text\" >Nous comprenons les usines et comment elles fonctionnent. Nous sommes des ing\u00e9nieurs qui avons votre succ\u00e8s \u00e0 coeur. Nous avons d\u00e9velopp\u00e9 des outils qui vous permettent de tirer profit de vos donn\u00e9es intelligemment, afin de mieux utiliser votre temps et vos ressources pour d\u00e9cider et optimiser.<\/div><\/div><a id=\"link_button-111-234\" class=\"ct-link-button mt-4 btn mt-3 btn-2 cta-intro-text-btn\" href=\"#show-form-get-a-quote\" target=\"_self\"  >Parlez \u00e0 un expert<\/a><\/div><\/section>\n\n<div id=\"div_block-9-262\" class=\"ct-div-block ss-img-left alignfull\" ><div id=\"div_block-15-262\" class=\"ct-div-block ss-img-ctn\" ><img decoding=\"async\"  id=\"image-16-262\" alt=\"Vue a\u00e9rienne d&#039;une scierie sur le bord de l&#039;eau\" src=\"https:\/\/pmpsolutions.ca\/wp-content\/uploads\/2023\/04\/mill-aerial-view.jpg\" class=\"ct-image\"\/><\/div><div id=\"div_block-10-262\" class=\"ct-div-block ss-text-ctn\" ><h2 id=\"headline-11-262\" class=\"ct-headline h4 ss-title\">Transformez vos donn\u00e9es en information qui vous permet d'agir<\/h2><div id=\"_rich_text-12-262\" class=\"oxy-rich-text ss-text\" ><p style=\"text-align: left;\">Vos gens, processus et \u00e9quipements g\u00e9n\u00e8rent une tonne de donn\u00e9es. PMP TeamMate les capture, les structure et les transforme en <strong>information<\/strong> pertinente qui vous permet d' <strong>agir<\/strong>.<\/p>\n<p style=\"text-align: left;\">Le bruit de certains tableaux de bord peut avoir un effet calmant, mais ils n'offrent aucune garantie que la bonne information est disponible lorsque vous en avez le plus besoin. Lorsque les donn\u00e9es ont un sens, vous obtenez de meilleures d\u00e9cisions.<\/p>\n<p style=\"text-align: left;\">Gr\u00e2ce \u00e0 plus de 15 ans d'exp\u00e9rience et de savoir-faire, PMP TeamMate est con\u00e7u pour donner la bonne information aux bonnes personnes au bon moment, ce qui leur permet de voir imm\u00e9diatement les effets de leurs d\u00e9cisions sur la qualit\u00e9, la performance et le succ\u00e8s.<\/p>\n<p>Comme son nom l'indique, PMP TeamMate encourage vos \u00e9quipes \u00e0 travailler de concert pour trouver des solutions \u00e0 vos probl\u00e8mes.<\/p><\/div><\/div><\/div>\n\n<div id=\"div_block-100-74\" class=\"ct-div-block ss-img-right alignfull\" ><div id=\"div_block-103-74\" class=\"ct-div-block ss-text-ctn\" ><h2 id=\"headline-104-74\" class=\"ct-headline h4 ss-title\">Votre partenaire vers le succ\u00e8s<\/h2><div id=\"_rich_text-105-74\" class=\"oxy-rich-text ss-text\" ><p style=\"text-align: left;\">Les modules de PMP TeamMate ont d\u00e9montr\u00e9 (dans plus de 100 usines en Am\u00e9rique du Nord) qu'ils g\u00e9n\u00e8rent un retour sur investissement en moins d'un an. Dans certains cas, vous pouvez m\u00eame voir un retour en si peu que quelques semaines apr\u00e8s le d\u00e9ploiement.<\/p>\n<p style=\"text-align: left;\">Les raisons en sont simples : PMP TeamMate est con\u00e7u SP\u00c9CIFIQUEMENT pour les usines de transformation du bois, nous d\u00e9ployons&nbsp;<strong>sans interrompre vos op\u00e9rations<\/strong> avec peu d'efforts de votre part, ce qui en fait une vraie solution cl\u00e9 en main.<\/p>\n<p style=\"text-align: left;\">Contrairement \u00e0 d'autres offres sur le march\u00e9, une fois PMP TeamMate fonctionnel, on ne vous laisse pas \u00e0 vous-m\u00eame pour le faire fonctionner. D'autres vous offriront de beaux tableaux de bord, mais vous laisse vous d\u00e9brouiller seuls une fois livr\u00e9s, et ce parce qu'ils ne comprennent pas vos usines. Nous les comprenons. PMP TeamMate est con\u00e7u pour vous par des gens comme vous, et nous nous engageons \u00e0 vous voir r\u00e9ussir, et ce bien longtemps apr\u00e8s le d\u00e9ploiement.<\/p><\/div><a id=\"link_button-106-74\" class=\"ct-link-button btn btn-outline black ss-btn\" href=\"https:\/\/pmpsolutions.ca\/fr\/ressources\/calculez-vos-gains\/\" target=\"_self\"  >Calculez ce que vous pourriez gagner<\/a><\/div><div id=\"div_block-101-74\" class=\"ct-div-block ss-img-ctn\" ><img decoding=\"async\"  id=\"image-102-74\" alt=\"Main avec un rouleau d&#039;argent am\u00e9ricain\" src=\"https:\/\/pmpsolutions.ca\/wp-content\/uploads\/2021\/11\/wad-of-money.jpg\" class=\"ct-image\"\/><\/div><\/div>\n\n\n<hr class=\"wp-block-separator has-css-opacity is-style-default\"\/>\n\n\n<div class=\"wp-block-image is-style-rounded\">\n<figure class=\"aligncenter size-thumbnail\"><img loading=\"lazy\" decoding=\"async\" width=\"150\" height=\"150\" src=\"https:\/\/pmpsolutions.ca\/wp-content\/uploads\/2023\/04\/eric-rousseau-bois-lib-150x150.jpg\" alt=\"\u00c9ric ROUSSEAU, Directeur g\u00e9n\u00e9ral chez Groupe Lignarex\" class=\"wp-image-2845\" srcset=\"https:\/\/pmpsolutions.ca\/wp-content\/uploads\/2023\/04\/eric-rousseau-bois-lib-150x150.jpg 150w, https:\/\/pmpsolutions.ca\/wp-content\/uploads\/2023\/04\/eric-rousseau-bois-lib-300x300.jpg 300w, https:\/\/pmpsolutions.ca\/wp-content\/uploads\/2023\/04\/eric-rousseau-bois-lib-768x768.jpg 768w, https:\/\/pmpsolutions.ca\/wp-content\/uploads\/2023\/04\/eric-rousseau-bois-lib-12x12.jpg 12w, https:\/\/pmpsolutions.ca\/wp-content\/uploads\/2023\/04\/eric-rousseau-bois-lib.jpg 800w\" sizes=\"auto, (max-width: 150px) 100vw, 150px\" \/><\/figure>\n<\/div>\n\n\n<blockquote class=\"wp-block-quote has-text-align-center is-style-large is-layout-flow wp-block-quote-is-layout-flow\">\n<p>\u00ab Indispensable. Engage tous mes employ\u00e9s. \u00bb<\/p>\n<cite class=\"translation-block\">\u2014 \u00c9ric ROUSSEAU, <em>Directeur g\u00e9n\u00e9ral chez Groupe Lignarex<\/em><\/cite><\/blockquote>\n\n\n\n<hr class=\"wp-block-separator has-css-opacity is-style-default\"\/>\n\n\n<section id=\"section-1-337\" class=\"ct-section\" ><div class=\"ct-section-inner-wrap\"><h3 id=\"headline-2-337\" class=\"ct-headline h4 img-center-title\">Ma\u00eetrisez les 3 piliers de vos op\u00e9rations<\/h3><div id=\"_rich_text-3-337\" class=\"oxy-rich-text img-center-text\" ><p>Chez PMP SOLUTIONS, nous comprenons que le pass\u00e9 est garant du futur. Une fois une production termin\u00e9e, vous r\u00e9agissez au pass\u00e9. Sachant ceci, vous pouvez constater que PMP TeamMate est con\u00e7u pour vous aider \u00e0 planifier et ensuite ajuster le pr\u00e9sent pour obtenir ce que vous voulez.<\/p><\/div><img decoding=\"async\"  id=\"image-4-337\" alt=\"Les 3 piliers des op\u00e9rations d&#039;une usine\" src=\"https:\/\/pmpsolutions.ca\/wp-content\/uploads\/2022\/01\/vue-aerienne-usine-3-piliers.png\" class=\"ct-image img-center\"\/><\/div><\/section>\n\n\n<h4 class=\"wp-block-heading has-text-align-center\">PILIER 1 : LE PASS\u00c9<\/h4>\n\n\n<div id=\"div_block-9-262\" class=\"ct-div-block ss-img-left alignfull\" ><div id=\"div_block-15-262\" class=\"ct-div-block ss-img-ctn\" ><img decoding=\"async\"  id=\"image-16-262\" alt=\"Inventaire dans le temps de PMP WeTrack sur un \u00e9cran de portable\" src=\"https:\/\/pmpsolutions.ca\/wp-content\/uploads\/2023\/04\/pmp-wetrack.jpg\" class=\"ct-image\"\/><\/div><div id=\"div_block-10-262\" class=\"ct-div-block ss-text-ctn\" ><h2 id=\"headline-11-262\" class=\"ct-headline h4 ss-title\">PMP WeTrack \u2014 Fiable. Tout simplement.<\/h2><div id=\"_rich_text-12-262\" class=\"oxy-rich-text ss-text\" ><p>Une compr\u00e9hension compl\u00e8te, claire et concise de votre inventaire, qu'il provienne de la scierie, des s\u00e9choirs ou de l'usine de rabotage (en d'autres mots, la <strong>tra\u00e7abilit\u00e9<\/strong>est fondamentale \u00e0 la bonne planification de vos ventes et op\u00e9rations.<\/p>\n<p>Avec PMP WeTrack\u2122, vous saurez exactement ce qui se trouve dans votre cour, quand il y entre, quand il en sort et s'il est mouill\u00e9 ou trop sec, pour une meilleure gestion strat\u00e9gique.<\/p><\/div><a id=\"link_button-13-262\" class=\"ct-link-button btn btn-outline black ss-btn\" href=\"https:\/\/pmpsolutions.ca\/fr\/produits\/pmp-wetrack\/\" target=\"_self\"  >D\u00e9couvrir<\/a><\/div><\/div>\n\n\n<h4 class=\"wp-block-heading has-text-align-center\">PILIER 2 : LE PR\u00c9SENT<\/h4>\n\n\n<div id=\"div_block-100-74\" class=\"ct-div-block ss-img-right alignfull\" ><div id=\"div_block-103-74\" class=\"ct-div-block ss-text-ctn\" ><h2 id=\"headline-104-74\" class=\"ct-headline h4 ss-title\">PMP WeSaw \u2014 Les bonnes donn\u00e9es. Avant qu'il ne soit trop tard.<\/h2><div id=\"_rich_text-105-74\" class=\"oxy-rich-text ss-text\" ><p>De l'entr\u00e9e \u00e0 la sortie de la scierie, il est crucial que vos op\u00e9rateurs sachent exactement ce qui entre, si c'est optimal pour la recette en cours, si ce qui est produit est hors dimensions et pourquoi, entre autres indicateurs cl\u00e9s. Avoir cette information au bon moment, avant que le bois soit dans la cour, peut faire la diff\u00e9rence entre une production r\u00e9ussie et une qui n'atteint pas ses objectifs.<\/p>\n<p>Avec les tableaux de bord temps r\u00e9el de PMP WeSaw\u2122, vous pouvez facilement configurer des alertes qui permettent \u00e0 vos op\u00e9rateurs d'\u00eatre proactifs et de r\u00e9soudre des probl\u00e8mes avant de perdre le contr\u00f4le de la production en cours.<\/p><\/div><a id=\"link_button-106-74\" class=\"ct-link-button btn btn-outline black ss-btn\" href=\"https:\/\/pmpsolutions.ca\/fr\/produits\/pmp-wesaw\/\" target=\"_self\"  >D\u00e9couvrir<\/a><\/div><div id=\"div_block-101-74\" class=\"ct-div-block ss-img-ctn\" ><img decoding=\"async\"  id=\"image-102-74\" alt=\"Homme qui regarde les bacs et une grue \u00e0 l&#039;entr\u00e9e de la scierie\" src=\"https:\/\/pmpsolutions.ca\/wp-content\/uploads\/2023\/04\/pmp-wesaw.jpg\" class=\"ct-image\"\/><\/div><\/div>\n\n<div id=\"div_block-9-262\" class=\"ct-div-block ss-img-left alignfull\" ><div id=\"div_block-15-262\" class=\"ct-div-block ss-img-ctn\" ><img decoding=\"async\"  id=\"image-16-262\" alt=\"Rapport PMP WeDry sur un \u00e9cran de portable\" src=\"https:\/\/pmpsolutions.ca\/wp-content\/uploads\/2023\/04\/pmp-wedry.jpg\" class=\"ct-image\"\/><\/div><div id=\"div_block-10-262\" class=\"ct-div-block ss-text-ctn\" ><h2 id=\"headline-11-262\" class=\"ct-headline h4 ss-title\">PMP WeDry \u2014 Ma\u00eetriser votre s\u00e9chage. Am\u00e9liorez votre qualit\u00e9.<\/h2><div id=\"_rich_text-12-262\" class=\"oxy-rich-text ss-text\" ><p>Le s\u00e9chage du bois est essentiel \u00e0 l'obtention de produits de qualit\u00e9. Le taux d'humidit\u00e9 est tr\u00e8s difficile \u00e0 contr\u00f4ler et les s\u00e9choirs sont des \u00e9quipements co\u00fbteux \u00e0 op\u00e9rer. Un s\u00e9choir partiellement plein ou le m\u00e9lange d'esp\u00e8ces et de dimensions qui ne s\u00e8chent pas bien ensemble est aussi co\u00fbteux.<\/p>\n<p>PMP WeDry\u2122 poss\u00e8de les outils n\u00e9cessaires pour optimiser vos chargements et vos recettes de s\u00e9chage, ainsi que planifier vos s\u00e9choirs. Il offre aussi une vaste gamme de rapports (lots, chargements, efficacit\u00e9 du s\u00e9chage, etc.) qui vous permettent de maximiser la qualit\u00e9 et minimiser les probl\u00e8mes au rabotage.<\/p><\/div><a id=\"link_button-13-262\" class=\"ct-link-button btn btn-outline black ss-btn\" href=\"https:\/\/pmpsolutions.ca\/fr\/produits\/pmp-wedry\/\" target=\"_self\"  >D\u00e9couvrir<\/a><\/div><\/div>\n\n<div id=\"div_block-100-74\" class=\"ct-div-block ss-img-right alignfull\" ><div id=\"div_block-103-74\" class=\"ct-div-block ss-text-ctn\" ><h2 id=\"headline-104-74\" class=\"ct-headline h4 ss-title\">PMP WePlane \u2014 Cessez de r\u00e9agir. Commencez \u00e0 collaborer.<\/h2><div id=\"_rich_text-105-74\" class=\"oxy-rich-text ss-text\" ><p>Le rabotage est la derni\u00e8re \u00e9tape dans la transformation du bois, o\u00f9 vous devez tirer le meilleur parti des r\u00e9sultats que vous avez obtenu au sciage et au s\u00e9chage. En surveillant et en analysant les performances de votre rabotage, vous serez en mesure d\u2019ouvrir une vraie conversation entre les op\u00e9rations et la direction qui donnera les meilleurs r\u00e9sultats possibles et vous permettra d\u2019am\u00e9liorer vos performances avec le temps.<\/p>\n<p>PMP WePlane\u2122 poss\u00e8de de puissants outils de surveillance, de diagnostiques et d'analyse qui vous permettront d'arriver \u00e0 des d\u00e9cisions strat\u00e9giques qui auront un impact positif sur vos op\u00e9rations et augmenteront la valeur de votre panier de produits.<\/p><\/div><a id=\"link_button-106-74\" class=\"ct-link-button btn btn-outline black ss-btn\" href=\"https:\/\/pmpsolutions.ca\/fr\/produits\/pmp-weplane\/\" target=\"_self\"  >D\u00e9couvrir<\/a><\/div><div id=\"div_block-101-74\" class=\"ct-div-block ss-img-ctn\" ><img decoding=\"async\"  id=\"image-102-74\" alt=\"Op\u00e9rateurs qui pointent et regardent les tableaux de bord de PMP WePlane\" src=\"https:\/\/pmpsolutions.ca\/wp-content\/uploads\/2023\/04\/pmp-weplane.jpg\" class=\"ct-image\"\/><\/div><\/div>\n\n\n<h4 class=\"wp-block-heading has-text-align-center\">PILIER 3 : LE FUTUR<\/h4>\n\n\n<div id=\"div_block-9-262\" class=\"ct-div-block ss-img-left alignfull\" ><div id=\"div_block-15-262\" class=\"ct-div-block ss-img-ctn\" ><img decoding=\"async\"  id=\"image-16-262\" alt=\"Planificatrice qui regarde les projections d&#039;inventaires de PMP WeSchedule sur un \u00e9cran de portable\" src=\"https:\/\/pmpsolutions.ca\/wp-content\/uploads\/2023\/04\/pmp-weschedule.jpg\" class=\"ct-image\"\/><\/div><div id=\"div_block-10-262\" class=\"ct-div-block ss-text-ctn\" ><h2 id=\"headline-11-262\" class=\"ct-headline h4 ss-title\">PMP WeSchedule \u2014 Toujours disponible<\/h2><div id=\"_rich_text-12-262\" class=\"oxy-rich-text ss-text\" ><p>La planification des ventes et des op\u00e9rations est une des pierres angulaires de bonnes d\u00e9cisions d\u2019affaires. Avec PMP WeSchedule\u2122, vous pouvez mieux planifier vos op\u00e9rations en fonction du march\u00e9, de la disponibilit\u00e9 de la mati\u00e8re premi\u00e8re, vos productions en cours et votre carnet de commandes.<\/p>\n<p>En parall\u00e8le avec les autres modules de PMP TeamMate, vous pourrez d\u00e9velopper une planification op\u00e9rationnelle qui maximisera l'efficacit\u00e9 de tous les processus de votre usine.<\/p><\/div><a id=\"link_button-13-262\" class=\"ct-link-button btn btn-outline black ss-btn\" href=\"https:\/\/pmpsolutions.ca\/fr\/produits\/pmp-weschedule\/\" target=\"_self\"  >D\u00e9couvrir<\/a><\/div><\/div>\n\n<section id=\"section-213-74\" class=\"ct-section data-to-work-ctn\" ><div class=\"ct-section-inner-wrap\"><div id=\"div_block-218-74\" class=\"ct-div-block\" ><h2 id=\"headline-214-74\" class=\"ct-headline h2 data-to-work-title\"><span id=\"span-216-74\" class=\"ct-span oxygenberg-span-216-74 oxygenberg-element\">Commencez \u00e0 faire travailler vos donn\u00e9es.<\/span><\/h2><a id=\"link_button-220-74\" class=\"ct-link-button btn btn-1 mt-5 data-to-work-btn\" href=\"#show-form-get-a-quote\" target=\"_self\"  ><span id=\"span-221-74\" class=\"ct-span oxygenberg-span-221-74 oxygenberg-element\">Parlez \u00e0 un expert<\/span><\/a><\/div><\/div><\/section>","protected":false},"excerpt":{"rendered":"<p>\"Absolutely essential. Engages all my employees.\" \u2014 Eric ROUSSEAU, General Manager at Groupe Lignarex PILLAR 1: THE PAST PILLAR 2: THE PRESENT PILLAR 3: THE FUTURE<\/p>","protected":false},"author":1,"featured_media":0,"parent":0,"menu_order":37,"comment_status":"closed","ping_status":"closed","template":"","meta":{"_acf_changed":false,"footnotes":""},"class_list":["post-74","page","type-page","status-publish","hentry"],"acf":[],"yoast_head":"<!-- This site is optimized with the Yoast SEO plugin v27.5 - https:\/\/yoast.com\/product\/yoast-seo-wordpress\/ -->\n<title>Powerful Information that Delivers Quality | PMP SOLUTIONS<\/title>\n<meta name=\"description\" content=\"PMP TeamMate gives the data in your mill meaning for data-driven decision making that delivers better quality and results.\" \/>\n<meta name=\"robots\" content=\"index, follow, max-snippet:-1, max-image-preview:large, max-video-preview:-1\" \/>\n<link rel=\"canonical\" href=\"https:\/\/pmpsolutions.ca\/fr\/produits\/\" \/>\n<meta property=\"og:locale\" content=\"fr_CA\" \/>\n<meta property=\"og:type\" content=\"article\" \/>\n<meta property=\"og:title\" content=\"Powerful Information that Delivers Quality | PMP SOLUTIONS\" \/>\n<meta property=\"og:description\" content=\"PMP TeamMate gives the data in your mill meaning for data-driven decision making that delivers better quality and results.\" \/>\n<meta property=\"og:url\" content=\"https:\/\/pmpsolutions.ca\/fr\/produits\/\" \/>\n<meta property=\"og:site_name\" content=\"PMP SOLUTIONS\" \/>\n<meta property=\"article:modified_time\" content=\"2023-10-02T20:52:32+00:00\" \/>\n<meta property=\"og:image\" content=\"https:\/\/pmpsolutions.ca\/wp-content\/uploads\/2023\/04\/eric-rousseau-bois-lib-150x150.jpg\" \/>\n<meta name=\"twitter:card\" content=\"summary_large_image\" \/>\n<meta name=\"twitter:label1\" content=\"Estimation du temps de lecture\" \/>\n\t<meta name=\"twitter:data1\" content=\"1 minute\" \/>\n<script type=\"application\/ld+json\" class=\"yoast-schema-graph\">{\"@context\":\"https:\\\/\\\/schema.org\",\"@graph\":[{\"@type\":\"WebPage\",\"@id\":\"https:\\\/\\\/pmpsolutions.ca\\\/en\\\/products\\\/\",\"url\":\"https:\\\/\\\/pmpsolutions.ca\\\/en\\\/products\\\/\",\"name\":\"Powerful Information that Delivers Quality | PMP SOLUTIONS\",\"isPartOf\":{\"@id\":\"https:\\\/\\\/pmpsolutions.ca\\\/#website\"},\"primaryImageOfPage\":{\"@id\":\"https:\\\/\\\/pmpsolutions.ca\\\/en\\\/products\\\/#primaryimage\"},\"image\":{\"@id\":\"https:\\\/\\\/pmpsolutions.ca\\\/en\\\/products\\\/#primaryimage\"},\"thumbnailUrl\":\"https:\\\/\\\/pmpsolutions.ca\\\/wp-content\\\/uploads\\\/2023\\\/04\\\/eric-rousseau-bois-lib-150x150.jpg\",\"datePublished\":\"2021-07-07T15:07:12+00:00\",\"dateModified\":\"2023-10-02T20:52:32+00:00\",\"description\":\"PMP TeamMate gives the data in your mill meaning for data-driven decision making that delivers better quality and results.\",\"breadcrumb\":{\"@id\":\"https:\\\/\\\/pmpsolutions.ca\\\/en\\\/products\\\/#breadcrumb\"},\"inLanguage\":\"fr-CA\",\"potentialAction\":[{\"@type\":\"ReadAction\",\"target\":[\"https:\\\/\\\/pmpsolutions.ca\\\/en\\\/products\\\/\"]}]},{\"@type\":\"ImageObject\",\"inLanguage\":\"fr-CA\",\"@id\":\"https:\\\/\\\/pmpsolutions.ca\\\/en\\\/products\\\/#primaryimage\",\"url\":\"https:\\\/\\\/pmpsolutions.ca\\\/wp-content\\\/uploads\\\/2023\\\/04\\\/eric-rousseau-bois-lib-150x150.jpg\",\"contentUrl\":\"https:\\\/\\\/pmpsolutions.ca\\\/wp-content\\\/uploads\\\/2023\\\/04\\\/eric-rousseau-bois-lib-150x150.jpg\"},{\"@type\":\"BreadcrumbList\",\"@id\":\"https:\\\/\\\/pmpsolutions.ca\\\/en\\\/products\\\/#breadcrumb\",\"itemListElement\":[{\"@type\":\"ListItem\",\"position\":1,\"name\":\"Home\",\"item\":\"https:\\\/\\\/pmpsolutions.ca\\\/en\\\/\"},{\"@type\":\"ListItem\",\"position\":2,\"name\":\"Products\"}]},{\"@type\":\"WebSite\",\"@id\":\"https:\\\/\\\/pmpsolutions.ca\\\/#website\",\"url\":\"https:\\\/\\\/pmpsolutions.ca\\\/\",\"name\":\"PMP SOLUTIONS\",\"description\":\"Driving wood transformation\",\"publisher\":{\"@id\":\"https:\\\/\\\/pmpsolutions.ca\\\/#organization\"},\"potentialAction\":[{\"@type\":\"SearchAction\",\"target\":{\"@type\":\"EntryPoint\",\"urlTemplate\":\"https:\\\/\\\/pmpsolutions.ca\\\/?s={search_term_string}\"},\"query-input\":{\"@type\":\"PropertyValueSpecification\",\"valueRequired\":true,\"valueName\":\"search_term_string\"}}],\"inLanguage\":\"fr-CA\"},{\"@type\":\"Organization\",\"@id\":\"https:\\\/\\\/pmpsolutions.ca\\\/#organization\",\"name\":\"PMP SOLUTIONS\",\"url\":\"https:\\\/\\\/pmpsolutions.ca\\\/\",\"logo\":{\"@type\":\"ImageObject\",\"inLanguage\":\"fr-CA\",\"@id\":\"https:\\\/\\\/pmpsolutions.ca\\\/#\\\/schema\\\/logo\\\/image\\\/\",\"url\":\"https:\\\/\\\/pmpsolutions.ca\\\/wp-content\\\/uploads\\\/2021\\\/10\\\/logo-pmp.png\",\"contentUrl\":\"https:\\\/\\\/pmpsolutions.ca\\\/wp-content\\\/uploads\\\/2021\\\/10\\\/logo-pmp.png\",\"width\":288,\"height\":189,\"caption\":\"PMP SOLUTIONS\"},\"image\":{\"@id\":\"https:\\\/\\\/pmpsolutions.ca\\\/#\\\/schema\\\/logo\\\/image\\\/\"},\"sameAs\":[\"https:\\\/\\\/www.linkedin.com\\\/company\\\/pmp-solutions\\\/\",\"https:\\\/\\\/www.youtube.com\\\/channel\\\/UCSPfsI0cvknrEFMS0KPL9nA\"]}]}<\/script>\n<!-- \/ Yoast SEO plugin. -->","yoast_head_json":{"title":"Powerful Information that Delivers Quality | PMP SOLUTIONS","description":"PMP TeamMate gives the data in your mill meaning for data-driven decision making that delivers better quality and results.","robots":{"index":"index","follow":"follow","max-snippet":"max-snippet:-1","max-image-preview":"max-image-preview:large","max-video-preview":"max-video-preview:-1"},"canonical":"https:\/\/pmpsolutions.ca\/fr\/produits\/","og_locale":"fr_CA","og_type":"article","og_title":"Powerful Information that Delivers Quality | PMP SOLUTIONS","og_description":"PMP TeamMate gives the data in your mill meaning for data-driven decision making that delivers better quality and results.","og_url":"https:\/\/pmpsolutions.ca\/fr\/produits\/","og_site_name":"PMP SOLUTIONS","article_modified_time":"2023-10-02T20:52:32+00:00","og_image":[{"url":"https:\/\/pmpsolutions.ca\/wp-content\/uploads\/2023\/04\/eric-rousseau-bois-lib-150x150.jpg","type":"","width":"","height":""}],"twitter_card":"summary_large_image","twitter_misc":{"Estimation du temps de lecture":"1 minute"},"schema":{"@context":"https:\/\/schema.org","@graph":[{"@type":"WebPage","@id":"https:\/\/pmpsolutions.ca\/en\/products\/","url":"https:\/\/pmpsolutions.ca\/en\/products\/","name":"Powerful Information that Delivers Quality | PMP SOLUTIONS","isPartOf":{"@id":"https:\/\/pmpsolutions.ca\/#website"},"primaryImageOfPage":{"@id":"https:\/\/pmpsolutions.ca\/en\/products\/#primaryimage"},"image":{"@id":"https:\/\/pmpsolutions.ca\/en\/products\/#primaryimage"},"thumbnailUrl":"https:\/\/pmpsolutions.ca\/wp-content\/uploads\/2023\/04\/eric-rousseau-bois-lib-150x150.jpg","datePublished":"2021-07-07T15:07:12+00:00","dateModified":"2023-10-02T20:52:32+00:00","description":"PMP TeamMate gives the data in your mill meaning for data-driven decision making that delivers better quality and results.","breadcrumb":{"@id":"https:\/\/pmpsolutions.ca\/en\/products\/#breadcrumb"},"inLanguage":"fr-CA","potentialAction":[{"@type":"ReadAction","target":["https:\/\/pmpsolutions.ca\/en\/products\/"]}]},{"@type":"ImageObject","inLanguage":"fr-CA","@id":"https:\/\/pmpsolutions.ca\/en\/products\/#primaryimage","url":"https:\/\/pmpsolutions.ca\/wp-content\/uploads\/2023\/04\/eric-rousseau-bois-lib-150x150.jpg","contentUrl":"https:\/\/pmpsolutions.ca\/wp-content\/uploads\/2023\/04\/eric-rousseau-bois-lib-150x150.jpg"},{"@type":"BreadcrumbList","@id":"https:\/\/pmpsolutions.ca\/en\/products\/#breadcrumb","itemListElement":[{"@type":"ListItem","position":1,"name":"Home","item":"https:\/\/pmpsolutions.ca\/en\/"},{"@type":"ListItem","position":2,"name":"Products"}]},{"@type":"WebSite","@id":"https:\/\/pmpsolutions.ca\/#website","url":"https:\/\/pmpsolutions.ca\/","name":"PMP SOLUTIONS","description":"Driving wood transformation","publisher":{"@id":"https:\/\/pmpsolutions.ca\/#organization"},"potentialAction":[{"@type":"SearchAction","target":{"@type":"EntryPoint","urlTemplate":"https:\/\/pmpsolutions.ca\/?s={search_term_string}"},"query-input":{"@type":"PropertyValueSpecification","valueRequired":true,"valueName":"search_term_string"}}],"inLanguage":"fr-CA"},{"@type":"Organization","@id":"https:\/\/pmpsolutions.ca\/#organization","name":"PMP SOLUTIONS","url":"https:\/\/pmpsolutions.ca\/","logo":{"@type":"ImageObject","inLanguage":"fr-CA","@id":"https:\/\/pmpsolutions.ca\/#\/schema\/logo\/image\/","url":"https:\/\/pmpsolutions.ca\/wp-content\/uploads\/2021\/10\/logo-pmp.png","contentUrl":"https:\/\/pmpsolutions.ca\/wp-content\/uploads\/2021\/10\/logo-pmp.png","width":288,"height":189,"caption":"PMP SOLUTIONS"},"image":{"@id":"https:\/\/pmpsolutions.ca\/#\/schema\/logo\/image\/"},"sameAs":["https:\/\/www.linkedin.com\/company\/pmp-solutions\/","https:\/\/www.youtube.com\/channel\/UCSPfsI0cvknrEFMS0KPL9nA"]}]}},"_links":{"self":[{"href":"https:\/\/pmpsolutions.ca\/fr\/wp-json\/wp\/v2\/pages\/74","targetHints":{"allow":["GET"]}}],"collection":[{"href":"https:\/\/pmpsolutions.ca\/fr\/wp-json\/wp\/v2\/pages"}],"about":[{"href":"https:\/\/pmpsolutions.ca\/fr\/wp-json\/wp\/v2\/types\/page"}],"author":[{"embeddable":true,"href":"https:\/\/pmpsolutions.ca\/fr\/wp-json\/wp\/v2\/users\/1"}],"replies":[{"embeddable":true,"href":"https:\/\/pmpsolutions.ca\/fr\/wp-json\/wp\/v2\/comments?post=74"}],"version-history":[{"count":25,"href":"https:\/\/pmpsolutions.ca\/fr\/wp-json\/wp\/v2\/pages\/74\/revisions"}],"predecessor-version":[{"id":2997,"href":"https:\/\/pmpsolutions.ca\/fr\/wp-json\/wp\/v2\/pages\/74\/revisions\/2997"}],"wp:attachment":[{"href":"https:\/\/pmpsolutions.ca\/fr\/wp-json\/wp\/v2\/media?parent=74"}],"curies":[{"name":"wp","href":"https:\/\/api.w.org\/{rel}","templated":true}]}}