{"id":304,"date":"2021-09-22T14:57:37","date_gmt":"2021-09-22T14:57:37","guid":{"rendered":"https:\/\/pmp.volcan.design\/?page_id=304"},"modified":"2023-04-13T13:02:39","modified_gmt":"2023-04-13T18:02:39","slug":"home","status":"publish","type":"page","link":"https:\/\/pmpsolutions.ca\/fr\/","title":{"rendered":"Home"},"content":{"rendered":"<section id=\"section-2-304\" class=\"ct-section inset-left white header-banner hero-banner\" style=\"background-image:url(https:\/\/pmpsolutions.ca\/wp-content\/uploads\/2021\/12\/forklift-loading-lumber-bundles-tinted.jpg);background-size: cover;\" ><div class=\"ct-section-inner-wrap\"><div id=\"new_columns-3-304\" class=\"ct-new-columns\" ><div id=\"div_block-4-304\" class=\"ct-div-block\" ><h1 id=\"headline-5-304\" class=\"ct-headline dentist-heading-one h1 text-uppercase\">ON VOUS AIDE&nbsp;<br>\u00c0 SORTIR&nbsp;<br>DU BOIS<\/h1><div id=\"text_block-6-304\" class=\"ct-text-block mb-3\" ><div>PMP SOLUTIONS\u2122 fusionne sa compr\u00e9hension du domaine de la transformation du bois, vos donn\u00e9es et une puissante analyse pour d\u00e9verrouiller des informations qui vous permettent d\u2019agir. Depuis 2006, notre priorit\u00e9 est de sortir du bois. Notre vaste expertise en ing\u00e9nierie et notre exp\u00e9rience pratique de l\u2019industrie nous permettent de comprendre comme personne d\u2019autres les d\u00e9fis auxquels font face les usines aujourd\u2019hui.<\/div><\/div><a id=\"link_button-7-304\" class=\"ct-link-button btn rounded-0 btn-2\" href=\"https:\/\/pmpsolutions.ca\/fr\/produits\/\"   ><span id=\"span-8-304\" class=\"ct-span\" >D\u00c9COUVREZ COMMENT<\/span><\/a><\/div><div id=\"div_block-9-304\" class=\"ct-div-block\" ><\/div><\/div><div id=\"div_block-10-304\" class=\"ct-div-block picto-yellow\" ><img decoding=\"async\"  id=\"image-11-304\" alt=\"\" src=\"https:\/\/pmpsolutions.ca\/wp-content\/uploads\/2021\/09\/graphic-element-yellow.svg\" class=\"ct-image picto-img\" data-paroller-factor=\"-0.3\" data-paroller-type=\"foreground\" data-paroller-direction=\"horizontal\"\/><\/div><\/div><\/section><section id=\"section-12-304\" class=\"ct-section mb-8\" ><div class=\"ct-section-inner-wrap\"><div id=\"div_block-13-304\" class=\"ct-div-block\" ><h2 id=\"headline-14-304\" class=\"ct-headline mb-4 h3\">Des outils simples qui vous aident \u00e0 syst\u00e9matiquement atteindre vos cibles<\/h2><div id=\"_rich_text-190-304\" class=\"oxy-rich-text\" ><p>Le d\u00e9veloppement des syst\u00e8mes informatiques a transform\u00e9 le paysage industriel, incluant celui de la transformation du bois. Ce faisant, votre industrie utilise des technologies d\u2019une complexit\u00e9 \u00e9tonnante depuis des d\u00e9cennies.<\/p>\n<p>Cette transformation s\u2019est cependant faite au d\u00e9triment des personnes. On a commenc\u00e9 \u00e0 les voir comme une source majeure d\u2019erreurs. En r\u00e9alit\u00e9, les syst\u00e8mes et leur cadence sont devenus trop complexes pour \u00eatre g\u00e9r\u00e9es par les personnes. Malgr\u00e9 tout, on leur demande d\u2019\u00eatre garants de la performance des syst\u00e8mes avec des m\u00e9thodes de mesure et de gestion tr\u00e8s artisanales.<\/p>\n<p>Chez PMP SOLUTIONS, nous avons compris il y a longtemps que l\u2019humain a un r\u00f4le central \u00e0 jouer dans ces syst\u00e8mes industriels. Rien ne peut surpasser la combinaison de l\u2019instinct, de l\u2019exp\u00e9rience et des connaissances d\u2019une personne. C\u2019est ce paradoxe que nous voulons r\u00e9soudre.<\/p>\n<p>Nous d\u00e9veloppons des technologies et des outils qui permettent aux personnes de g\u00e9rer efficacement la complexit\u00e9 et la cadence des syst\u00e8mes modernes, et leur permettent d\u2019atteindre les cibles qu\u2019ils se sont fix\u00e9es plus syst\u00e9matiquement. Nos outils de mesure permettent de mieux comprendre le fonctionnement de votre usine et cr\u00e9ent un r\u00e9el environnement de collaboration o\u00f9 tout le monde peut travailler \u00e0 atteindre les m\u00eames objectifs.<\/p>\n<p>C\u2019est notre raison d\u2019\u00eatre : \u00e9quiper tout le monde de l\u2019usine pour qu\u2019il puisse mieux la piloter, et ce peu importe qui ils sont, ce qu\u2019ils font et quelles sont leurs cibles.<\/p>\n<p>Et puisque nous sommes toujours tourn\u00e9s vers l\u2019avenir, nous aspirons \u00e0 offrir encore plus d\u2019autonomie aux usines de transformation du bois afin qu\u2019elles puissent v\u00e9ritablement rouler \u00e0 la vitesse de l\u2019industrie 4.0.<\/p><\/div><\/div><a id=\"link_button-16-304\" class=\"ct-link-button mt-4 btn mt-3 btn-2 show-form-contact\" href=\"#\"   ><span id=\"span-17-304\" class=\"ct-span\" >CONTACTEZ-NOUS<\/span><\/a><\/div><\/section><div id=\"div_block-18-304\" class=\"ct-div-block\" ><section id=\"section-19-304\" class=\"ct-section\" ><div class=\"ct-section-inner-wrap\"><div id=\"new_columns-20-304\" class=\"ct-new-columns\" ><div id=\"div_block-21-304\" class=\"ct-div-block\" ><h4 id=\"headline-22-304\" class=\"ct-headline mb-3\">LA CL\u00c9 : VOS GENS<\/h4><div id=\"_rich_text-23-304\" class=\"oxy-rich-text\" ><p>PMP SOLUTIONS comprend que 90 % d\u2019un iceberg est submerg\u00e9 et que, dans le monde des technologies de l\u2019information, il ne peut monter \u00e0 la surface qu\u2019\u00e0 l\u2019aide d\u2019une analyse et une compr\u00e9hension profonde. En d\u2019autres mots : avec du contexte.<\/p>\r\n<p>Nous travaillons sans r\u00e9pit \u00e0 d\u00e9velopper des technologies et des outils qui permettent \u00e0 leurs utilisateurs de g\u00e9rer des syst\u00e8mes complexes, ce qui leur permet de livrer les performances attendues. En f\u00e9d\u00e9rant vos donn\u00e9es, nous visons \u00e9liminer les silos traditionnels afin de cr\u00e9er un environnement vraiment collaboratif o\u00f9 tout le monde, avec les m\u00eames donn\u00e9es, peut s\u2019efforcer \u00e0 sortir du bois.<\/p><\/div><a id=\"link_button-24-304\" class=\"ct-link-button btn btn-2 mt-3 mb-3\" href=\"http:\/\/\" target=\"_self\"  ><span id=\"span-25-304\" class=\"ct-span\" >D\u00e9couvrez nos produits<\/span><\/a><\/div><div id=\"div_block-26-304\" class=\"ct-div-block\"  data-aos=\"\" data-aos-delay=\"300\" data-aos-once=\"true\"><h4 id=\"headline-27-304\" class=\"ct-headline\">LES <span id=\"span-28-304\" class=\"ct-span\" >BONNES INFORMATIONS,<\/span>&nbsp;<span style=\"background-color: transparent;\">PARTOUT<\/span><\/h4><div id=\"div_block-29-304\" class=\"ct-div-block\" ><img decoding=\"async\"  id=\"image-30-304\" alt=\"PMP WePlane dashboard overlooking lumber on production line\" src=\"https:\/\/pmpsolutions.ca\/wp-content\/uploads\/2021\/11\/pmp-weplane-dashboard.jpg\" class=\"ct-image\"\/><div id=\"_rich_text-31-304\" class=\"oxy-rich-text\" ><p><span style=\"font-weight: 300;\">Qu\u2019elles prennent la forme de rapports synth\u00e8se ou d\u2019indicateurs temps r\u00e9el sur le plancher de l\u2019usine, lorsque toutes les \u00e9quipes ont les m\u00eames informations, tout le monde est au diapason et travaille \u00e0 atteindre les m\u00eames cibles.<\/span><\/p><\/div><\/div><a id=\"link_button-33-304\" class=\"ct-link-button btn btn-outline blue mt-2 hidden-teammate\" href=\"https:\/\/pmpsolutions.ca\/fr\/produits\/\"   ><span id=\"span-34-304\" class=\"ct-span product-name oxygenberg-span-34-304 oxygenberg-element\">FIND OUT HOW PMP TEAMMATE&nbsp;CAN HELP YOU<\/span><\/a><\/div><\/div><\/div><\/section><div id=\"div_block-35-304\" class=\"ct-div-block inset-right gray tagline-ctn\" ><div id=\"div_block-36-304\" class=\"ct-div-block\" ><img decoding=\"async\"  id=\"image-37-304\" alt=\"Rapport de production PMP TeamMate affich\u00e9 sur un \u00e9cran de laptop\" src=\"https:\/\/pmpsolutions.ca\/wp-content\/uploads\/2021\/09\/graphic-element-blue.svg\" class=\"ct-image\" data-paroller-factor=\"-0.1\" data-paroller-type=\"foreground\" data-paroller-direction=\"vertical\"\/><div id=\"div_block-39-304\" class=\"ct-div-block\" ><h2 id=\"headline-40-304\" class=\"ct-headline translation-block\">PMP TeamMate\u2122<\/h2><div id=\"text_block-44-304\" class=\"ct-text-block text-uppercase\" >FAITES TRAVAILLER VOS DONN\u00c9ES<\/div><\/div><section id=\"section-38-304\" class=\"ct-section\" style=\"background-image:linear-gradient(rgba(0,0,0,0.61), rgba(0,0,0,0.61)), url(https:\/\/pmpsolutions.ca\/wp-content\/uploads\/2021\/11\/pmp-teammate-report-laptop-tinted.jpg);background-size:auto,  cover;\" ><div class=\"ct-section-inner-wrap\"><\/div><\/section><\/div><section id=\"section-45-304\" class=\"ct-section\" ><div class=\"ct-section-inner-wrap\"><div id=\"new_columns-46-304\" class=\"ct-new-columns\"  data-aos=\"fade-up\" data-aos-once=\"true\"><div id=\"div_block-47-304\" class=\"ct-div-block brewery-iconblock-2-wrapper\" ><div id=\"div_block-48-304\" class=\"ct-div-block icon-box-content light-box-shadow\" ><img decoding=\"async\"  id=\"image-194-304\" alt=\"Icon. Closed fist topped by four bars\" src=\"https:\/\/pmpsolutions.ca\/wp-content\/uploads\/2021\/10\/power-of-data.svg\" class=\"ct-image\"\/><div id=\"text_block-50-304\" class=\"ct-text-block brewery-iconblock-2-text\" ><div>La complexit\u00e9 de chaque usine de transformation du bois est unique et les donn\u00e9es ne sont que des chiffres. Jusqu'\u00e0 ce qu'on les fasse PARLER, en leur donnant un CONTEXTE, ce qui donne aux GENS le pouvoir d'AGIR.<\/div><\/div><a id=\"link_button-51-304\" class=\"ct-link-button btn btn-outine-light not-fw-mob\" href=\"https:\/\/pmpsolutions.ca\/fr\/produits\/\"   ><span id=\"span-52-304\" class=\"ct-span oxygenberg-span-52-304 oxygenberg-element\">APPRENEZ-EN PLUS<\/span><\/a><\/div><\/div><div id=\"div_block-53-304\" class=\"ct-div-block brewery-iconblock-2-wrapper\" ><div id=\"div_block-54-304\" class=\"ct-div-block icon-box-content light-box-shadow\" ><img decoding=\"async\"  id=\"image-192-304\" alt=\"Chronometer icon\" src=\"https:\/\/pmpsolutions.ca\/wp-content\/uploads\/2021\/10\/chronometer-icon.svg\" class=\"ct-image\"\/><div id=\"text_block-56-304\" class=\"ct-text-block brewery-iconblock-2-text\" ><div class=\"translation-block\">PMP TeamMate vous aide \u00e0 mieux g\u00e9rer le peu de temps dont vous disposez en \u00e9liminant le besoin de personnel ou de connaissances sp\u00e9cialis\u00e9s pour apprendre et comprendre votre usine.<\/div><\/div><a id=\"link_button-57-304\" class=\"ct-link-button btn btn-outine-light not-fw-mob\" href=\"https:\/\/pmpsolutions.ca\/fr\/etudes-de-cas\/\"   ><span id=\"span-58-304\" class=\"ct-span\" >D\u00c9COUVREZ COMMENT<\/span><\/a><\/div><\/div><\/div><\/div><\/section><section id=\"section-59-304\" class=\"ct-section\" ><div class=\"ct-section-inner-wrap\"><a id=\"link_button-60-304\" class=\"ct-link-button btn btn-2 hidden-teammate\" href=\"https:\/\/pmpsolutions.ca\/fr\/produits\/\"   ><span id=\"span-61-304\" class=\"ct-span  oxygenberg-span-61-304 oxygenberg-element\">CONSULTEZ LE CATALOGUE<\/span><\/a><\/div><\/section><\/div><\/div><section id=\"section-78-304\" class=\"ct-section mt-4\" style=\"background-image:linear-gradient(rgba(253,209,6,0.67), rgba(253,209,6,0.67)), url(https:\/\/pmpsolutions.ca\/wp-content\/uploads\/2021\/09\/hauling-lumber-yellow.jpg);background-size:auto,  cover;\" ><div class=\"ct-section-inner-wrap\"><h2 id=\"headline-79-304\" class=\"ct-headline mb-4 h2\">Lisez comment Bois LIB a su utiliser PMP TeamMate et sa culture \u00ab data driven \u00bb pour \u00eatre plus rentable<\/h2><div id=\"div_block-80-304\" class=\"ct-div-block\" ><a id=\"link_button-81-304\" class=\"ct-link-button btn-1 btn\" href=\"https:\/\/pmpsolutions.ca\/fr\/etudes-de-cas\/scierie-4-0-lib-lumber\/\"   ><span id=\"span-82-304\" class=\"ct-span oxygenberg-span-82-304 oxygenberg-element\">Lire l'\u00e9tude de cas<\/span><\/a><a id=\"link_button-83-304\" class=\"ct-link-button btn btn-3\" href=\"https:\/\/pmpsolutions.ca\/fr\/etudes-de-cas\/\"   ><span id=\"span-84-304\" class=\"ct-span oxygenberg-span-84-304 oxygenberg-element\">BIBLIOTH\u00c8QUE COMPL\u00c8TE<\/span><\/a><\/div><\/div><\/section><section id=\"section-85-304\" class=\"ct-section\" ><div class=\"ct-section-inner-wrap\"><div id=\"div_block-86-304\" class=\"ct-div-block light-box-shadow\"  data-aos-delay=\"300\" data-aos-once=\"true\"><h4 id=\"headline-87-304\" class=\"ct-headline saas-heading-two pt-2 pb-3\">PLUS DE 100 USINES NOUS FONT CONFIANCE<\/h4><div id=\"div_block-88-304\" class=\"ct-div-block\" ><div id=\"div_block-246-304\" class=\"ct-div-block\" ><a id=\"link-247-304\" class=\"ct-link\" href=\"https:\/\/lignarex.com\/\" target=\"_blank\"  ><img decoding=\"async\"  id=\"image-248-304\" alt=\"Groupe Lignarex\" src=\"https:\/\/pmpsolutions.ca\/wp-content\/uploads\/2023\/01\/LOGO_Groupe-Lignarex.png\" class=\"ct-image saas-clients-logo\"\/><\/a><\/div><div id=\"div_block-91-304\" class=\"ct-div-block\" ><a id=\"link-202-304\" class=\"ct-link\" href=\"https:\/\/materiauxblanchet.ca\/\" target=\"_blank\"  ><img decoding=\"async\"  id=\"image-92-304\" alt=\"Mat\u00e9riaux Blanchet\" src=\"https:\/\/pmpsolutions.ca\/wp-content\/uploads\/2023\/01\/logo-materiaux-blanchet.png\" class=\"ct-image saas-clients-logo\"\/><\/a><\/div><div id=\"div_block-93-304\" class=\"ct-div-block\" ><a id=\"link-201-304\" class=\"ct-link\" href=\"https:\/\/interfor.com\/fr\/interfor-fr\/\" target=\"_blank\"  ><img decoding=\"async\"  id=\"image-94-304\" alt=\"Interfor\" src=\"https:\/\/pmpsolutions.ca\/wp-content\/uploads\/2023\/01\/logo-intefor.png\" class=\"ct-image saas-clients-logo\"\/><\/a><\/div><div id=\"div_block-208-304\" class=\"ct-div-block\" ><a id=\"link-209-304\" class=\"ct-link\" href=\"https:\/\/www.groupelebel.com\/\" target=\"_blank\"  ><img decoding=\"async\"  id=\"image-210-304\" alt=\"Groupe Lebel\" src=\"https:\/\/pmpsolutions.ca\/wp-content\/uploads\/2023\/01\/logo-groupe-lebel.png\" class=\"ct-image saas-clients-logo\"\/><\/a><\/div><\/div><\/div><\/div><\/section><section id=\"section-122-304\" class=\"ct-section\" ><div class=\"ct-section-inner-wrap\"><h4 id=\"headline-229-304\" class=\"ct-headline saas-heading-two pt-2 pb-3\">NOUVELLES ET \u00c9V\u00c9NEMENTS<\/h4><div id=\"_dynamic_list-166-304\" class=\"oxy-dynamic-list\"><div id=\"div_block-167-304-1\" class=\"ct-div-block blog-item\" data-id=\"div_block-167-304\"><div id=\"div_block-168-304-1\" class=\"ct-div-block\" style=\"background-image:url();background-size: cover;\" data-id=\"div_block-168-304\"><img decoding=\"async\" id=\"image-169-304-1\" alt=\"\" src=\"\" class=\"ct-image\" data-id=\"image-169-304\"><div id=\"text_block-170-304-1\" class=\"ct-text-block date\" data-id=\"text_block-170-304\"><span id=\"span-171-304\" class=\"ct-span\" >mars 28, 2023<\/span><\/div><div id=\"text_block-185-304-1\" class=\"ct-text-block date\" data-id=\"text_block-185-304\"><span id=\"span-186-304\" class=\"ct-span\" ><\/span><\/div><\/div><h4 id=\"headline-174-304-1\" class=\"ct-headline h5\" data-id=\"headline-174-304\"><span id=\"span-175-304\" class=\"ct-span\" >84e assembl\u00e9e g\u00e9n\u00e9rale annuelle du Maritime Lumber Bureau<\/span><\/h4><\/div><div id=\"div_block-167-304-2\" class=\"ct-div-block blog-item\" data-id=\"div_block-167-304\"><div id=\"div_block-168-304-2\" class=\"ct-div-block\" style=\"background-image:url();background-size: cover;\" data-id=\"div_block-168-304\"><img decoding=\"async\" id=\"image-169-304-2\" alt=\"\" src=\"\" class=\"ct-image\" data-id=\"image-169-304\"><div id=\"text_block-170-304-2\" class=\"ct-text-block date\" data-id=\"text_block-170-304\"><span id=\"span-171-304\" class=\"ct-span\" >mars 28, 2023<\/span><\/div><div id=\"text_block-185-304-2\" class=\"ct-text-block date\" data-id=\"text_block-185-304\"><span id=\"span-186-304\" class=\"ct-span\" ><\/span><\/div><\/div><h4 id=\"headline-174-304-2\" class=\"ct-headline h5\" data-id=\"headline-174-304\"><span id=\"span-175-304\" class=\"ct-span\" >Congr\u00e8s CIFQ 2023<\/span><\/h4><\/div><div id=\"div_block-167-304-3\" class=\"ct-div-block blog-item\" data-id=\"div_block-167-304\"><div id=\"div_block-168-304-3\" class=\"ct-div-block\" style=\"background-image:url();background-size: cover;\" data-id=\"div_block-168-304\"><img decoding=\"async\" id=\"image-169-304-3\" alt=\"\" src=\"\" class=\"ct-image\" data-id=\"image-169-304\"><div id=\"text_block-170-304-3\" class=\"ct-text-block date\" data-id=\"text_block-170-304\"><span id=\"span-171-304\" class=\"ct-span\" >mars 28, 2023<\/span><\/div><div id=\"text_block-185-304-3\" class=\"ct-text-block date\" data-id=\"text_block-185-304\"><span id=\"span-186-304\" class=\"ct-span\" ><\/span><\/div><\/div><h4 id=\"headline-174-304-3\" class=\"ct-headline h5\" data-id=\"headline-174-304\"><span id=\"span-175-304\" class=\"ct-span\" >Congr\u00e8s de Montr\u00e9al sur le bois 2023<\/span><\/h4><\/div>                    \n                                            \n                                        <div class=\"oxy-repeater-pages-wrap\">\n                        <div class=\"oxy-repeater-pages\">\n                            <span aria-current=\"page\" class=\"page-numbers current\">1<\/span>\n<a class=\"page-numbers\" href=\"https:\/\/pmpsolutions.ca\/wp-json\/wp\/v2\/pages\/304\/page\/2\/\">2<\/a>\n<a class=\"next page-numbers\" href=\"https:\/\/pmpsolutions.ca\/wp-json\/wp\/v2\/pages\/304\/page\/2\/\">Suivant &raquo;<\/a>                        <\/div>\n                    <\/div>\n                                        \n                    <\/div>\n<div id=\"code_block-232-304\" class=\"ct-code-block\" >     \t<a class=\"ct-link-button btn btn-2\" href=\"\/fr\/nouvelles-evenements\/\"  target=\"_self\"><span>More News & Events<\/span><\/a>\n <\/div><\/div><\/section><div id=\"code_block-322-304\" class=\"ct-code-block\" ><\/div>","protected":false},"excerpt":{"rendered":"","protected":false},"author":1,"featured_media":0,"parent":0,"menu_order":25,"comment_status":"closed","ping_status":"closed","template":"","meta":{"_acf_changed":false,"footnotes":""},"class_list":["post-304","page","type-page","status-publish","hentry"],"acf":[],"yoast_head":"<!-- This site is optimized with the Yoast SEO plugin v27.4 - https:\/\/yoast.com\/product\/yoast-seo-wordpress\/ -->\n<title>Driving Wood Transformation | PMP SOLUTIONS<\/title>\n<meta name=\"description\" content=\"Improve your control over the quality of lumber with our software designed specifically for the wood transformation industry.\" \/>\n<meta name=\"robots\" content=\"index, follow, max-snippet:-1, max-image-preview:large, max-video-preview:-1\" \/>\n<link rel=\"canonical\" href=\"https:\/\/pmpsolutions.ca\/fr\/\" \/>\n<meta property=\"og:locale\" content=\"fr_CA\" \/>\n<meta property=\"og:type\" content=\"article\" \/>\n<meta property=\"og:title\" content=\"Driving Wood Transformation | PMP SOLUTIONS\" \/>\n<meta property=\"og:description\" content=\"Improve your control over the quality of lumber with our software designed specifically for the wood transformation industry.\" \/>\n<meta property=\"og:url\" content=\"https:\/\/pmpsolutions.ca\/fr\/\" \/>\n<meta property=\"og:site_name\" content=\"PMP SOLUTIONS\" \/>\n<meta property=\"article:modified_time\" content=\"2023-04-13T18:02:39+00:00\" \/>\n<meta name=\"twitter:card\" content=\"summary_large_image\" \/>\n<script type=\"application\/ld+json\" class=\"yoast-schema-graph\">{\"@context\":\"https:\\\/\\\/schema.org\",\"@graph\":[{\"@type\":\"WebPage\",\"@id\":\"https:\\\/\\\/pmpsolutions.ca\\\/en\\\/\",\"url\":\"https:\\\/\\\/pmpsolutions.ca\\\/en\\\/\",\"name\":\"Driving Wood Transformation | PMP SOLUTIONS\",\"isPartOf\":{\"@id\":\"https:\\\/\\\/pmpsolutions.ca\\\/#website\"},\"datePublished\":\"2021-09-22T14:57:37+00:00\",\"dateModified\":\"2023-04-13T18:02:39+00:00\",\"description\":\"Improve your control over the quality of lumber with our software designed specifically for the wood transformation industry.\",\"breadcrumb\":{\"@id\":\"https:\\\/\\\/pmpsolutions.ca\\\/en\\\/#breadcrumb\"},\"inLanguage\":\"fr-CA\",\"potentialAction\":[{\"@type\":\"ReadAction\",\"target\":[\"https:\\\/\\\/pmpsolutions.ca\\\/en\\\/\"]}]},{\"@type\":\"BreadcrumbList\",\"@id\":\"https:\\\/\\\/pmpsolutions.ca\\\/en\\\/#breadcrumb\",\"itemListElement\":[{\"@type\":\"ListItem\",\"position\":1,\"name\":\"Home\",\"item\":\"https:\\\/\\\/pmpsolutions.ca\\\/en\\\/\"},{\"@type\":\"ListItem\",\"position\":2,\"name\":\"Home\"}]},{\"@type\":\"WebSite\",\"@id\":\"https:\\\/\\\/pmpsolutions.ca\\\/#website\",\"url\":\"https:\\\/\\\/pmpsolutions.ca\\\/\",\"name\":\"PMP SOLUTIONS\",\"description\":\"Driving wood transformation\",\"publisher\":{\"@id\":\"https:\\\/\\\/pmpsolutions.ca\\\/#organization\"},\"potentialAction\":[{\"@type\":\"SearchAction\",\"target\":{\"@type\":\"EntryPoint\",\"urlTemplate\":\"https:\\\/\\\/pmpsolutions.ca\\\/?s={search_term_string}\"},\"query-input\":{\"@type\":\"PropertyValueSpecification\",\"valueRequired\":true,\"valueName\":\"search_term_string\"}}],\"inLanguage\":\"fr-CA\"},{\"@type\":\"Organization\",\"@id\":\"https:\\\/\\\/pmpsolutions.ca\\\/#organization\",\"name\":\"PMP SOLUTIONS\",\"url\":\"https:\\\/\\\/pmpsolutions.ca\\\/\",\"logo\":{\"@type\":\"ImageObject\",\"inLanguage\":\"fr-CA\",\"@id\":\"https:\\\/\\\/pmpsolutions.ca\\\/#\\\/schema\\\/logo\\\/image\\\/\",\"url\":\"https:\\\/\\\/pmpsolutions.ca\\\/wp-content\\\/uploads\\\/2021\\\/10\\\/logo-pmp.png\",\"contentUrl\":\"https:\\\/\\\/pmpsolutions.ca\\\/wp-content\\\/uploads\\\/2021\\\/10\\\/logo-pmp.png\",\"width\":288,\"height\":189,\"caption\":\"PMP SOLUTIONS\"},\"image\":{\"@id\":\"https:\\\/\\\/pmpsolutions.ca\\\/#\\\/schema\\\/logo\\\/image\\\/\"},\"sameAs\":[\"https:\\\/\\\/www.linkedin.com\\\/company\\\/pmp-solutions\\\/\",\"https:\\\/\\\/www.youtube.com\\\/channel\\\/UCSPfsI0cvknrEFMS0KPL9nA\"]}]}<\/script>\n<!-- \/ Yoast SEO plugin. -->","yoast_head_json":{"title":"Driving Wood Transformation | PMP SOLUTIONS","description":"Improve your control over the quality of lumber with our software designed specifically for the wood transformation industry.","robots":{"index":"index","follow":"follow","max-snippet":"max-snippet:-1","max-image-preview":"max-image-preview:large","max-video-preview":"max-video-preview:-1"},"canonical":"https:\/\/pmpsolutions.ca\/fr\/","og_locale":"fr_CA","og_type":"article","og_title":"Driving Wood Transformation | PMP SOLUTIONS","og_description":"Improve your control over the quality of lumber with our software designed specifically for the wood transformation industry.","og_url":"https:\/\/pmpsolutions.ca\/fr\/","og_site_name":"PMP SOLUTIONS","article_modified_time":"2023-04-13T18:02:39+00:00","twitter_card":"summary_large_image","schema":{"@context":"https:\/\/schema.org","@graph":[{"@type":"WebPage","@id":"https:\/\/pmpsolutions.ca\/en\/","url":"https:\/\/pmpsolutions.ca\/en\/","name":"Driving Wood Transformation | PMP SOLUTIONS","isPartOf":{"@id":"https:\/\/pmpsolutions.ca\/#website"},"datePublished":"2021-09-22T14:57:37+00:00","dateModified":"2023-04-13T18:02:39+00:00","description":"Improve your control over the quality of lumber with our software designed specifically for the wood transformation industry.","breadcrumb":{"@id":"https:\/\/pmpsolutions.ca\/en\/#breadcrumb"},"inLanguage":"fr-CA","potentialAction":[{"@type":"ReadAction","target":["https:\/\/pmpsolutions.ca\/en\/"]}]},{"@type":"BreadcrumbList","@id":"https:\/\/pmpsolutions.ca\/en\/#breadcrumb","itemListElement":[{"@type":"ListItem","position":1,"name":"Home","item":"https:\/\/pmpsolutions.ca\/en\/"},{"@type":"ListItem","position":2,"name":"Home"}]},{"@type":"WebSite","@id":"https:\/\/pmpsolutions.ca\/#website","url":"https:\/\/pmpsolutions.ca\/","name":"PMP SOLUTIONS","description":"Driving wood transformation","publisher":{"@id":"https:\/\/pmpsolutions.ca\/#organization"},"potentialAction":[{"@type":"SearchAction","target":{"@type":"EntryPoint","urlTemplate":"https:\/\/pmpsolutions.ca\/?s={search_term_string}"},"query-input":{"@type":"PropertyValueSpecification","valueRequired":true,"valueName":"search_term_string"}}],"inLanguage":"fr-CA"},{"@type":"Organization","@id":"https:\/\/pmpsolutions.ca\/#organization","name":"PMP SOLUTIONS","url":"https:\/\/pmpsolutions.ca\/","logo":{"@type":"ImageObject","inLanguage":"fr-CA","@id":"https:\/\/pmpsolutions.ca\/#\/schema\/logo\/image\/","url":"https:\/\/pmpsolutions.ca\/wp-content\/uploads\/2021\/10\/logo-pmp.png","contentUrl":"https:\/\/pmpsolutions.ca\/wp-content\/uploads\/2021\/10\/logo-pmp.png","width":288,"height":189,"caption":"PMP SOLUTIONS"},"image":{"@id":"https:\/\/pmpsolutions.ca\/#\/schema\/logo\/image\/"},"sameAs":["https:\/\/www.linkedin.com\/company\/pmp-solutions\/","https:\/\/www.youtube.com\/channel\/UCSPfsI0cvknrEFMS0KPL9nA"]}]}},"_links":{"self":[{"href":"https:\/\/pmpsolutions.ca\/fr\/wp-json\/wp\/v2\/pages\/304","targetHints":{"allow":["GET"]}}],"collection":[{"href":"https:\/\/pmpsolutions.ca\/fr\/wp-json\/wp\/v2\/pages"}],"about":[{"href":"https:\/\/pmpsolutions.ca\/fr\/wp-json\/wp\/v2\/types\/page"}],"author":[{"embeddable":true,"href":"https:\/\/pmpsolutions.ca\/fr\/wp-json\/wp\/v2\/users\/1"}],"replies":[{"embeddable":true,"href":"https:\/\/pmpsolutions.ca\/fr\/wp-json\/wp\/v2\/comments?post=304"}],"version-history":[{"count":23,"href":"https:\/\/pmpsolutions.ca\/fr\/wp-json\/wp\/v2\/pages\/304\/revisions"}],"predecessor-version":[{"id":2158,"href":"https:\/\/pmpsolutions.ca\/fr\/wp-json\/wp\/v2\/pages\/304\/revisions\/2158"}],"wp:attachment":[{"href":"https:\/\/pmpsolutions.ca\/fr\/wp-json\/wp\/v2\/media?parent=304"}],"curies":[{"name":"wp","href":"https:\/\/api.w.org\/{rel}","templated":true}]}}