{"id":2173,"date":"2023-03-02T11:16:21","date_gmt":"2023-03-02T16:16:21","guid":{"rendered":"https:\/\/pmpsolutions.ca\/?page_id=2173"},"modified":"2023-04-13T15:01:15","modified_gmt":"2023-04-13T20:01:15","slug":"pmp-wetrack","status":"publish","type":"page","link":"https:\/\/pmpsolutions.ca\/fr\/produits\/pmp-wetrack\/","title":{"rendered":"PMP WeTrack"},"content":{"rendered":"<section id=\"section-102-234\" class=\"ct-section inset-left white header-banner hero-banner alignfull bloc-hero-banner\" style=\"background-image:url(https:\/\/pmpsolutions.ca\/wp-content\/uploads\/2023\/04\/pmp-wetrack-on-laptop.jpg);background-size: cover;\" ><div class=\"ct-section-inner-wrap\"><div id=\"new_columns-103-234\" class=\"ct-new-columns\" ><div id=\"div_block-104-234\" class=\"ct-div-block hero-text-ctn\" ><div id=\"text_block-21-258\" class=\"ct-text-block section-name hero-top-text\" ><br><\/div><h1 id=\"headline-105-234\" class=\"ct-headline h1 text-uppercase hero-title\">PMP WeTrack<\/h1><div id=\"text_block-106-234\" class=\"ct-text-block mb-3 hero-text\" ><div><b>Module de suivi d'inventaires de PMP TeamMate<\/b>.<\/div><div>Toujours savoir o\u00f9 se trouve votre bois est essentiel \u00e0 votre habilet\u00e9 \u00e0 livrer \u00e0 temps. Il aide \u00e0 \u00eatre plus polyvalent, optimise la synchronisation de vos op\u00e9rations, et am\u00e9liore votre planification.<\/div><\/div><\/div><div id=\"div_block-108-234\" class=\"ct-div-block\" ><\/div><\/div><div id=\"div_block-22-258\" class=\"ct-div-block picto-yellow\" ><img decoding=\"async\"  id=\"image-23-258\" alt=\"Rapport d&#039;inventaire dans le temps de PMP WeTrack sur un \u00e9cran de portable\" src=\"https:\/\/pmpsolutions.ca\/wp-content\/uploads\/2021\/09\/graphic-element-yellow.svg\" class=\"ct-image picto-img\" data-paroller-factor=\"-0.3\" data-paroller-type=\"foreground\" data-paroller-direction=\"horizontal\"\/><\/div><\/div><\/section>\n\n<section id=\"section-109-234\" class=\"ct-section cta-intro-text-wrapper\" ><div class=\"ct-section-inner-wrap\"><div id=\"div_block-261-234\" class=\"ct-div-block cta-intro-text-title\" ><h2 id=\"headline-256-234\" class=\"ct-headline mb-4 h3\">Ma\u00eetrisez votre inventaire.<div>Soyez toujours \u00e0 temps.<\/div><\/h2><div id=\"text_block-259-234\" class=\"ct-text-block cta-intro-text\" >PMP WeTrack\u2122 est le r\u00e9sultat de plus de 15 ans d'exp\u00e9rience \u00e0 travailler dans les usines. Il est con\u00e7u sp\u00e9cifiquement pour suivre le bois, peu importe o\u00f9 il se trouve dans l'usine, et ce pour constamment livrer le bon bois au bon moment. PMP WeTrack est compatible avec la plupart des ERP et compense pour leur manque de connaissances sp\u00e9cifiques \u00e0 l\u2019industrie.<br><br>PMP WeTrack g\u00e8re les r\u00e9ceptions de paquets externes, l\u2019\u00e9tiquetage, la consommation sur une ligne de production, le s\u00e9chage, l\u2019exp\u00e9dition et l\u2019inventaire physique.&nbsp;<div><br><\/div><div>Le logiciel valide les donn\u00e9es \u00e0 chaque \u00e9tape pour \u00e9liminer \u00e0 la source les erreurs qui se propagent tr\u00e8s rapidement dans un gestionnaire d\u2019inventaire conventionnel. Par exemple, la conciliation des paquets produits et consomm\u00e9s, les r\u00e9ceptions et les exp\u00e9ditions, etc.<\/div><\/div><\/div><a id=\"link_button-111-234\" class=\"ct-link-button mt-4 btn mt-3 btn-2 cta-intro-text-btn\" href=\"https:\/\/pmpsolutions.ca\/wp-content\/uploads\/2023\/03\/Fiche-produit-PMP-WeTrack.pdf\" target=\"_self\"  >T\u00e9l\u00e9chargez la fiche<\/a><\/div><\/section>\n\n<div id=\"div_block-9-262\" class=\"ct-div-block ss-img-left alignfull\" ><div id=\"div_block-15-262\" class=\"ct-div-block ss-img-ctn\" ><img decoding=\"async\"  id=\"image-16-262\" alt=\"PMP WeTrack task-specific interface\" src=\"https:\/\/pmpsolutions.ca\/wp-content\/uploads\/2023\/04\/task-specific-interface.jpg\" class=\"ct-image\"\/><\/div><div id=\"div_block-10-262\" class=\"ct-div-block ss-text-ctn\" ><h2 id=\"headline-11-262\" class=\"ct-headline h4 ss-title\">Compatible avec la plupart des ERP<\/h2><div id=\"_rich_text-12-262\" class=\"oxy-rich-text ss-text\" ><p>PMP WeTrack est compatible avec les progiciels de gestion int\u00e9gr\u00e9 les plus populaires du march\u00e9 comme Epicor LumberTrack, Sage 300, SAP ERP Suite, Microsoft Dynamics 365, et ce m\u00eame si c'est un syst\u00e8me corporatif.<\/p>\n<p>PMP WeTrack est con\u00e7u pour suppl\u00e9menter votre prologiciel gr\u00e2ce \u00e0 notre compr\u00e9hension unique de la transformation du bois. Ceci prend la forme d'interfaces et tableaux de bord sp\u00e9cifiques \u00e0 vos t\u00e2ches et processus. Ils tiennent compte de l'acquisition de donn\u00e9es unique au s\u00e9chage et ils minimisent les inventaires inexacts.<\/p>\n<p>Si vous n'avez pas de prologiciel de gestion int\u00e9gr\u00e9, PMP WeTrack peut agir \u00e0 titre de gestionnaire d'inventaire.<\/p><\/div><\/div><\/div>\n\n<div id=\"div_block-100-74\" class=\"ct-div-block ss-img-right alignfull\" ><div id=\"div_block-103-74\" class=\"ct-div-block ss-text-ctn\" ><h2 id=\"headline-104-74\" class=\"ct-headline h4 ss-title\">Du bois toujours disponible aux ventes<\/h2><div id=\"_rich_text-105-74\" class=\"oxy-rich-text ss-text\" ><p style=\"text-align: left;\">PMP WeTrack offre \u00e0 votre \u00e9quipe de ventes une information toujours actualis\u00e9e de vos inventaires, donc lorsqu'un paquet de bois est pr\u00eat, il peut imm\u00e9diatement \u00eatre vendu. Ceci donne de l'agilit\u00e9 \u00e0 votre \u00e9quipe, ce qui lui permet de toujours livrer \u00e0 temps.<\/p>\n<p style=\"text-align: left;\">&nbsp;<\/p>\n<h4 style=\"text-align: left;\">FAITES TRAVAILLER VOS DONN\u00c9ES.<\/h4><\/div><a id=\"link_button-106-74\" class=\"ct-link-button btn btn-outline black ss-btn\" href=\"#show-form-get-a-quote\" target=\"_self\"  >Parlez \u00e0 un expert<\/a><\/div><div id=\"div_block-101-74\" class=\"ct-div-block ss-img-ctn\" ><img decoding=\"async\"  id=\"image-102-74\" alt=\"Bois \u00e9tiquet\u00e9 dans la cour\" src=\"https:\/\/pmpsolutions.ca\/wp-content\/uploads\/2023\/04\/labelled-lumber-in-yard.jpg\" class=\"ct-image\"\/><\/div><\/div>\n\n<div id=\"div_block-9-262\" class=\"ct-div-block ss-img-left alignfull\" ><div id=\"div_block-15-262\" class=\"ct-div-block ss-img-ctn\" ><img decoding=\"async\"  id=\"image-16-262\" alt=\"Power BI report of the inventory provided by PMP TeamMate's PMP WeTrack\" src=\"https:\/\/pmpsolutions.ca\/wp-content\/uploads\/2023\/03\/Inventory-in-time.png\" class=\"ct-image\"\/><\/div><div id=\"div_block-10-262\" class=\"ct-div-block ss-text-ctn\" ><h2 id=\"headline-11-262\" class=\"ct-headline h4 ss-title\">Meilleure analyse<\/h2><div id=\"_rich_text-12-262\" class=\"oxy-rich-text ss-text\" ><p style=\"text-align: left;\">Les outils de visualisation de PMP WeTrack con\u00e7us pour l'industrie de la transformation du bois ne rendent pas seulement l'analyse plus facile, mais aussi beaucoup plus pr\u00e9cise.<\/p><\/div><\/div><\/div>\n\n<div id=\"div_block-100-74\" class=\"ct-div-block ss-img-right alignfull\" ><div id=\"div_block-103-74\" class=\"ct-div-block ss-text-ctn\" ><h2 id=\"headline-104-74\" class=\"ct-headline h4 ss-title\">Suites compl\u00e8tes d'analyse et de rapports<\/h2><div id=\"_rich_text-105-74\" class=\"oxy-rich-text ss-text\" ><p>PMP WeTrack est dot\u00e9 de gammes compl\u00e8tes d\u2019outils d\u2019analyse et de rapports d\u00e9velopp\u00e9s tout particuli\u00e8rement pour vous. Ils vous \u00e9pargnent le temps et l\u2019argent n\u00e9cessaires au d\u00e9veloppement de vos propres rapports.<\/p>\n<p>Vous pourrez donc avoir confiance que vos op\u00e9rations fonctionnent rondement et que vous respecterez vos dates de livraison.<\/p><\/div><a id=\"link_button-106-74\" class=\"ct-link-button btn btn-outline black ss-btn\" href=\"https:\/\/pmpsolutions.ca\/wp-content\/uploads\/2023\/03\/Fiche-produit-PMP-WeTrack.pdf\" target=\"_self\"  >T\u00e9l\u00e9charger la fiche<\/a><\/div><div id=\"div_block-101-74\" class=\"ct-div-block ss-img-ctn\" ><img decoding=\"async\"  id=\"image-102-74\" alt=\"Kiln charge summary report\" src=\"https:\/\/pmpsolutions.ca\/wp-content\/uploads\/2023\/04\/kiln-charge-reports.jpg\" class=\"ct-image\"\/><\/div><\/div>\n\n\n<h3 class=\"wp-block-heading has-text-align-center\">CARACT\u00c9RISTIQUES<\/h3>\n\n\n<div id=\"div_block-9-262\" class=\"ct-div-block ss-img-left alignfull\" ><div id=\"div_block-15-262\" class=\"ct-div-block ss-img-ctn\" ><img decoding=\"async\"  id=\"image-16-262\" alt=\"Current inventory by location\" src=\"https:\/\/pmpsolutions.ca\/wp-content\/uploads\/2023\/04\/current-inventory-by-location.jpg\" class=\"ct-image\"\/><\/div><div id=\"div_block-10-262\" class=\"ct-div-block ss-text-ctn\" ><h2 id=\"headline-11-262\" class=\"ct-headline h4 ss-title\">Visualisations sp\u00e9cifiques aux processus<\/h2><div id=\"_rich_text-12-262\" class=\"oxy-rich-text ss-text\" ><p style=\"text-align: left;\">PMP\u202fWeTrack offers a whole range of process-specific, visualizations, dashboards, and interfaces that contribute to the accuracy of your lumber inventory by minimizing user errors.<\/p>\n<p style=\"text-align: left;\">Because they are designed specifically for the lumber industry, the various PMP WeTrack data visualizations make analysis much easier than generic ERP visualizations.<\/p><\/div><a id=\"link_button-13-262\" class=\"ct-link-button btn btn-outline black ss-btn\" href=\"https:\/\/pmpsolutions.ca\/wp-content\/uploads\/2023\/03\/Fiche-produit-PMP-WeTrack.pdf\" target=\"_self\"  >T\u00e9l\u00e9charger la fiche<\/a><\/div><\/div>\n\n<div id=\"div_block-100-74\" class=\"ct-div-block ss-img-right alignfull\" ><div id=\"div_block-103-74\" class=\"ct-div-block ss-text-ctn\" ><h2 id=\"headline-104-74\" class=\"ct-headline h4 ss-title\">Intelligence d'affaires propuls\u00e9e par Power BI<\/h2><div id=\"_rich_text-105-74\" class=\"oxy-rich-text ss-text\" ><p style=\"text-align: left;\">Obtenez l'information temps r\u00e9el dont votre \u00e9quipe de ventes a besoin pour vendre le bois d\u00e8s qu'il est disponible. Ceci contribue \u00e0 sa capacit\u00e9 \u00e0 vendre et livrer \u00e0 temps.<\/p><\/div><\/div><div id=\"div_block-101-74\" class=\"ct-div-block ss-img-ctn\" ><img decoding=\"async\"  id=\"image-102-74\" alt=\"Laptops on desks with hands and pencils\" src=\"https:\/\/pmpsolutions.ca\/wp-content\/uploads\/2023\/04\/compatible-with-erps.jpg\" class=\"ct-image\"\/><\/div><\/div>\n\n<div id=\"div_block-135-312\" class=\"ct-div-block\" ><section id=\"section-1-312\" class=\"ct-section\" ><div class=\"ct-section-inner-wrap\"><div id=\"div_block-5-312\" class=\"ct-div-block\" ><h3 id=\"headline-2-312\" class=\"ct-headline h3 mb-4\"><div>PMP TeamMate : plus que des rapports<\/div><div>FAITES TRAVAILLER VOS DONN\u00c9ES<\/div><\/h3><div id=\"text_block-3-312\" class=\"ct-text-block translation-block\" >PMP TeamMate est le syst\u00e8me d\u2019exploitation pour votre entreprise de transformation du bois, que vous g\u00e9riez une ou plusieurs usines. Vous pouvez utiliser chaque module de PMP TeamMate individuellement ou combin\u00e9 avec d\u2019autres, mais ils sont tous con\u00e7us pour retirer davantage de votre usine et des gens qui y travaillent, et ce parce que notre solution est votre \u00e9quipier.<\/div><\/div><\/div><\/section><div id=\"_dynamic_list-57-312\" class=\"oxy-dynamic-list\"><div id=\"div_block-58-312-1\" class=\"ct-div-block product-wrapper\" data-id=\"div_block-58-312\"><div id=\"div_block-66-312-1\" class=\"ct-div-block product-preview\" data-id=\"div_block-66-312\"><img decoding=\"async\" id=\"image-67-312-1\" alt=\"\" src=\"\" class=\"ct-image product-preview-img\" data-id=\"image-67-312\"><div id=\"text_block-68-312-1\" class=\"ct-text-block\" data-id=\"text_block-68-312\"><div><span id=\"span-97-312\" class=\"ct-span\" ><\/span><\/div><\/div><\/div><\/div><div id=\"div_block-58-312-2\" class=\"ct-div-block product-wrapper\" data-id=\"div_block-58-312\"><div id=\"div_block-66-312-2\" class=\"ct-div-block product-preview\" data-id=\"div_block-66-312\"><img decoding=\"async\" id=\"image-67-312-2\" alt=\"\" src=\"\" class=\"ct-image product-preview-img\" data-id=\"image-67-312\"><div id=\"text_block-68-312-2\" class=\"ct-text-block\" data-id=\"text_block-68-312\"><div><span id=\"span-97-312\" class=\"ct-span\" ><\/span><\/div><\/div><\/div><\/div><div id=\"div_block-58-312-3\" class=\"ct-div-block product-wrapper\" data-id=\"div_block-58-312\"><div id=\"div_block-66-312-3\" class=\"ct-div-block product-preview\" data-id=\"div_block-66-312\"><img decoding=\"async\" id=\"image-67-312-3\" alt=\"\" src=\"\" class=\"ct-image product-preview-img\" data-id=\"image-67-312\"><div id=\"text_block-68-312-3\" class=\"ct-text-block\" data-id=\"text_block-68-312\"><div><span id=\"span-97-312\" class=\"ct-span\" ><\/span><\/div><\/div><\/div><\/div><div id=\"div_block-58-312-4\" class=\"ct-div-block product-wrapper\" data-id=\"div_block-58-312\"><div id=\"div_block-66-312-4\" class=\"ct-div-block product-preview\" data-id=\"div_block-66-312\"><img decoding=\"async\" id=\"image-67-312-4\" alt=\"\" src=\"\" class=\"ct-image product-preview-img\" data-id=\"image-67-312\"><div id=\"text_block-68-312-4\" class=\"ct-text-block\" data-id=\"text_block-68-312\"><div><span id=\"span-97-312\" class=\"ct-span\" ><\/span><\/div><\/div><\/div><\/div><div id=\"div_block-58-312-5\" class=\"ct-div-block product-wrapper\" data-id=\"div_block-58-312\"><div id=\"div_block-66-312-5\" class=\"ct-div-block product-preview\" data-id=\"div_block-66-312\"><img decoding=\"async\" id=\"image-67-312-5\" alt=\"\" src=\"\" class=\"ct-image product-preview-img\" data-id=\"image-67-312\"><div id=\"text_block-68-312-5\" class=\"ct-text-block\" data-id=\"text_block-68-312\"><div><span id=\"span-97-312\" class=\"ct-span\" ><\/span><\/div><\/div><\/div><\/div>                    \n                                            \n                                        \n                    <\/div>\n<\/div>\n\n<section id=\"section-213-74\" class=\"ct-section data-to-work-ctn\" ><div class=\"ct-section-inner-wrap\"><div id=\"div_block-218-74\" class=\"ct-div-block\" ><h2 id=\"headline-214-74\" class=\"ct-headline h2 data-to-work-title\"><span id=\"span-216-74\" class=\"ct-span oxygenberg-span-216-74 oxygenberg-element\">Commencez \u00e0 faire travailler vos donn\u00e9es.<\/span><\/h2><a id=\"link_button-220-74\" class=\"ct-link-button btn btn-1 mt-5 data-to-work-btn\" href=\"#show-form-get-a-quote\" target=\"_self\"  >Parlez \u00e0 un expert<\/a><\/div><\/div><\/section>","protected":false},"excerpt":{"rendered":"<p>CARACT\u00c9RISTIQUES<\/p>","protected":false},"author":3,"featured_media":0,"parent":74,"menu_order":0,"comment_status":"closed","ping_status":"closed","template":"","meta":{"_acf_changed":false,"footnotes":""},"class_list":["post-2173","page","type-page","status-publish","hentry"],"acf":[],"yoast_head":"<!-- This site is optimized with the Yoast SEO plugin v27.4 - https:\/\/yoast.com\/product\/yoast-seo-wordpress\/ -->\n<title>PMP WeTrack | Simply Accurate. | PMP SOLUTIONS<\/title>\n<meta name=\"description\" content=\"Always knowing where is your wood is essential to your ability to sell it on time. It enhances your agility, and improves your planning and scheduling.\" \/>\n<meta name=\"robots\" content=\"index, follow, max-snippet:-1, max-image-preview:large, max-video-preview:-1\" \/>\n<link rel=\"canonical\" href=\"https:\/\/pmpsolutions.ca\/fr\/produits\/pmp-wetrack\/\" \/>\n<meta property=\"og:locale\" content=\"fr_CA\" \/>\n<meta property=\"og:type\" content=\"article\" \/>\n<meta property=\"og:title\" content=\"PMP WeTrack | Simply Accurate. | PMP SOLUTIONS\" \/>\n<meta property=\"og:description\" content=\"Always knowing where is your wood is essential to your ability to sell it on time. It enhances your agility, and improves your planning and scheduling.\" \/>\n<meta property=\"og:url\" content=\"https:\/\/pmpsolutions.ca\/fr\/produits\/pmp-wetrack\/\" \/>\n<meta property=\"og:site_name\" content=\"PMP SOLUTIONS\" \/>\n<meta property=\"article:modified_time\" content=\"2023-04-13T20:01:15+00:00\" \/>\n<meta name=\"twitter:card\" content=\"summary_large_image\" \/>\n<meta name=\"twitter:label1\" content=\"Estimation du temps de lecture\" \/>\n\t<meta name=\"twitter:data1\" content=\"1 minute\" \/>\n<script type=\"application\/ld+json\" class=\"yoast-schema-graph\">{\"@context\":\"https:\\\/\\\/schema.org\",\"@graph\":[{\"@type\":\"WebPage\",\"@id\":\"https:\\\/\\\/pmpsolutions.ca\\\/products\\\/pmp-wetrack\\\/\",\"url\":\"https:\\\/\\\/pmpsolutions.ca\\\/products\\\/pmp-wetrack\\\/\",\"name\":\"PMP WeTrack | Simply Accurate. | PMP SOLUTIONS\",\"isPartOf\":{\"@id\":\"https:\\\/\\\/pmpsolutions.ca\\\/#website\"},\"datePublished\":\"2023-03-02T16:16:21+00:00\",\"dateModified\":\"2023-04-13T20:01:15+00:00\",\"description\":\"Always knowing where is your wood is essential to your ability to sell it on time. It enhances your agility, and improves your planning and scheduling.\",\"breadcrumb\":{\"@id\":\"https:\\\/\\\/pmpsolutions.ca\\\/products\\\/pmp-wetrack\\\/#breadcrumb\"},\"inLanguage\":\"fr-CA\",\"potentialAction\":[{\"@type\":\"ReadAction\",\"target\":[\"https:\\\/\\\/pmpsolutions.ca\\\/products\\\/pmp-wetrack\\\/\"]}]},{\"@type\":\"BreadcrumbList\",\"@id\":\"https:\\\/\\\/pmpsolutions.ca\\\/products\\\/pmp-wetrack\\\/#breadcrumb\",\"itemListElement\":[{\"@type\":\"ListItem\",\"position\":1,\"name\":\"Home\",\"item\":\"https:\\\/\\\/pmpsolutions.ca\\\/en\\\/\"},{\"@type\":\"ListItem\",\"position\":2,\"name\":\"Products\",\"item\":\"https:\\\/\\\/pmpsolutions.ca\\\/en\\\/products\\\/\"},{\"@type\":\"ListItem\",\"position\":3,\"name\":\"PMP WeTrack\"}]},{\"@type\":\"WebSite\",\"@id\":\"https:\\\/\\\/pmpsolutions.ca\\\/#website\",\"url\":\"https:\\\/\\\/pmpsolutions.ca\\\/\",\"name\":\"PMP SOLUTIONS\",\"description\":\"Driving wood transformation\",\"publisher\":{\"@id\":\"https:\\\/\\\/pmpsolutions.ca\\\/#organization\"},\"potentialAction\":[{\"@type\":\"SearchAction\",\"target\":{\"@type\":\"EntryPoint\",\"urlTemplate\":\"https:\\\/\\\/pmpsolutions.ca\\\/?s={search_term_string}\"},\"query-input\":{\"@type\":\"PropertyValueSpecification\",\"valueRequired\":true,\"valueName\":\"search_term_string\"}}],\"inLanguage\":\"fr-CA\"},{\"@type\":\"Organization\",\"@id\":\"https:\\\/\\\/pmpsolutions.ca\\\/#organization\",\"name\":\"PMP SOLUTIONS\",\"url\":\"https:\\\/\\\/pmpsolutions.ca\\\/\",\"logo\":{\"@type\":\"ImageObject\",\"inLanguage\":\"fr-CA\",\"@id\":\"https:\\\/\\\/pmpsolutions.ca\\\/#\\\/schema\\\/logo\\\/image\\\/\",\"url\":\"https:\\\/\\\/pmpsolutions.ca\\\/wp-content\\\/uploads\\\/2021\\\/10\\\/logo-pmp.png\",\"contentUrl\":\"https:\\\/\\\/pmpsolutions.ca\\\/wp-content\\\/uploads\\\/2021\\\/10\\\/logo-pmp.png\",\"width\":288,\"height\":189,\"caption\":\"PMP SOLUTIONS\"},\"image\":{\"@id\":\"https:\\\/\\\/pmpsolutions.ca\\\/#\\\/schema\\\/logo\\\/image\\\/\"},\"sameAs\":[\"https:\\\/\\\/www.linkedin.com\\\/company\\\/pmp-solutions\\\/\",\"https:\\\/\\\/www.youtube.com\\\/channel\\\/UCSPfsI0cvknrEFMS0KPL9nA\"]}]}<\/script>\n<!-- \/ Yoast SEO plugin. -->","yoast_head_json":{"title":"PMP WeTrack | Simply Accurate. | PMP SOLUTIONS","description":"Always knowing where is your wood is essential to your ability to sell it on time. It enhances your agility, and improves your planning and scheduling.","robots":{"index":"index","follow":"follow","max-snippet":"max-snippet:-1","max-image-preview":"max-image-preview:large","max-video-preview":"max-video-preview:-1"},"canonical":"https:\/\/pmpsolutions.ca\/fr\/produits\/pmp-wetrack\/","og_locale":"fr_CA","og_type":"article","og_title":"PMP WeTrack | Simply Accurate. | PMP SOLUTIONS","og_description":"Always knowing where is your wood is essential to your ability to sell it on time. It enhances your agility, and improves your planning and scheduling.","og_url":"https:\/\/pmpsolutions.ca\/fr\/produits\/pmp-wetrack\/","og_site_name":"PMP SOLUTIONS","article_modified_time":"2023-04-13T20:01:15+00:00","twitter_card":"summary_large_image","twitter_misc":{"Estimation du temps de lecture":"1 minute"},"schema":{"@context":"https:\/\/schema.org","@graph":[{"@type":"WebPage","@id":"https:\/\/pmpsolutions.ca\/products\/pmp-wetrack\/","url":"https:\/\/pmpsolutions.ca\/products\/pmp-wetrack\/","name":"PMP WeTrack | Simply Accurate. | PMP SOLUTIONS","isPartOf":{"@id":"https:\/\/pmpsolutions.ca\/#website"},"datePublished":"2023-03-02T16:16:21+00:00","dateModified":"2023-04-13T20:01:15+00:00","description":"Always knowing where is your wood is essential to your ability to sell it on time. It enhances your agility, and improves your planning and scheduling.","breadcrumb":{"@id":"https:\/\/pmpsolutions.ca\/products\/pmp-wetrack\/#breadcrumb"},"inLanguage":"fr-CA","potentialAction":[{"@type":"ReadAction","target":["https:\/\/pmpsolutions.ca\/products\/pmp-wetrack\/"]}]},{"@type":"BreadcrumbList","@id":"https:\/\/pmpsolutions.ca\/products\/pmp-wetrack\/#breadcrumb","itemListElement":[{"@type":"ListItem","position":1,"name":"Home","item":"https:\/\/pmpsolutions.ca\/en\/"},{"@type":"ListItem","position":2,"name":"Products","item":"https:\/\/pmpsolutions.ca\/en\/products\/"},{"@type":"ListItem","position":3,"name":"PMP WeTrack"}]},{"@type":"WebSite","@id":"https:\/\/pmpsolutions.ca\/#website","url":"https:\/\/pmpsolutions.ca\/","name":"PMP SOLUTIONS","description":"Driving wood transformation","publisher":{"@id":"https:\/\/pmpsolutions.ca\/#organization"},"potentialAction":[{"@type":"SearchAction","target":{"@type":"EntryPoint","urlTemplate":"https:\/\/pmpsolutions.ca\/?s={search_term_string}"},"query-input":{"@type":"PropertyValueSpecification","valueRequired":true,"valueName":"search_term_string"}}],"inLanguage":"fr-CA"},{"@type":"Organization","@id":"https:\/\/pmpsolutions.ca\/#organization","name":"PMP SOLUTIONS","url":"https:\/\/pmpsolutions.ca\/","logo":{"@type":"ImageObject","inLanguage":"fr-CA","@id":"https:\/\/pmpsolutions.ca\/#\/schema\/logo\/image\/","url":"https:\/\/pmpsolutions.ca\/wp-content\/uploads\/2021\/10\/logo-pmp.png","contentUrl":"https:\/\/pmpsolutions.ca\/wp-content\/uploads\/2021\/10\/logo-pmp.png","width":288,"height":189,"caption":"PMP SOLUTIONS"},"image":{"@id":"https:\/\/pmpsolutions.ca\/#\/schema\/logo\/image\/"},"sameAs":["https:\/\/www.linkedin.com\/company\/pmp-solutions\/","https:\/\/www.youtube.com\/channel\/UCSPfsI0cvknrEFMS0KPL9nA"]}]}},"_links":{"self":[{"href":"https:\/\/pmpsolutions.ca\/fr\/wp-json\/wp\/v2\/pages\/2173","targetHints":{"allow":["GET"]}}],"collection":[{"href":"https:\/\/pmpsolutions.ca\/fr\/wp-json\/wp\/v2\/pages"}],"about":[{"href":"https:\/\/pmpsolutions.ca\/fr\/wp-json\/wp\/v2\/types\/page"}],"author":[{"embeddable":true,"href":"https:\/\/pmpsolutions.ca\/fr\/wp-json\/wp\/v2\/users\/3"}],"replies":[{"embeddable":true,"href":"https:\/\/pmpsolutions.ca\/fr\/wp-json\/wp\/v2\/comments?post=2173"}],"version-history":[{"count":44,"href":"https:\/\/pmpsolutions.ca\/fr\/wp-json\/wp\/v2\/pages\/2173\/revisions"}],"predecessor-version":[{"id":2672,"href":"https:\/\/pmpsolutions.ca\/fr\/wp-json\/wp\/v2\/pages\/2173\/revisions\/2672"}],"up":[{"embeddable":true,"href":"https:\/\/pmpsolutions.ca\/fr\/wp-json\/wp\/v2\/pages\/74"}],"wp:attachment":[{"href":"https:\/\/pmpsolutions.ca\/fr\/wp-json\/wp\/v2\/media?parent=2173"}],"curies":[{"name":"wp","href":"https:\/\/api.w.org\/{rel}","templated":true}]}}