{"id":2032,"date":"2023-02-16T15:11:19","date_gmt":"2023-02-16T20:11:19","guid":{"rendered":"https:\/\/pmpsolutions.ca\/?page_id=2032"},"modified":"2023-04-13T13:02:38","modified_gmt":"2023-04-13T18:02:38","slug":"pmp-weschedule","status":"publish","type":"page","link":"https:\/\/pmpsolutions.ca\/fr\/produits\/pmp-weschedule\/","title":{"rendered":"PMP WeSchedule"},"content":{"rendered":"<section id=\"section-102-234\" class=\"ct-section inset-left white header-banner hero-banner alignfull bloc-hero-banner\" style=\"background-image:url(https:\/\/pmpsolutions.ca\/wp-content\/uploads\/2023\/04\/pmp-weschedule-hero.jpg);background-size: cover;\" ><div class=\"ct-section-inner-wrap\"><div id=\"new_columns-103-234\" class=\"ct-new-columns\" ><div id=\"div_block-104-234\" class=\"ct-div-block hero-text-ctn\" ><div id=\"text_block-21-258\" class=\"ct-text-block section-name hero-top-text\" ><br><\/div><h1 id=\"headline-105-234\" class=\"ct-headline h1 text-uppercase hero-title\">PMP WeSchedule<\/h1><div id=\"text_block-106-234\" class=\"ct-text-block mb-3 hero-text\" ><div><b>Module de planification des ventes et des op\u00e9rations de PMP TeamMate<\/b><\/div>La planification des ventes et des op\u00e9rations est l'endroit d'o\u00f9 viennent les priorit\u00e9s et la direction. Elle est essentielle pour tirer le maximum de votre mati\u00e8re premi\u00e8re et vos employ\u00e9s.<\/div><\/div><div id=\"div_block-108-234\" class=\"ct-div-block\" ><\/div><\/div><div id=\"div_block-22-258\" class=\"ct-div-block picto-yellow\" ><img decoding=\"async\"  id=\"image-23-258\" alt=\"\u00c9cran de planification des ventes et des op\u00e9rations de PMP WeSchedule sur un \u00e9cran de portable\" src=\"https:\/\/pmpsolutions.ca\/wp-content\/uploads\/2021\/09\/graphic-element-yellow.svg\" class=\"ct-image picto-img\" data-paroller-factor=\"-0.3\" data-paroller-type=\"foreground\" data-paroller-direction=\"horizontal\"\/><\/div><\/div><\/section>\n\n<section id=\"section-109-234\" class=\"ct-section cta-intro-text-wrapper\" ><div class=\"ct-section-inner-wrap\"><div id=\"div_block-261-234\" class=\"ct-div-block cta-intro-text-title\" ><h2 id=\"headline-256-234\" class=\"ct-headline mb-4 h3\">Coordonnez vos ventes et vos op\u00e9rations pour toujours produire le bon bois<\/h2><div id=\"text_block-259-234\" class=\"ct-text-block cta-intro-text\" >PMP WeSchedule\u2122 est le r\u00e9sultat de plus de 15 ans \u00e0 travailler avec plus de 100 usines pour parfaitement coordonner vos ventes et vos op\u00e9rations afin de toujours livrer \u00e0 temps le bon bois \u00e0 vos clients.<div><br><\/div><div>Comme tout ce que nous d\u00e9veloppons, PMP WeSchedule est con\u00e7u pour r\u00e9pondre aux besoins particuliers de l'industrie de la transformation du bois. Avec tout le bran de scie sur nos bottes, nous comprenons vraiment que vos usines ne fonctionnent pas de la m\u00eame fa\u00e7on que celles d'autres industries manufacturi\u00e8res.<\/div><\/div><\/div><a id=\"link_button-111-234\" class=\"ct-link-button mt-4 btn mt-3 btn-2 cta-intro-text-btn\" href=\"#show-form-get-a-quote\" target=\"_self\"  >Parlez avec un experts pour en apprendre plus<\/a><\/div><\/section>\n\n<div id=\"div_block-9-262\" class=\"ct-div-block ss-img-left alignfull\" ><div id=\"div_block-15-262\" class=\"ct-div-block ss-img-ctn\" ><img decoding=\"async\"  id=\"image-16-262\" alt=\"Planification des ventes et des op\u00e9rations avec PMP WeSchedule sur \u00e9cran de portable\" src=\"https:\/\/pmpsolutions.ca\/wp-content\/uploads\/2023\/04\/sales-and-operations-planning-pmp-weschedule.jpg\" class=\"ct-image\"\/><\/div><div id=\"div_block-10-262\" class=\"ct-div-block ss-text-ctn\" ><h2 id=\"headline-11-262\" class=\"ct-headline h4 ss-title\">Livrez toujours \u00e0 temps<\/h2><div id=\"_rich_text-12-262\" class=\"oxy-rich-text ss-text\" ><p>Les commandes pour vos produits de sp\u00e9cialit\u00e9 n\u2019arrivent pas toujours \u00e0 intervalles r\u00e9guliers ou en quantit\u00e9s fixes. L\u2019arriv\u00e9e de telles commandes cause toujours un stress op\u00e9rationnel. PMP WeSchedule offre la polyvalence n\u00e9cessaire pour r\u00e9organiser rapidement votre planification et vos bons de travail sans perturber l\u2019ensemble de votre cha\u00eene d\u2019approvisionnement. Notre logiciel permet \u00e9galement d\u2019estimer avec pr\u00e9cision la date d\u2019ach\u00e8vement des vos commandes, ce qui rend l\u2019exp\u00e9dition d\u2019autant plus simple. Tout ceci contribue au respect des promesses de ventes et \u00e0 la r\u00e9duction de frais inutiles comme le temps suppl\u00e9mentaire.<\/p><\/div><a id=\"link_button-13-262\" class=\"ct-link-button btn btn-outline black ss-btn\" href=\"https:\/\/pmpsolutions.ca\/wp-content\/uploads\/2023\/02\/Fiche-produit-PMP-WeSchedule-Bois-oeuvre.pdf\" target=\"_self\"  >PMP WeSchedule pour le bois d'oeuvre<\/a><\/div><\/div>\n\n<div id=\"div_block-100-74\" class=\"ct-div-block ss-img-right alignfull\" ><div id=\"div_block-103-74\" class=\"ct-div-block ss-text-ctn\" ><h2 id=\"headline-104-74\" class=\"ct-headline h4 ss-title\">Am\u00e9liorez vos pr\u00e9visions de ventes et votre agilit\u00e9<\/h2><div id=\"_rich_text-105-74\" class=\"oxy-rich-text ss-text\" ><p>Savoir exactement ce que vous poss\u00e9dez en inventaire et ce qui est en production offre \u00e0 votre \u00e9quipe de ventes la chance de pouvoir saisir les opportunit\u00e9s surprises, et ce sans compl\u00e8tement perturber toute la planification. PMP WeSchedule est con\u00e7u pour vous aider \u00e0 minimiser l\u2019impact des modifications inattendues \u00e0 une production, ce qui limite les perturbations. Le logiciel \u00e9limine aussi le besoin d\u2019ajuster fr\u00e9quemment la planification puisqu\u2019il factorise les inventaires et les bons de commandes, ce qui am\u00e9liore la communication verticale dans l\u2019usine et votre capacit\u00e9 \u00e0 livrer \u00e0 temps.<\/p>\n<p>\u00catre en mesure de faire volte-face \u00e0 tout moment vous permet d\u2019offrir plus de produits, tout en respectant vos promesses.<\/p><\/div><a id=\"link_button-106-74\" class=\"ct-link-button btn btn-outline black ss-btn\" href=\"https:\/\/pmpsolutions.ca\/wp-content\/uploads\/2023\/02\/Fiche-produit-PMP-WeSchedule-Bois-franc.pdf\" target=\"_self\"  >PMP WeSchedule pour le bois franc<\/a><\/div><div id=\"div_block-101-74\" class=\"ct-div-block ss-img-ctn\" ><img decoding=\"async\"  id=\"image-102-74\" alt=\"Capacity forecasting with PMP WeSchedule on laptop screen\" src=\"https:\/\/pmpsolutions.ca\/wp-content\/uploads\/2023\/04\/capacity-forecast-pmp-weschedule.jpg\" class=\"ct-image\"\/><\/div><\/div>\n\n<div id=\"div_block-9-262\" class=\"ct-div-block ss-img-left alignfull\" ><div id=\"div_block-15-262\" class=\"ct-div-block ss-img-ctn\" ><img decoding=\"async\"  id=\"image-16-262\" alt=\"Vue a\u00e9rienne d&#039;une scierie sur le bord de l&#039;eau\" src=\"https:\/\/pmpsolutions.ca\/wp-content\/uploads\/2023\/04\/mill-aerial-view.jpg\" class=\"ct-image\"\/><\/div><div id=\"div_block-10-262\" class=\"ct-div-block ss-text-ctn\" ><h2 id=\"headline-11-262\" class=\"ct-headline h4 ss-title\">Vision op\u00e9rationnelle d\u2019ensemble<\/h2><div id=\"_rich_text-12-262\" class=\"oxy-rich-text ss-text\" ><p style=\"text-align: left;\">Avoir acc\u00e8s \u00e0 un survol complet de chaque \u00e9tape du processus de production (sur la p\u00e9riode qui importe) offre \u00e0 tous les intervenants de votre entreprise de comprendre ce qui s\u2019en vient.<\/p><\/div><\/div><\/div>\n\n<div id=\"div_block-100-74\" class=\"ct-div-block ss-img-right alignfull\" ><div id=\"div_block-103-74\" class=\"ct-div-block ss-text-ctn\" ><h2 id=\"headline-104-74\" class=\"ct-headline h4 ss-title\">Mais vous n'avez pas \u00e0 nous croire sur parole<\/h2><div id=\"_rich_text-105-74\" class=\"oxy-rich-text ss-text\" ><p style=\"text-align: left;\">D\u00e9couvrez comment, pendant le pire de la crise du bois de 2006\u20132009, Maibec (maintenant dans le <a href=\"https:\/\/groupelebel.com\/\" target=\"_blank\" rel=\"noopener\">Groupe Lebel<\/a>) a r\u00e9ussi \u00e0 utiliser PMP WeSchedule, entre autres, pour optimiser ses op\u00e9rations, pour lui permettre d'atteindre une&nbsp;<strong>augmentation de capacit\u00e9 de s\u00e9chage de 20% <\/strong>et une&nbsp;<strong>augmentation de la valeur de son panier de produits de 33%<\/strong>.&nbsp;<\/p><\/div><a id=\"link_button-106-74\" class=\"ct-link-button btn btn-outline black ss-btn\" href=\"https:\/\/pmpsolutions.ca\/fr\/etudes-de-cas\/ameliorer-pour-augmenter-le-debit-et-la-qualite-du-sechage\/\" target=\"_self\"  >Lire l'\u00e9tude de cas<\/a><\/div><div id=\"div_block-101-74\" class=\"ct-div-block ss-img-ctn\" ><img decoding=\"async\"  id=\"image-102-74\" alt=\"Groupe Lebel\" src=\"https:\/\/pmpsolutions.ca\/wp-content\/uploads\/2023\/01\/logo-groupe-lebel.png\" class=\"ct-image\"\/><\/div><\/div>\n\n<div id=\"div_block-135-312\" class=\"ct-div-block\" ><section id=\"section-1-312\" class=\"ct-section\" ><div class=\"ct-section-inner-wrap\"><div id=\"div_block-5-312\" class=\"ct-div-block\" ><h3 id=\"headline-2-312\" class=\"ct-headline h3 mb-4\"><div>PMP TeamMate : faites travailler vos donn\u00e9es<\/div><\/h3><div id=\"text_block-3-312\" class=\"ct-text-block translation-block\" >PMP TeamMate est le syst\u00e8me d\u2019exploitation pour votre entreprise de transformation du bois, que vous g\u00e9riez une ou plusieurs usines. Vous pouvez utiliser chaque module de PMP TeamMate individuellement ou combin\u00e9 avec d\u2019autres, mais ils sont tous con\u00e7us pour retirer davantage de votre usine et des gens qui y travaillent, et ce parce que notre solution est votre \u00e9quipier.<\/div><\/div><\/div><\/section><div id=\"_dynamic_list-57-312\" class=\"oxy-dynamic-list\"><div id=\"div_block-58-312-1\" class=\"ct-div-block product-wrapper\" data-id=\"div_block-58-312\"><div id=\"div_block-66-312-1\" class=\"ct-div-block product-preview\" data-id=\"div_block-66-312\"><img decoding=\"async\" id=\"image-67-312-1\" alt=\"\" src=\"\" class=\"ct-image product-preview-img\" data-id=\"image-67-312\"><div id=\"text_block-68-312-1\" class=\"ct-text-block\" data-id=\"text_block-68-312\"><div><span id=\"span-97-312\" class=\"ct-span\" ><\/span><\/div><\/div><\/div><\/div><div id=\"div_block-58-312-2\" class=\"ct-div-block product-wrapper\" data-id=\"div_block-58-312\"><div id=\"div_block-66-312-2\" class=\"ct-div-block product-preview\" data-id=\"div_block-66-312\"><img decoding=\"async\" id=\"image-67-312-2\" alt=\"\" src=\"\" class=\"ct-image product-preview-img\" data-id=\"image-67-312\"><div id=\"text_block-68-312-2\" class=\"ct-text-block\" data-id=\"text_block-68-312\"><div><span id=\"span-97-312\" class=\"ct-span\" ><\/span><\/div><\/div><\/div><\/div><div id=\"div_block-58-312-3\" class=\"ct-div-block product-wrapper\" data-id=\"div_block-58-312\"><div id=\"div_block-66-312-3\" class=\"ct-div-block product-preview\" data-id=\"div_block-66-312\"><img decoding=\"async\" id=\"image-67-312-3\" alt=\"\" src=\"\" class=\"ct-image product-preview-img\" data-id=\"image-67-312\"><div id=\"text_block-68-312-3\" class=\"ct-text-block\" data-id=\"text_block-68-312\"><div><span id=\"span-97-312\" class=\"ct-span\" ><\/span><\/div><\/div><\/div><\/div><div id=\"div_block-58-312-4\" class=\"ct-div-block product-wrapper\" data-id=\"div_block-58-312\"><div id=\"div_block-66-312-4\" class=\"ct-div-block product-preview\" data-id=\"div_block-66-312\"><img decoding=\"async\" id=\"image-67-312-4\" alt=\"\" src=\"\" class=\"ct-image product-preview-img\" data-id=\"image-67-312\"><div id=\"text_block-68-312-4\" class=\"ct-text-block\" data-id=\"text_block-68-312\"><div><span id=\"span-97-312\" class=\"ct-span\" ><\/span><\/div><\/div><\/div><\/div><div id=\"div_block-58-312-5\" class=\"ct-div-block product-wrapper\" data-id=\"div_block-58-312\"><div id=\"div_block-66-312-5\" class=\"ct-div-block product-preview\" data-id=\"div_block-66-312\"><img decoding=\"async\" id=\"image-67-312-5\" alt=\"\" src=\"\" class=\"ct-image product-preview-img\" data-id=\"image-67-312\"><div id=\"text_block-68-312-5\" class=\"ct-text-block\" data-id=\"text_block-68-312\"><div><span id=\"span-97-312\" class=\"ct-span\" ><\/span><\/div><\/div><\/div><\/div>                    \n                                            \n                                        \n                    <\/div>\n<\/div>\n\n<section id=\"section-213-74\" class=\"ct-section data-to-work-ctn\" ><div class=\"ct-section-inner-wrap\"><div id=\"div_block-218-74\" class=\"ct-div-block\" ><h2 id=\"headline-214-74\" class=\"ct-headline h2 data-to-work-title\"><span id=\"span-216-74\" class=\"ct-span oxygenberg-span-216-74 oxygenberg-element\">Commencez \u00e0 faire travailler vos donn\u00e9es.<\/span><\/h2><a id=\"link_button-220-74\" class=\"ct-link-button btn btn-1 mt-5 data-to-work-btn\" href=\"#show-form-get-a-quote\" target=\"_self\"  >Parlez \u00e0 un expert<\/a><\/div><\/div><\/section>","protected":false},"excerpt":{"rendered":"","protected":false},"author":3,"featured_media":0,"parent":74,"menu_order":0,"comment_status":"closed","ping_status":"closed","template":"","meta":{"_acf_changed":false,"footnotes":""},"class_list":["post-2032","page","type-page","status-publish","hentry"],"acf":[],"yoast_head":"<!-- This site is optimized with the Yoast SEO plugin v27.4 - https:\/\/yoast.com\/product\/yoast-seo-wordpress\/ -->\n<title>PMP WeSchedule \u2014 Always available. On time. | PMP SOLUTIONS<\/title>\n<meta name=\"description\" content=\"Sales and operations planning (S&amp;OP) is essential to your success. See how PMP WeSchedule can make it easier and more efficient.\" \/>\n<meta name=\"robots\" content=\"index, follow, max-snippet:-1, max-image-preview:large, max-video-preview:-1\" \/>\n<link rel=\"canonical\" href=\"https:\/\/pmpsolutions.ca\/fr\/produits\/pmp-weschedule\/\" \/>\n<meta property=\"og:locale\" content=\"fr_CA\" \/>\n<meta property=\"og:type\" content=\"article\" \/>\n<meta property=\"og:title\" content=\"PMP WeSchedule \u2014 Always available. On time. | PMP SOLUTIONS\" \/>\n<meta property=\"og:description\" content=\"Sales and operations planning (S&amp;OP) is essential to your success. See how PMP WeSchedule can make it easier and more efficient.\" \/>\n<meta property=\"og:url\" content=\"https:\/\/pmpsolutions.ca\/fr\/produits\/pmp-weschedule\/\" \/>\n<meta property=\"og:site_name\" content=\"PMP SOLUTIONS\" \/>\n<meta property=\"article:modified_time\" content=\"2023-04-13T18:02:38+00:00\" \/>\n<meta name=\"twitter:card\" content=\"summary_large_image\" \/>\n<script type=\"application\/ld+json\" class=\"yoast-schema-graph\">{\"@context\":\"https:\\\/\\\/schema.org\",\"@graph\":[{\"@type\":\"WebPage\",\"@id\":\"https:\\\/\\\/pmpsolutions.ca\\\/en\\\/products\\\/pmp-weschedule\\\/\",\"url\":\"https:\\\/\\\/pmpsolutions.ca\\\/en\\\/products\\\/pmp-weschedule\\\/\",\"name\":\"PMP WeSchedule \u2014 Always available. On time. | PMP SOLUTIONS\",\"isPartOf\":{\"@id\":\"https:\\\/\\\/pmpsolutions.ca\\\/#website\"},\"datePublished\":\"2023-02-16T20:11:19+00:00\",\"dateModified\":\"2023-04-13T18:02:38+00:00\",\"description\":\"Sales and operations planning (S&OP) is essential to your success. See how PMP WeSchedule can make it easier and more efficient.\",\"breadcrumb\":{\"@id\":\"https:\\\/\\\/pmpsolutions.ca\\\/en\\\/products\\\/pmp-weschedule\\\/#breadcrumb\"},\"inLanguage\":\"fr-CA\",\"potentialAction\":[{\"@type\":\"ReadAction\",\"target\":[\"https:\\\/\\\/pmpsolutions.ca\\\/en\\\/products\\\/pmp-weschedule\\\/\"]}]},{\"@type\":\"BreadcrumbList\",\"@id\":\"https:\\\/\\\/pmpsolutions.ca\\\/en\\\/products\\\/pmp-weschedule\\\/#breadcrumb\",\"itemListElement\":[{\"@type\":\"ListItem\",\"position\":1,\"name\":\"Home\",\"item\":\"https:\\\/\\\/pmpsolutions.ca\\\/en\\\/\"},{\"@type\":\"ListItem\",\"position\":2,\"name\":\"Products\",\"item\":\"https:\\\/\\\/pmpsolutions.ca\\\/en\\\/products\\\/\"},{\"@type\":\"ListItem\",\"position\":3,\"name\":\"PMP WeSchedule\"}]},{\"@type\":\"WebSite\",\"@id\":\"https:\\\/\\\/pmpsolutions.ca\\\/#website\",\"url\":\"https:\\\/\\\/pmpsolutions.ca\\\/\",\"name\":\"PMP SOLUTIONS\",\"description\":\"Driving wood transformation\",\"publisher\":{\"@id\":\"https:\\\/\\\/pmpsolutions.ca\\\/#organization\"},\"potentialAction\":[{\"@type\":\"SearchAction\",\"target\":{\"@type\":\"EntryPoint\",\"urlTemplate\":\"https:\\\/\\\/pmpsolutions.ca\\\/?s={search_term_string}\"},\"query-input\":{\"@type\":\"PropertyValueSpecification\",\"valueRequired\":true,\"valueName\":\"search_term_string\"}}],\"inLanguage\":\"fr-CA\"},{\"@type\":\"Organization\",\"@id\":\"https:\\\/\\\/pmpsolutions.ca\\\/#organization\",\"name\":\"PMP SOLUTIONS\",\"url\":\"https:\\\/\\\/pmpsolutions.ca\\\/\",\"logo\":{\"@type\":\"ImageObject\",\"inLanguage\":\"fr-CA\",\"@id\":\"https:\\\/\\\/pmpsolutions.ca\\\/#\\\/schema\\\/logo\\\/image\\\/\",\"url\":\"https:\\\/\\\/pmpsolutions.ca\\\/wp-content\\\/uploads\\\/2021\\\/10\\\/logo-pmp.png\",\"contentUrl\":\"https:\\\/\\\/pmpsolutions.ca\\\/wp-content\\\/uploads\\\/2021\\\/10\\\/logo-pmp.png\",\"width\":288,\"height\":189,\"caption\":\"PMP SOLUTIONS\"},\"image\":{\"@id\":\"https:\\\/\\\/pmpsolutions.ca\\\/#\\\/schema\\\/logo\\\/image\\\/\"},\"sameAs\":[\"https:\\\/\\\/www.linkedin.com\\\/company\\\/pmp-solutions\\\/\",\"https:\\\/\\\/www.youtube.com\\\/channel\\\/UCSPfsI0cvknrEFMS0KPL9nA\"]}]}<\/script>\n<!-- \/ Yoast SEO plugin. -->","yoast_head_json":{"title":"PMP WeSchedule \u2014 Always available. On time. | PMP SOLUTIONS","description":"Sales and operations planning (S&OP) is essential to your success. See how PMP WeSchedule can make it easier and more efficient.","robots":{"index":"index","follow":"follow","max-snippet":"max-snippet:-1","max-image-preview":"max-image-preview:large","max-video-preview":"max-video-preview:-1"},"canonical":"https:\/\/pmpsolutions.ca\/fr\/produits\/pmp-weschedule\/","og_locale":"fr_CA","og_type":"article","og_title":"PMP WeSchedule \u2014 Always available. On time. | PMP SOLUTIONS","og_description":"Sales and operations planning (S&OP) is essential to your success. See how PMP WeSchedule can make it easier and more efficient.","og_url":"https:\/\/pmpsolutions.ca\/fr\/produits\/pmp-weschedule\/","og_site_name":"PMP SOLUTIONS","article_modified_time":"2023-04-13T18:02:38+00:00","twitter_card":"summary_large_image","schema":{"@context":"https:\/\/schema.org","@graph":[{"@type":"WebPage","@id":"https:\/\/pmpsolutions.ca\/en\/products\/pmp-weschedule\/","url":"https:\/\/pmpsolutions.ca\/en\/products\/pmp-weschedule\/","name":"PMP WeSchedule \u2014 Always available. On time. | PMP SOLUTIONS","isPartOf":{"@id":"https:\/\/pmpsolutions.ca\/#website"},"datePublished":"2023-02-16T20:11:19+00:00","dateModified":"2023-04-13T18:02:38+00:00","description":"Sales and operations planning (S&OP) is essential to your success. See how PMP WeSchedule can make it easier and more efficient.","breadcrumb":{"@id":"https:\/\/pmpsolutions.ca\/en\/products\/pmp-weschedule\/#breadcrumb"},"inLanguage":"fr-CA","potentialAction":[{"@type":"ReadAction","target":["https:\/\/pmpsolutions.ca\/en\/products\/pmp-weschedule\/"]}]},{"@type":"BreadcrumbList","@id":"https:\/\/pmpsolutions.ca\/en\/products\/pmp-weschedule\/#breadcrumb","itemListElement":[{"@type":"ListItem","position":1,"name":"Home","item":"https:\/\/pmpsolutions.ca\/en\/"},{"@type":"ListItem","position":2,"name":"Products","item":"https:\/\/pmpsolutions.ca\/en\/products\/"},{"@type":"ListItem","position":3,"name":"PMP WeSchedule"}]},{"@type":"WebSite","@id":"https:\/\/pmpsolutions.ca\/#website","url":"https:\/\/pmpsolutions.ca\/","name":"PMP SOLUTIONS","description":"Driving wood transformation","publisher":{"@id":"https:\/\/pmpsolutions.ca\/#organization"},"potentialAction":[{"@type":"SearchAction","target":{"@type":"EntryPoint","urlTemplate":"https:\/\/pmpsolutions.ca\/?s={search_term_string}"},"query-input":{"@type":"PropertyValueSpecification","valueRequired":true,"valueName":"search_term_string"}}],"inLanguage":"fr-CA"},{"@type":"Organization","@id":"https:\/\/pmpsolutions.ca\/#organization","name":"PMP SOLUTIONS","url":"https:\/\/pmpsolutions.ca\/","logo":{"@type":"ImageObject","inLanguage":"fr-CA","@id":"https:\/\/pmpsolutions.ca\/#\/schema\/logo\/image\/","url":"https:\/\/pmpsolutions.ca\/wp-content\/uploads\/2021\/10\/logo-pmp.png","contentUrl":"https:\/\/pmpsolutions.ca\/wp-content\/uploads\/2021\/10\/logo-pmp.png","width":288,"height":189,"caption":"PMP SOLUTIONS"},"image":{"@id":"https:\/\/pmpsolutions.ca\/#\/schema\/logo\/image\/"},"sameAs":["https:\/\/www.linkedin.com\/company\/pmp-solutions\/","https:\/\/www.youtube.com\/channel\/UCSPfsI0cvknrEFMS0KPL9nA"]}]}},"_links":{"self":[{"href":"https:\/\/pmpsolutions.ca\/fr\/wp-json\/wp\/v2\/pages\/2032","targetHints":{"allow":["GET"]}}],"collection":[{"href":"https:\/\/pmpsolutions.ca\/fr\/wp-json\/wp\/v2\/pages"}],"about":[{"href":"https:\/\/pmpsolutions.ca\/fr\/wp-json\/wp\/v2\/types\/page"}],"author":[{"embeddable":true,"href":"https:\/\/pmpsolutions.ca\/fr\/wp-json\/wp\/v2\/users\/3"}],"replies":[{"embeddable":true,"href":"https:\/\/pmpsolutions.ca\/fr\/wp-json\/wp\/v2\/comments?post=2032"}],"version-history":[{"count":67,"href":"https:\/\/pmpsolutions.ca\/fr\/wp-json\/wp\/v2\/pages\/2032\/revisions"}],"predecessor-version":[{"id":2706,"href":"https:\/\/pmpsolutions.ca\/fr\/wp-json\/wp\/v2\/pages\/2032\/revisions\/2706"}],"up":[{"embeddable":true,"href":"https:\/\/pmpsolutions.ca\/fr\/wp-json\/wp\/v2\/pages\/74"}],"wp:attachment":[{"href":"https:\/\/pmpsolutions.ca\/fr\/wp-json\/wp\/v2\/media?parent=2032"}],"curies":[{"name":"wp","href":"https:\/\/api.w.org\/{rel}","templated":true}]}}