{"id":1915,"date":"2022-11-29T13:28:15","date_gmt":"2022-11-29T18:28:15","guid":{"rendered":"https:\/\/pmpsolutions.ca\/?page_id=1915"},"modified":"2023-04-13T13:02:38","modified_gmt":"2023-04-13T18:02:38","slug":"factory-4-0-lib-lumber","status":"publish","type":"page","link":"https:\/\/pmpsolutions.ca\/fr\/etudes-de-cas\/scierie-4-0-lib-lumber\/","title":{"rendered":"Scierie 4.0 : Bois LIB"},"content":{"rendered":"<section id=\"section-8-477\" class=\"ct-section inset-left white header-banner hero-banner\" style=\"background-image:linear-gradient(rgba(0,0,0,0.4), rgba(0,0,0,0.4)), url(https:\/\/pmpsolutions.ca\/wp-content\/uploads\/2022\/11\/pmp-teammate-dashboards-on-planer-line-1024x576.jpg);background-size:auto,  cover;\" ><div class=\"ct-section-inner-wrap\"><div id=\"new_columns-9-477\" class=\"ct-new-columns\" ><div id=\"div_block-10-477\" class=\"ct-div-block\" ><div id=\"text_block-11-477\" class=\"ct-text-block section-name\" >\u00c9TUDE DE CAS<br><\/div><h1 id=\"headline-12-477\" class=\"ct-headline dentist-heading-one h1 text-uppercase\"><span id=\"span-20-477\" class=\"ct-span\" >Scierie 4.0 : Bois LIB<\/span><\/h1><div id=\"text_block-165-477\" class=\"ct-text-block hero-text hero-text-ctn\" ><p data-pm-slice=\"1 1 []\">Bois LIB a construit une usine \u00e0 la fine pointe de la technologie autour d'une culture qui valorise l'information.<\/p><\/div><a id=\"link_button-14-477\" class=\"ct-link-button btn rounded-0 btn-2\" href=\"https:\/\/pmpsolutions.ca\/wp-content\/uploads\/2022\/12\/Etude-de-cas-Usine-4.0-Bois-LIB.pdf\" target=\"_blank\"  ><span id=\"span-15-477\" class=\"ct-span oxygenberg-span-15-477 oxygenberg-element\">T\u00e9l\u00e9charger l'\u00e9tude de cas<\/span><\/a><\/div><div id=\"div_block-16-477\" class=\"ct-div-block\" ><\/div><\/div><div id=\"div_block-130-477\" class=\"ct-div-block picto-yellow\" ><img decoding=\"async\"  id=\"image-131-477\" alt=\"\" src=\"https:\/\/pmpsolutions.ca\/wp-content\/uploads\/2021\/09\/graphic-element-yellow.svg\" class=\"ct-image picto-img\" data-paroller-factor=\"-0.3\" data-paroller-type=\"foreground\" data-paroller-direction=\"horizontal\"\/><\/div><\/div><\/section><section id=\"section-2-477\" class=\"ct-section mb-8 cta-intro-text-wrapper\" ><div class=\"ct-section-inner-wrap\"><div id=\"div_block-3-477\" class=\"ct-div-block cta-intro-text-title\" ><div id=\"text_block-5-477\" class=\"ct-text-block cta-intro-text\" ><p data-pm-slice=\"1 1 []\">D\u00e8s le d\u00e9but de la construction de l\u2019usine \u00e0 la fine pointe de la technologie de Bois LIB \u00e0 Princeville, la direction, gr\u00e2ce au leadership de M. Guy BLONDEAU, savait qu\u2019elle aurait besoin d\u2019outils technologiques et de donn\u00e9es pour soutenir son mod\u00e8le d\u2019affaires.<\/p><\/div><\/div><div id=\"new_columns-166-477\" class=\"ct-new-columns\" ><div id=\"div_block-167-477\" class=\"ct-div-block cs-block\" ><h4 id=\"headline-170-477\" class=\"ct-headline h4 cs-block-title\">D\u00e9fi<br><\/h4><div id=\"text_block-174-477\" class=\"ct-text-block cs-block-text\" >Trouver des outils puissants pour soutenir la culture de donn\u00e9es de l\u2019entreprise et l\u2019exploitation efficace de cette nouvelle usine \u00e0 la fine pointe de la technologie \u00e0 Princeville, Qu\u00e9bec.<\/div><\/div><div id=\"div_block-168-477\" class=\"ct-div-block cs-block\" ><h4 id=\"headline-172-477\" class=\"ct-headline h4 cs-block-title\">Solution<\/h4><div id=\"text_block-175-477\" class=\"ct-text-block cs-block-text\" >Notre solution signature, PMP TeamMate\u2122, qui harmonise toutes les fonctions cl\u00e9s de l\u2019usine,\nde la planification \u00e0 l\u2019exp\u00e9dition, pour un contr\u00f4le int\u00e9gr\u00e9 des op\u00e9rations de transformation et de gestion.<\/div><\/div><div id=\"div_block-169-477\" class=\"ct-div-block\" ><h4 id=\"headline-173-477\" class=\"ct-headline h4 cs-block-title\">B\u00e9n\u00e9fices<\/h4><div id=\"text_block-176-477\" class=\"ct-text-block cs-block-text\" >La satisfaction de savoir que les employ\u00e9s de l\u2019usine corrigent imm\u00e9diatement les d\u00e9viations\nde qualit\u00e9 et que les donn\u00e9es de production historiques servent \u00e0 l\u2019am\u00e9lioration, ce qui donne une entreprise plus agile et rentable.<\/div><\/div><\/div><\/div><\/section><div id=\"div_block-142-477\" class=\"ct-div-block alt-bg-color inset-left\" ><h2 id=\"headline-178-477\" class=\"ct-headline h3\">Le d\u00e9fi<\/h2><div id=\"div_block-143-477\" class=\"ct-div-block ss-img-right\" ><div id=\"div_block-144-477\" class=\"ct-div-block ss-text-ctn\" ><div id=\"_rich_text-146-477\" class=\"oxy-rich-text\" ><p>Le d\u00e9fi pr\u00e9sent\u00e9 par Bois LIB est la conception unique de sa ligne de production qui peut scier et raboter du bois simultan\u00e9ment, et ce avec un seul optimiseur. Pour cette raison, Bois LIB dois efficacement trier du bois brut et rabot\u00e9, autant humide que sec.<\/p>\n<p>Ce faisant, l\u2019usine de Bois LIB peut donc attribuer un certain nombre des cases du classeur de planches au bois brut et le reste au bois rabot\u00e9. Lorsque les paquets sont pr\u00eats, la ligne est con\u00e7ue pour les convoyer vers la cour \u00e0 bois, pour \u00eatre s\u00e9ch\u00e9s ou comme produits finis.<\/p>\n<p>D\u00e8s le d\u00e9but du projet, M. BLONDEAU \u00e9tait convaincu que la seule fa\u00e7on d\u2019exploiter l\u2019usine de mani\u00e8re efficace, polyvalente et rentable \u00e9tait de tirer le plein profit des donn\u00e9es (une chose que l\u2019usine produit en quantit\u00e9). En effet, l\u2019usine de Bois LIB est une v\u00e9ritable vitrine technologique.<\/p><\/div><\/div><div id=\"div_block-149-477\" class=\"ct-div-block ss-img-ctn\" ><img decoding=\"async\"  id=\"image-150-477\" alt=\"Plancher de l&#039;usine de Bois LIB\" src=\"https:\/\/pmpsolutions.ca\/wp-content\/uploads\/2022\/11\/lib-lumber-mill-under-construction-scaled.jpeg\" class=\"ct-image\"\/><\/div><\/div><\/div><div id=\"div_block-141-477\" class=\"ct-div-block alignfull\" ><h2 id=\"headline-181-477\" class=\"ct-headline h3\">La solution<\/h2><div id=\"div_block-61-477\" class=\"ct-div-block ss-img-left\" ><div id=\"div_block-62-477\" class=\"ct-div-block ss-img-ctn\" ><img decoding=\"async\"  id=\"image-63-477\" alt=\"Ce qui arrive sous le capot de PMP TeamMate\" src=\"https:\/\/pmpsolutions.ca\/wp-content\/uploads\/2022\/11\/pmp-teammate-under-the-hood.png\" class=\"ct-image\"\/><\/div><div id=\"div_block-64-477\" class=\"ct-div-block ss-text-ctn\" ><div id=\"_rich_text-66-477\" class=\"oxy-rich-text\" ><p>Sans donn\u00e9es actionnables et une culture qui valorise ces donn\u00e9es, Bois LIB ne pourrait pas fonctionner aux niveaux d\u2019efficacit\u00e9, de productivit\u00e9 et de qualit\u00e9 auxquels elle fonctionne. Une des raisons pour laquelle elle y est arriv\u00e9e est PMP TeamMate et la puissance qu\u2019il offre aux employ\u00e9s de l\u2019usine de soutenir les d\u00e9cisions importantes (autant sur le plancher de l\u2019usine que dans les bureaux administratifs) avec de l\u2019information concr\u00e8te.<\/p>\n<p>Lorsque PMP SOLUTIONS fut s\u00e9lectionn\u00e9 en tant que fournisseur de technologie de l\u2019information pour la nouvelle usine, nous avons imm\u00e9diatement commenc\u00e9 \u00e0 analyser la complexit\u00e9 unique de l\u2019installation de Princeville. Nous avons ensuite sch\u00e9matis\u00e9 l\u2019int\u00e9gration n\u00e9cessaire aux \u00e9quipements et contextualis\u00e9 les donn\u00e9es (les unes par rapport aux autres) qui offriraient l\u2019information actionnable la plus utile.<\/p>\n<p>Bois LIB a compl\u00e8tement adopt\u00e9 la mentalit\u00e9 de l\u2019Industrie 4.0 qui n\u00e9cessite de l\u2019information actionnable \u00e0 chaque op\u00e9ration, de la planification des ventes et des op\u00e9rations jusqu\u2019au suivi des inventaires dans la cour.<\/p>\n<p>Au cours de nos 15 ans dans le monde de la transformation du bois, nous avons analys\u00e9 plus de 100 configurations d\u2019usines. La ligne de production de Bois LIB posait un d\u00e9fi particulier, mais la structure standardis\u00e9e des donn\u00e9es de PMP TeamMate a rendu la t\u00e2che relativement simple de configurer la solution pour qu\u2019elle produise des rapports faciles \u00e0 comprendre qui incluent l\u2019efficacit\u00e9 globale de l\u2019usine, en plus de son efficacit\u00e9 par cat\u00e9gories de produits et processus de transformation.<\/p>\n<p>Nous avons donc d\u00e9ploy\u00e9 :<\/p>\n<ul>\n<li>PMP WeSaw\u2122 pour le sciage;<\/li>\n<li>PMP WeDry\u2122 pour le s\u00e9chage;<\/li>\n<li>PMP WePlane\u2122 pour le rabotage;<\/li>\n<li>PMP WeTrack\u2122 pour la gestion des inventaires; et<\/li>\n<li>PMP WeSchedule\u2122 qui est le chef d\u2019orchestre, synchronisant les toutes op\u00e9rations aux contraintes de ventes et op\u00e9rationnelles.<\/li>\n<\/ul>\n<p>PMP TeamMate est connect\u00e9 \u00e0 tous les \u00e9quipements de l\u2019usine qui g\u00e9n\u00e8rent des donn\u00e9es, l\u2019ERP et le logiciel comptable de Bois LIB. La solution traite toutes ces donn\u00e9es, les combine et les pr\u00e9sente en relation les unes aux autres pour une vision claire de la performance; quelque chose que les rapports n\u2019offrent pas et sont, en effet, incapables d\u2019offrir.<\/p>\n<p>Au-del\u00e0 des tableaux de bord pertinents strat\u00e9giquement plac\u00e9s un peu partout dans l\u2019usine, nous avons aussi con\u00e7u un tableau de bord \u00ab hybride \u00bb qui inclut les indicateurs cl\u00e9s\nde performance du sciage et du rabotage disponibilit\u00e9, productivit\u00e9, qualit\u00e9), en plus de configurer le syst\u00e8me d\u2019\u00e9tiquetage des paquets pour facilement permettre l\u2019identification et le suivi de paquets bruts, rabot\u00e9s, humides et secs.<\/p><\/div><\/div><\/div><\/div><div id=\"div_block-102-477\" class=\"ct-div-block alt-bg-color outset-right\" ><h2 id=\"headline-183-477\" class=\"ct-headline h3\">Les b\u00e9n\u00e9fices<\/h2><div id=\"div_block-184-477\" class=\"ct-div-block ss-img-right\" ><div id=\"div_block-185-477\" class=\"ct-div-block ss-text-ctn\" ><div id=\"_rich_text-194-477\" class=\"oxy-rich-text\" ><p>PMP TeamMate, tel que d\u00e9ploy\u00e9 chez Bois LIB, est assez polyvalent pour s\u2019adapter aux conditions uniques de cette usine ultramoderne de transformation du bois.<\/p>\n<h4>MEILLEURE R\u00c9ACTIVIT\u00c9<\/h4>\n<p>En configurant des limites sp\u00e9cifiques, atteignables et r\u00e9alistes dans le logiciel, le personnel cl\u00e9 sur le plancher de l\u2019usine peut se fier aux tableaux de bord de PMP TeamMate pour obtenir des informations en temps r\u00e9el au sujet de la performance des processus (en d\u2019autres mots, s\u2019ils sont sur la cible ou non). Si les indicateurs de performance sortent des tol\u00e9rances acceptables pr\u00e9d\u00e9finies, PMP TeamMate sonne imm\u00e9diatement l\u2019alarme, ce qui permet au personnel d\u2019agir rapidement et efficacement. Puisque l\u2019information de PMP TeamMate est simple \u00e0 comprendre, elle ne n\u00e9cessite que tr\u00e8s peu de connaissances des donn\u00e9es du personnel de plancher d\u2019usine pour qu\u2019il puisse prendre des d\u00e9cisions percutantes qui augmentent leur contr\u00f4le des op\u00e9rations.<\/p>\n<h4>MEILLEUR CONTR\u00d4LE = MEILLEURE QUALIT\u00c9<\/h4>\n<p class=\"translation-block\">Des actions correctives au moment opportun r\u00e9sultent invariablement en des produits de meilleure qualit\u00e9; en moyenne une <strong>augmentation de 5.5\u2009%<\/strong> des produits de haut grade et une <strong>diminution de 4.2\u2009%<\/strong> des produits de bas grade. Elles am\u00e9liorent aussi la qualit\u00e9 des communications entre la direction, les ventes et les op\u00e9rations, puisque tout le monde peut voir son impact sur la productivit\u00e9, l\u2019efficacit\u00e9 et la qualit\u00e9, donc sur la rentabilit\u00e9.<\/p>\n<h4>MEILLEURE COMPR\u00c9HENSION<\/h4>\n<p>Les rapports op\u00e9rationnels r\u00e9guliers et les outils d\u2019analyse puissants rendus possibles par la structure et le traitement des donn\u00e9es de PMP TeamMate facilitent le travail de la directrice des op\u00e9rations de Bois LIB, Mme Sarah-Eve BLONDEAU, d\u2019identifier de nouveaux endroits o\u00f9 s\u2019am\u00e9liorer. La meilleure compr\u00e9hension de l\u2019usine qu\u2019apporte l\u2019analyse des tendances peuvent mettre en lumi\u00e8re des probl\u00e8mes qui seraient difficiles \u00e0 voir autrement et probablement attribu\u00e9s aux mauvaises causes.<\/p>\n<p>&nbsp;<\/p>\n<p class=\"translation-block\">Dans une \u00e9conomie o\u00f9 on se concentre de plus en plus sur la qualit\u00e9 au lieu de la quantit\u00e9, il est important de comprendre o\u00f9, quand et comment am\u00e9liorer les op\u00e9rations pour obtenir la meilleure qualit\u00e9 d\u2019une mati\u00e8re premi\u00e8re qui se fait rare. C\u2019est ce que nous faisons chez PMP SOLUTIONS depuis plus de 15 ans et 100 d\u00e9ploiements r\u00e9ussis au\nCanada et aux \u00c9tats-Unis. <a href=\"..\/fr\/contactez-nous\/\" target=\"_self\">Contactez-nous<\/a> d\u00e8s maintenant pour d\u00e9couvrir comment nous pourrions vous aider \u00e0 faire cro\u00eetre votre entreprise de transformation du bois.<\/p><\/div><\/div><div id=\"div_block-190-477\" class=\"ct-div-block ss-img-ctn\" ><img decoding=\"async\"  id=\"image-191-477\" alt=\"PMP TeamMate business intelligence dashboard.\" src=\"https:\/\/pmpsolutions.ca\/wp-content\/uploads\/2022\/11\/business-intelligence-dashboard-for-mills.png\" class=\"ct-image\"\/><\/div><\/div><div id=\"div_block-151-477\" class=\"ct-div-block\" ><a id=\"link_button-128-477\" class=\"ct-link-button btn btn-1\" href=\"https:\/\/pmpsolutions.ca\/wp-content\/uploads\/2022\/12\/Etude-de-cas-Usine-4.0-Bois-LIB.pdf\" target=\"_blank\"  ><span style=\"white-space: pre-wrap;\">T\u00e9l\u00e9charger l'\u00e9tude de cas<\/span><\/a><a id=\"link_button-152-477\" class=\"ct-link-button btn btn-2\" href=\"https:\/\/pmpsolutions.ca\/fr\/etudes-de-cas\/\" target=\"_self\"  >Lisez plus de nos \u00e9tudes<\/a><\/div><\/div>","protected":false},"excerpt":{"rendered":"","protected":false},"author":3,"featured_media":1930,"parent":78,"menu_order":21,"comment_status":"closed","ping_status":"closed","template":"","meta":{"_acf_changed":false,"footnotes":""},"class_list":["post-1915","page","type-page","status-publish","has-post-thumbnail","hentry"],"acf":[],"yoast_head":"<!-- This site is optimized with the Yoast SEO plugin v27.4 - https:\/\/yoast.com\/product\/yoast-seo-wordpress\/ -->\n<title>Factory 4.0: LIB Lumber | PMP SOLUTIONS<\/title>\n<meta name=\"description\" content=\"With its data-driven culture and PMP TeamMate, LIB Lumber manufactures products on average $50 more per thousand FBM than its competitors. Find out why.\" \/>\n<meta name=\"robots\" content=\"index, follow, max-snippet:-1, max-image-preview:large, max-video-preview:-1\" \/>\n<link rel=\"canonical\" href=\"https:\/\/pmpsolutions.ca\/fr\/etudes-de-cas\/scierie-4-0-lib-lumber\/\" \/>\n<meta property=\"og:locale\" content=\"fr_CA\" \/>\n<meta property=\"og:type\" content=\"article\" \/>\n<meta property=\"og:title\" content=\"Factory 4.0: LIB Lumber | PMP SOLUTIONS\" \/>\n<meta property=\"og:description\" content=\"With its data-driven culture and PMP TeamMate, LIB Lumber manufactures products on average $50 more per thousand FBM than its competitors. Find out why.\" \/>\n<meta property=\"og:url\" content=\"https:\/\/pmpsolutions.ca\/fr\/etudes-de-cas\/scierie-4-0-lib-lumber\/\" \/>\n<meta property=\"og:site_name\" content=\"PMP SOLUTIONS\" \/>\n<meta property=\"article:modified_time\" content=\"2023-04-13T18:02:38+00:00\" \/>\n<meta property=\"og:image\" content=\"https:\/\/pmpsolutions.ca\/wp-content\/uploads\/2022\/11\/pmp-teammate-dashboards-on-planer-line.jpg\" \/>\n\t<meta property=\"og:image:width\" content=\"1920\" \/>\n\t<meta property=\"og:image:height\" content=\"1080\" \/>\n\t<meta property=\"og:image:type\" content=\"image\/jpeg\" \/>\n<meta name=\"twitter:card\" content=\"summary_large_image\" \/>\n<script type=\"application\/ld+json\" class=\"yoast-schema-graph\">{\"@context\":\"https:\\\/\\\/schema.org\",\"@graph\":[{\"@type\":\"WebPage\",\"@id\":\"https:\\\/\\\/pmpsolutions.ca\\\/en\\\/case-studies\\\/factory-4-0-lib-lumber\\\/\",\"url\":\"https:\\\/\\\/pmpsolutions.ca\\\/en\\\/case-studies\\\/factory-4-0-lib-lumber\\\/\",\"name\":\"Factory 4.0: LIB Lumber | PMP SOLUTIONS\",\"isPartOf\":{\"@id\":\"https:\\\/\\\/pmpsolutions.ca\\\/#website\"},\"primaryImageOfPage\":{\"@id\":\"https:\\\/\\\/pmpsolutions.ca\\\/en\\\/case-studies\\\/factory-4-0-lib-lumber\\\/#primaryimage\"},\"image\":{\"@id\":\"https:\\\/\\\/pmpsolutions.ca\\\/en\\\/case-studies\\\/factory-4-0-lib-lumber\\\/#primaryimage\"},\"thumbnailUrl\":\"https:\\\/\\\/pmpsolutions.ca\\\/wp-content\\\/uploads\\\/2022\\\/11\\\/pmp-teammate-dashboards-on-planer-line.jpg\",\"datePublished\":\"2022-11-29T18:28:15+00:00\",\"dateModified\":\"2023-04-13T18:02:38+00:00\",\"description\":\"With its data-driven culture and PMP TeamMate, LIB Lumber manufactures products on average $50 more per thousand FBM than its competitors. Find out why.\",\"breadcrumb\":{\"@id\":\"https:\\\/\\\/pmpsolutions.ca\\\/en\\\/case-studies\\\/factory-4-0-lib-lumber\\\/#breadcrumb\"},\"inLanguage\":\"fr-CA\",\"potentialAction\":[{\"@type\":\"ReadAction\",\"target\":[\"https:\\\/\\\/pmpsolutions.ca\\\/en\\\/case-studies\\\/factory-4-0-lib-lumber\\\/\"]}]},{\"@type\":\"ImageObject\",\"inLanguage\":\"fr-CA\",\"@id\":\"https:\\\/\\\/pmpsolutions.ca\\\/en\\\/case-studies\\\/factory-4-0-lib-lumber\\\/#primaryimage\",\"url\":\"https:\\\/\\\/pmpsolutions.ca\\\/wp-content\\\/uploads\\\/2022\\\/11\\\/pmp-teammate-dashboards-on-planer-line.jpg\",\"contentUrl\":\"https:\\\/\\\/pmpsolutions.ca\\\/wp-content\\\/uploads\\\/2022\\\/11\\\/pmp-teammate-dashboards-on-planer-line.jpg\",\"width\":1920,\"height\":1080,\"caption\":\"PMP TeamMate dashboards on planer line\"},{\"@type\":\"BreadcrumbList\",\"@id\":\"https:\\\/\\\/pmpsolutions.ca\\\/en\\\/case-studies\\\/factory-4-0-lib-lumber\\\/#breadcrumb\",\"itemListElement\":[{\"@type\":\"ListItem\",\"position\":1,\"name\":\"Home\",\"item\":\"https:\\\/\\\/pmpsolutions.ca\\\/en\\\/\"},{\"@type\":\"ListItem\",\"position\":2,\"name\":\"Case studies\",\"item\":\"https:\\\/\\\/pmpsolutions.ca\\\/en\\\/case-studies\\\/\"},{\"@type\":\"ListItem\",\"position\":3,\"name\":\"Factory 4.0: LIB Lumber\"}]},{\"@type\":\"WebSite\",\"@id\":\"https:\\\/\\\/pmpsolutions.ca\\\/#website\",\"url\":\"https:\\\/\\\/pmpsolutions.ca\\\/\",\"name\":\"PMP SOLUTIONS\",\"description\":\"Driving wood transformation\",\"publisher\":{\"@id\":\"https:\\\/\\\/pmpsolutions.ca\\\/#organization\"},\"potentialAction\":[{\"@type\":\"SearchAction\",\"target\":{\"@type\":\"EntryPoint\",\"urlTemplate\":\"https:\\\/\\\/pmpsolutions.ca\\\/?s={search_term_string}\"},\"query-input\":{\"@type\":\"PropertyValueSpecification\",\"valueRequired\":true,\"valueName\":\"search_term_string\"}}],\"inLanguage\":\"fr-CA\"},{\"@type\":\"Organization\",\"@id\":\"https:\\\/\\\/pmpsolutions.ca\\\/#organization\",\"name\":\"PMP SOLUTIONS\",\"url\":\"https:\\\/\\\/pmpsolutions.ca\\\/\",\"logo\":{\"@type\":\"ImageObject\",\"inLanguage\":\"fr-CA\",\"@id\":\"https:\\\/\\\/pmpsolutions.ca\\\/#\\\/schema\\\/logo\\\/image\\\/\",\"url\":\"https:\\\/\\\/pmpsolutions.ca\\\/wp-content\\\/uploads\\\/2021\\\/10\\\/logo-pmp.png\",\"contentUrl\":\"https:\\\/\\\/pmpsolutions.ca\\\/wp-content\\\/uploads\\\/2021\\\/10\\\/logo-pmp.png\",\"width\":288,\"height\":189,\"caption\":\"PMP SOLUTIONS\"},\"image\":{\"@id\":\"https:\\\/\\\/pmpsolutions.ca\\\/#\\\/schema\\\/logo\\\/image\\\/\"},\"sameAs\":[\"https:\\\/\\\/www.linkedin.com\\\/company\\\/pmp-solutions\\\/\",\"https:\\\/\\\/www.youtube.com\\\/channel\\\/UCSPfsI0cvknrEFMS0KPL9nA\"]}]}<\/script>\n<!-- \/ Yoast SEO plugin. -->","yoast_head_json":{"title":"Factory 4.0: LIB Lumber | PMP SOLUTIONS","description":"With its data-driven culture and PMP TeamMate, LIB Lumber manufactures products on average $50 more per thousand FBM than its competitors. Find out why.","robots":{"index":"index","follow":"follow","max-snippet":"max-snippet:-1","max-image-preview":"max-image-preview:large","max-video-preview":"max-video-preview:-1"},"canonical":"https:\/\/pmpsolutions.ca\/fr\/etudes-de-cas\/scierie-4-0-lib-lumber\/","og_locale":"fr_CA","og_type":"article","og_title":"Factory 4.0: LIB Lumber | PMP SOLUTIONS","og_description":"With its data-driven culture and PMP TeamMate, LIB Lumber manufactures products on average $50 more per thousand FBM than its competitors. Find out why.","og_url":"https:\/\/pmpsolutions.ca\/fr\/etudes-de-cas\/scierie-4-0-lib-lumber\/","og_site_name":"PMP SOLUTIONS","article_modified_time":"2023-04-13T18:02:38+00:00","og_image":[{"width":1920,"height":1080,"url":"https:\/\/pmpsolutions.ca\/wp-content\/uploads\/2022\/11\/pmp-teammate-dashboards-on-planer-line.jpg","type":"image\/jpeg"}],"twitter_card":"summary_large_image","schema":{"@context":"https:\/\/schema.org","@graph":[{"@type":"WebPage","@id":"https:\/\/pmpsolutions.ca\/en\/case-studies\/factory-4-0-lib-lumber\/","url":"https:\/\/pmpsolutions.ca\/en\/case-studies\/factory-4-0-lib-lumber\/","name":"Factory 4.0: LIB Lumber | PMP SOLUTIONS","isPartOf":{"@id":"https:\/\/pmpsolutions.ca\/#website"},"primaryImageOfPage":{"@id":"https:\/\/pmpsolutions.ca\/en\/case-studies\/factory-4-0-lib-lumber\/#primaryimage"},"image":{"@id":"https:\/\/pmpsolutions.ca\/en\/case-studies\/factory-4-0-lib-lumber\/#primaryimage"},"thumbnailUrl":"https:\/\/pmpsolutions.ca\/wp-content\/uploads\/2022\/11\/pmp-teammate-dashboards-on-planer-line.jpg","datePublished":"2022-11-29T18:28:15+00:00","dateModified":"2023-04-13T18:02:38+00:00","description":"With its data-driven culture and PMP TeamMate, LIB Lumber manufactures products on average $50 more per thousand FBM than its competitors. Find out why.","breadcrumb":{"@id":"https:\/\/pmpsolutions.ca\/en\/case-studies\/factory-4-0-lib-lumber\/#breadcrumb"},"inLanguage":"fr-CA","potentialAction":[{"@type":"ReadAction","target":["https:\/\/pmpsolutions.ca\/en\/case-studies\/factory-4-0-lib-lumber\/"]}]},{"@type":"ImageObject","inLanguage":"fr-CA","@id":"https:\/\/pmpsolutions.ca\/en\/case-studies\/factory-4-0-lib-lumber\/#primaryimage","url":"https:\/\/pmpsolutions.ca\/wp-content\/uploads\/2022\/11\/pmp-teammate-dashboards-on-planer-line.jpg","contentUrl":"https:\/\/pmpsolutions.ca\/wp-content\/uploads\/2022\/11\/pmp-teammate-dashboards-on-planer-line.jpg","width":1920,"height":1080,"caption":"PMP TeamMate dashboards on planer line"},{"@type":"BreadcrumbList","@id":"https:\/\/pmpsolutions.ca\/en\/case-studies\/factory-4-0-lib-lumber\/#breadcrumb","itemListElement":[{"@type":"ListItem","position":1,"name":"Home","item":"https:\/\/pmpsolutions.ca\/en\/"},{"@type":"ListItem","position":2,"name":"Case studies","item":"https:\/\/pmpsolutions.ca\/en\/case-studies\/"},{"@type":"ListItem","position":3,"name":"Factory 4.0: LIB Lumber"}]},{"@type":"WebSite","@id":"https:\/\/pmpsolutions.ca\/#website","url":"https:\/\/pmpsolutions.ca\/","name":"PMP SOLUTIONS","description":"Driving wood transformation","publisher":{"@id":"https:\/\/pmpsolutions.ca\/#organization"},"potentialAction":[{"@type":"SearchAction","target":{"@type":"EntryPoint","urlTemplate":"https:\/\/pmpsolutions.ca\/?s={search_term_string}"},"query-input":{"@type":"PropertyValueSpecification","valueRequired":true,"valueName":"search_term_string"}}],"inLanguage":"fr-CA"},{"@type":"Organization","@id":"https:\/\/pmpsolutions.ca\/#organization","name":"PMP SOLUTIONS","url":"https:\/\/pmpsolutions.ca\/","logo":{"@type":"ImageObject","inLanguage":"fr-CA","@id":"https:\/\/pmpsolutions.ca\/#\/schema\/logo\/image\/","url":"https:\/\/pmpsolutions.ca\/wp-content\/uploads\/2021\/10\/logo-pmp.png","contentUrl":"https:\/\/pmpsolutions.ca\/wp-content\/uploads\/2021\/10\/logo-pmp.png","width":288,"height":189,"caption":"PMP SOLUTIONS"},"image":{"@id":"https:\/\/pmpsolutions.ca\/#\/schema\/logo\/image\/"},"sameAs":["https:\/\/www.linkedin.com\/company\/pmp-solutions\/","https:\/\/www.youtube.com\/channel\/UCSPfsI0cvknrEFMS0KPL9nA"]}]}},"_links":{"self":[{"href":"https:\/\/pmpsolutions.ca\/fr\/wp-json\/wp\/v2\/pages\/1915","targetHints":{"allow":["GET"]}}],"collection":[{"href":"https:\/\/pmpsolutions.ca\/fr\/wp-json\/wp\/v2\/pages"}],"about":[{"href":"https:\/\/pmpsolutions.ca\/fr\/wp-json\/wp\/v2\/types\/page"}],"author":[{"embeddable":true,"href":"https:\/\/pmpsolutions.ca\/fr\/wp-json\/wp\/v2\/users\/3"}],"replies":[{"embeddable":true,"href":"https:\/\/pmpsolutions.ca\/fr\/wp-json\/wp\/v2\/comments?post=1915"}],"version-history":[{"count":27,"href":"https:\/\/pmpsolutions.ca\/fr\/wp-json\/wp\/v2\/pages\/1915\/revisions"}],"predecessor-version":[{"id":2123,"href":"https:\/\/pmpsolutions.ca\/fr\/wp-json\/wp\/v2\/pages\/1915\/revisions\/2123"}],"up":[{"embeddable":true,"href":"https:\/\/pmpsolutions.ca\/fr\/wp-json\/wp\/v2\/pages\/78"}],"wp:featuredmedia":[{"embeddable":true,"href":"https:\/\/pmpsolutions.ca\/fr\/wp-json\/wp\/v2\/media\/1930"}],"wp:attachment":[{"href":"https:\/\/pmpsolutions.ca\/fr\/wp-json\/wp\/v2\/media?parent=1915"}],"curies":[{"name":"wp","href":"https:\/\/api.w.org\/{rel}","templated":true}]}}