{"id":191,"date":"2021-07-08T12:59:04","date_gmt":"2021-07-08T12:59:04","guid":{"rendered":"https:\/\/pmp.volcan.design\/?page_id=191"},"modified":"2023-02-03T11:13:53","modified_gmt":"2023-02-03T16:13:53","slug":"privacy-policy","status":"publish","type":"page","link":"https:\/\/pmpsolutions.ca\/fr\/confidentialite\/","title":{"rendered":"Politique de confidentialit\u00e9"},"content":{"rendered":"<section id=\"section-2-94\" class=\"ct-section\" ><div class=\"ct-section-inner-wrap\"><div id=\"_rich_text-7-94\" class=\"oxy-rich-text\" ><h1>POLITIQUE DE CONFIDENTIALIT\u00c9 DE PMP SOLUTIONS<\/h1>\n<p class=\"translation-block\">MES-PMP Solutions (ci-apr\u00e8s nomm\u00e9 <strong>PMP Solutions<\/strong>) porte une attention toute particuli\u00e8re \u00e0 la protection de la vie priv\u00e9e. PMP Solutions se pr\u00e9occupe s\u00e9rieusement du caract\u00e8re priv\u00e9 de vos renseignements personnels et s\u2019engage \u00e0 respecter la confidentialit\u00e9 des informations collect\u00e9es via son site web (ci-apr\u00e8s nomm\u00e9<strong> Site<\/strong>).<\/p>\n<p>PMP Solutions s\u2019engage \u00e0 respecter, conform\u00e9ment aux lois applicables, ses obligations concernant la collecte et le traitement des informations personnelles et confidentielles obtenues dans le cadre de l\u2019exploitation d\u2019une entreprise afin que chacun puisse b\u00e9n\u00e9ficier du respect de sa r\u00e9putation et de sa vie priv\u00e9e.<\/p>\n<p class=\"translation-block\">La pr\u00e9sente politique de protection des renseignements personnels (ci-apr\u00e8s nomm\u00e9e la \u00ab <strong>Politique<\/strong> \u00bb), d\u00e9crit les renseignements que PMP Solutions peut recueillir aupr\u00e8s de vous dans le cadre de ses activit\u00e9s, les fins auxquelles les informations sont recueillies, l\u2019utilisation que nous en faisons et les circonstances dans lesquelles ces informations peuvent \u00eatre transmises \u00e0 des tiers. De plus, la pr\u00e9sente Politique indique les droits qui s\u2019offrent \u00e0 vous concernant la collecte, l\u2019utilisation et la communication de vos informations personnelles. PMP Solutions s\u2019engage \u00e0 ne pas recueillir, utiliser ou communiquer vos renseignements personnels autrement qu\u2019en conformit\u00e9 avec la pr\u00e9sente Politique et les lois applicables au Canada et au Qu\u00e9bec.<\/p>\n<h2>PORT\u00c9E DE LA POLITIQUE<\/h2>\n<p>Lorsque vous naviguez sur le Site, que vous soyez connect\u00e9-e \u00e0 un compte ou non, vous acceptez les modalit\u00e9s et conditions de la pr\u00e9sente Politique. Si vous continuez \u00e0 utiliser le Site apr\u00e8s qu\u2019une nouvelle version de la pr\u00e9sente Politique y a \u00e9t\u00e9 affich\u00e9e, vous consentez ainsi aux changements et serez li\u00e9-e-s par ceux-ci. En nous fournissant vos informations, vous consentez \u00e0 ce qu\u2019elles soient recueillies et utilis\u00e9es de la fa\u00e7on d\u00e9finie dans la pr\u00e9sente Politique.<\/p>\n<h2>COLLECTE DES RENSEIGNEMENTS PERSONNELS<\/h2>\n<p>PMP Solutions peut obtenir aupr\u00e8s de vous des renseignements personnels lorsque vous communiquez avec nous par t\u00e9l\u00e9phone, par courriel ou via les formulaires sur le Site.<\/p>\n<p><em>Pour de plus amples renseignements sur la protection de vos renseignements personnels et vos droits aff\u00e9rents, vous pouvez communiquer avec le Commissariat \u00e0 la protection de la vie priv\u00e9e du Canada ou la Commission \u00e0 la protection de la vie priv\u00e9e du Qu\u00e9bec.<\/em><\/p>\n<ul>\n<li class=\"translation-block\"><em>Commissariat \u00e0 la protection de la vie priv\u00e9e du Canada <\/em><a href=\"http:\/\/www.privcom.gc.ca\" target=\"_self\"><em>privcom.gc.ca<\/em><\/a><\/li>\n<li class=\"translation-block\">Commission d\u2019acc\u00e8s \u00e0 l\u2019information du Qu\u00e9bec <a href=\"http:\/\/www.cai.gouv.qc.ca\" target=\"_self\"><em>cai.gouv.qc.ca<\/em><\/a><\/li>\n<\/ul>\n<h2>UTILISATION DES COOKIES<\/h2>\n<p class=\"translation-block\">Le Site de PMP Solutions, <a href=\"https:\/\/pmpsolutions.ca\/fr\/\">https:\/\/pmpsolutions.ca\/<\/a>, utilise des cookies et autres technologies li\u00e9es (par simplification, toutes ces technologies sont d\u00e9sign\u00e9es par le terme \u00ab cookies \u00bb). Des cookies sont \u00e9galement plac\u00e9s par des tierces parties utilis\u00e9es notamment pour recueillir des statistiques.<\/p>\n<h3>Qu\u2019est-ce qu\u2019un cookie?<\/h3>\n<p>Un cookie est un petit fichier t\u00e9moin envoy\u00e9 par les pages du Site et stock\u00e9 par votre navigateur sur le disque dur de votre ordinateur ou d\u2019un autre appareil. Les informations qui y sont stock\u00e9es peuvent \u00eatre renvoy\u00e9es \u00e0 nos serveurs ou aux serveurs des tierces parties concern\u00e9es lors d\u2019une visite ult\u00e9rieure.<\/p>\n<h3>Qu\u2019est-ce qu\u2019un script?<\/h3>\n<p>Un script est un \u00e9l\u00e9ment de code utilis\u00e9 pour que le Site fonctionne correctement et de mani\u00e8re interactive. Ce code est ex\u00e9cut\u00e9 sur notre serveur ou sur votre appareil.<\/p>\n<h3>Qu\u2019est-ce qu\u2019une balise web?<\/h3>\n<p>Une balise web est un petit morceau de texte ou d\u2019image invisible utilis\u00e9 pour suivre le trafic et stocker diverses donn\u00e9es en lien avec l\u2019utilisation du Site.<\/p>\n<h3>Tierces parties<\/h3>\n<p>PMP Solutions utilise les services de tierces parties qui placent des cookies, notamment Google. PMP Solutions ne peut garantir que ces tierces parties g\u00e8rent vos donn\u00e9es personnelles de mani\u00e8re fiable ou s\u00e9curis\u00e9e. Ces parties doivent \u00eatre consid\u00e9r\u00e9es comme des responsables de traitement des donn\u00e9es ind\u00e9pendants. Il est recommand\u00e9 de lire les d\u00e9clarations de confidentialit\u00e9 de ces entreprises.<\/p>\n<h3>Cookies statistiques<\/h3>\n<p>PMP Solutions utilise des cookies statistiques afin d\u2019optimiser l\u2019exp\u00e9rience des internautes sur son Site. Avec ces cookies statistiques, PMP Solutions obtient des observations sur l\u2019utilisation de son Site.<\/p>\n<h3>Cookies de marketing \/ de suivi<\/h3>\n<p>Les cookies de marketing\/suivi sont des cookies, ou toute autre forme de stockage local, utilis\u00e9s pour afficher de la publicit\u00e9 ou pour suivre l\u2019utilisateur sur le Site ou sur plusieurs sites web dans des finalit\u00e9s marketing similaires.\n\nR\u00e9seaux sociaux\n\nSur le Site de PMP Solutions, vous trouverez du contenu provenant de Facebook pour promouvoir des pages web (par exemple, \u00ab like \u00bb, \u00ab pin \u00bb) ou les partager (par exemple, \u00ab tweet \u00bb) sur des r\u00e9seaux sociaux comme Facebook. Ce contenu est int\u00e9gr\u00e9 gr\u00e2ce un code obtenu de Facebook et place des cookies. Ce contenu peut stocker et traiter certaines informations \u00e0 des fins de publicit\u00e9 personnalis\u00e9e.\nVeuillez lire la d\u00e9claration de confidentialit\u00e9 de ces r\u00e9seaux sociaux (qui peut \u00eatre modifi\u00e9e r\u00e9guli\u00e8rement) afin de savoir ce qu\u2019ils font de vos donn\u00e9es (personnelles) trait\u00e9es en utilisant ces cookies. Les donn\u00e9es r\u00e9cup\u00e9r\u00e9es sont anonymis\u00e9es autant que possible. Facebook se trouve aux \u00c9tats-Unis.\n\nCookies plac\u00e9s\n\nGoogle reCAPTCHA\n\nFonctionnel\n\nConsent to service google-recaptcha \n\nGoogle Fonts\n\nLinkedIn\n\nYoutube<\/p>\n<h3>Consentement<\/h3>\n<p>Lorsque vous visitez le Site de PMP Solutions pour la premi\u00e8re fois, une fen\u00eatre contextuelle avec une explication sur les cookies sera affich\u00e9e. En cliquant sur Accepter pour fermer la fen\u00eatre contextuelle, vous acceptez les Conditions d\u2019utilisation et la Politique de confidentialit\u00e9 de PMP Solutions. Si vous n\u2019acceptez pas les Conditions d\u2019utilisations et la Politique de confidentialit\u00e9, veuillez cesser votre utilisation du Site de PMP Solutions.<\/p>\n<p>Vous pouvez \u00e9galement d\u00e9sactiver l\u2019utilisation de cookies par votre navigateur, mais veuillez noter que le Site risque de ne plus fonctionner correctement.<\/p>\n<h3>Activer \/ d\u00e9sactiver et supprimer les cookies<\/h3>\n<p>Vous pouvez utiliser votre navigateur internet pour supprimer automatiquement ou manuellement des cookies. Vous pouvez \u00e9galement pr\u00e9ciser que certains cookies ne doivent pas \u00eatre plac\u00e9s. Une autre option est de modifier les r\u00e9glages de votre navigateur afin de recevoir un message \u00e0 chaque fois qu\u2019un cookie est plac\u00e9. Pour plus d\u2019informations \u00e0 propos de ces options, veuillez vous r\u00e9f\u00e9rer aux instructions dans la section Aide de votre navigateur.<\/p>\n<p>Veuillez noter que le Site de PMP Solutions peut ne pas marcher correctement si tous les cookies sont d\u00e9sactiv\u00e9s. Si vous supprimez les cookies dans votre navigateur, ils seront de nouveau plac\u00e9s apr\u00e8s votre consentement lorsque vous revisiterez le Site.<\/p>\n<h3>Vos droits concernant les donn\u00e9es personnelles<\/h3>\n<p>Vous avez les droits suivants concernant vos donn\u00e9es personnelles :<\/p>\n<ol>\n<li>vous pouvez envoyer une demande d\u2019acc\u00e8s aux donn\u00e9es vous concernant trait\u00e9es par PMP Solutions;<\/li>\n<li>vous pouvez vous opposer au traitement de vos donn\u00e9es personnelles ;<\/li>\n<li>vous pouvez demander une vue d\u2019ensemble, sous un format commun\u00e9ment utilis\u00e9, des donn\u00e9es trait\u00e9es vous concernant ;<\/li>\n<li>vous pouvez demander la correction ou la suppression des donn\u00e9es si elles sont incorrectes ou si elles ne sont plus d\u2019actualit\u00e9.<\/li>\n<li>vous avez le droit de retirer votre consentement \u00e0 tout moment, sujet \u00e0 des restrictions contractuelles ou juridiques et un pr\u00e9avis raisonnable. Vous serez inform\u00e9(e) des implications d\u2019un tel retrait.<\/li>\n<li>vous avez le droit d\u2019adresser \u00e0 notre organisation une objection concernant tout non-respect de la LPRDE et, si le probl\u00e8me n\u2019est pas r\u00e9solu, au Commissariat \u00e0 la protection de la vie priv\u00e9e du Canada.<\/li>\n<\/ol>\n<p>Pour exercer ces droits, veuillez contacter PMP Solutions en utilisant les coordonn\u00e9es de la personne ressource au bas de cette politique. Si vous avez une plainte concernant la fa\u00e7on dont PMP Solutions traite vos donn\u00e9es, nous aimerions en \u00eatre inform\u00e9s.<\/p>\n<h2>FORMULAIRES ET INTERACTIONS<\/h2>\n<p><em>Vos renseignements personnels peuvent \u00eatre collect\u00e9s par le biais de formulaire :<\/em><\/p>\n<ul>\n<li><em>Formulaire de contact sur la page Contact<\/em><\/li>\n<li><em>Formulaires de candidature spontan\u00e9e et de candidature associ\u00e9e \u00e0 une offre d\u2019emploi dans nos pages Carri\u00e8res<\/em><\/li>\n<li><em>Formulaire Parlez \u00e0 un expert<\/em><\/li>\n<\/ul>\n<p>PMP Solutions peut utiliser vos renseignements personnels pour :<\/p>\n<ol>\n<li>rester en contact avec vous, r\u00e9pondre \u00e0 vos questions, vous transmettre de l\u2019information et vous fournir un service personnalis\u00e9 ;<\/li>\n<li>communiquer avec vous par courriel et vous faire parvenir du mat\u00e9riel publicitaire ou de l\u2019information suppl\u00e9mentaire sur les services de PMP Solutions, des promotions et des nouvelles ;<\/li>\n<\/ol>\n<p>Vos renseignements sont \u00e9galement collect\u00e9s par le biais de l\u2019interaction pouvant s\u2019\u00e9tablir entre vous et notre Site, et peuvent \u00eatre utilis\u00e9s pour les finalit\u00e9s suivantes:<\/p>\n<ul>\n<li>Analyses et statistiques (Google Analytics)<\/li>\n<li>Contact client (formulaire de contact, courriels ou infolettres)<\/li>\n<\/ul>\n<h2>SERVICES TIERS<\/h2>\n<p>PMP Solutions utilise des services tiers dans le cadre de la gestion de son Site. En aucun cas, PMP Solutions n\u2019est responsable de tout pr\u00e9judice pouvant provenir de ces services tiers. Pour conna\u00eetre les conditions d\u2019utilisation de ces services, nous vous invitons \u00e0 consulter leurs conditions d'utilisation et politiques respectives. Vous trouverez ci-dessous la liste des services tiers utilis\u00e9s :<\/p>\n<p class=\"translation-block\"><strong>Google Analytics (Google Inc.) <\/strong> est un service gratuit d\u2019analyse d\u2019audience du Site qui utilise les donn\u00e9es collect\u00e9es pour suivre et analyser l\u2019utilisation du Site.<\/p>\n<p class=\"translation-block\"><strong>MailChimp (The Rocket Science Group, LLS.) <\/strong> est un service de gestion des adresses courriel et d\u2019envoi de messages. Il permet de g\u00e9rer l\u2019inscription et la d\u00e9sinscription \u00e0 nos infolettres et l\u2019envoi de ces derni\u00e8res.<\/p>\n<h2>DONN\u00c9ES \u00c9CHANG\u00c9ES AUTOMATIQUEMENT<\/h2>\n<p>PMP Solutions recueille certaines informations lors d\u2019\u00e9changes entre votre ordinateur et son serveur. Il s\u2019agit principalement des informations suivantes :<\/p>\n<ul>\n<li>Votre adresse IP (exemple : 123.456.789.012);<\/li>\n<li>Les pages visit\u00e9es et requ\u00eates faites sur le site;<\/li>\n<li>Date et heure auxquelles vous acc\u00e9dez \u00e0 ces pages<\/li>\n<\/ul>\n<p>La plupart des informations transmises automatiquement ne permettent pas de conna\u00eetre votre identit\u00e9. Elles ne sont recueillies qu\u2019en raison d\u2019exigences technologiques inh\u00e9rentes \u00e0 la navigation sur Internet.<\/p>\n<h2>PARTAGE DES RENSEIGNEMENTS PERSONNELS<\/h2>\n<p>PMP Solutions s\u2019engage \u00e0 ne pas commercialiser les renseignements personnels collect\u00e9s.<\/p>\n<p>Sauf indication contraire dans cette d\u00e9claration, les informations personnelles que vous fournissez ne seront pas transmises \u00e0 des tiers sans votre autorisation.<\/p>\n<p>Dans le cas o\u00f9 PMP Solutions prendrait part \u00e0 une op\u00e9ration de fusion, d\u2019acquisition ou \u00e0 toute autre forme de vente d\u2019actifs avec une autre organisation, les renseignements personnels que nous avons recueillis feraient partie des actifs transf\u00e9r\u00e9s \u00e0 cette autre organisation. PMP Solutions s\u2019engage \u00e0 garantir la confidentialit\u00e9 des donn\u00e9es personnelles et \u00e0 vous informer avant que celles-ci ne soient transf\u00e9r\u00e9es ou soumises \u00e0 de nouvelles r\u00e8gles de confidentialit\u00e9. Si vous refusez que vos renseignements personnels soient utilis\u00e9s par cette autre organisation, vous pouvez demander \u00e0 cette derni\u00e8re de les supprimer.<\/p>\n<h2>LOI ANTI-POURRIEL<\/h2>\n<p class=\"translation-block\">PMP Solutions se conforme aux exigences de la Loi canadienne Anti-Pourriel (LCAP). Un lien de d\u00e9sabonnement se trouve au bas de tous les courriels envoy\u00e9s par PMP Solutions. Pour vous d\u00e9sinscrire de notre liste d\u2019envoi de communications \u00e9lectroniques, vous pouvez aussi faire une demande par courriel \u00e0  <a href=\"mailto:info@volcan.ca\" target=\"_self\">info@pmpsolutions.ca<\/a>.<\/p>\n<h2>S\u00c9CURIT\u00c9<\/h2>\n<p>Les renseignements personnels collect\u00e9s par PMP Solutions sont conserv\u00e9s dans un environnement s\u00e9curis\u00e9. PMP Solutions a adopt\u00e9 des mesures appropri\u00e9es afin de pr\u00e9server la confidentialit\u00e9 des renseignements personnels et de les prot\u00e9ger contre la perte ou le vol, ainsi que l\u2019acc\u00e8s, la communication, la reproduction, l\u2019utilisation ou la modification non autoris\u00e9s, en tenant compte, notamment, de leur sensibilit\u00e9 et des fins auxquelles ils sont employ\u00e9s. De plus, PMP Solutions exige que chaque employ\u00e9, mandataire ou repr\u00e9sentant respecte la pr\u00e9sente Politique.<\/p>\n<p>Pour assurer la s\u00e9curit\u00e9 de vos renseignements personnels, PMP Solutions a recours aux mesures suivantes :<\/p>\n<ul>\n<li>Protocole SSL (Secure Sockets Layer)<\/li>\n<li>Gestion des acc\u00e8s au gestionnaire de contenu \u2014 personnes autoris\u00e9es<\/li>\n<li>Sauvegarde informatique<\/li>\n<li>Identifiant \/ mot de passe pour les utilisateurs connect\u00e9s<\/li>\n<li>Cryptages des donn\u00e9es sensibles (ex. mot de passe)<\/li>\n<li>Serveur canadien<\/li>\n<\/ul>\n<p>PMP Solutions s\u2019engage ainsi \u00e0 maintenir un haut degr\u00e9 de confidentialit\u00e9 en int\u00e9grant les derni\u00e8res innovations technologiques permettant d\u2019assurer la protection de vos donn\u00e9es personnelles et \u00e9viter qu\u2019elles ne soient consult\u00e9es, utilis\u00e9es ou divulgu\u00e9es sans autorisation.<\/p>\n<p>PMP Solutions s\u2019engage \u00e0 vous informer par courriel de toute br\u00e8che de s\u00e9curit\u00e9 menant \u00e0 un acc\u00e8s non autoris\u00e9 \u00e0 vos donn\u00e9es personnelles dans les plus brefs d\u00e9lais.<\/p>\n<h2>PERSONNE RESSOURCE<\/h2>\n<p>Vous pouvez exercer les droits pr\u00e9vus par la pr\u00e9sente Politique ou adresser toute autre question ou plainte concernant les pratiques de PMP Solutions en ce qui a trait \u00e0 la protection des renseignements personnels en contactant PMP Solutions :<\/p>\n<p>Nom de la personne ressource : F\u00e9lix-Antoine L\u00e9ger<\/p>\n<p>Courrier : 300 rue Dieppe, Qu\u00e9bec,Qc G1N3M8<\/p>\n<p>Courriel : felix-antoine.leger@pmpsolutions.ca<\/p>\n<p>T\u00e9l\u00e9phone : (581) 891-7677 poste 203<\/p>\n<h2>MODIFICATION DE CETTE POLITIQUE<\/h2>\n<p>PMP Solutions se r\u00e9serve le droit de modifier ou de compl\u00e9ter la pr\u00e9sente Politique en tout temps, \u00e0 son enti\u00e8re discr\u00e9tion. Toute modification importante qui pourrait avoir une incidence sur la fa\u00e7on dont nous g\u00e9rons vos renseignements personnels sera publi\u00e9e dans le pr\u00e9sent document.<\/p>\n<p>PMP Solutions demande aux utilisateurs de prendre connaissance de la version \u00e0 jour de la Politique. Si vous vous opposez \u00e0 une quelconque modification apport\u00e9e \u00e0 cette Politique, veuillez cesser toute utilisation du Site. L\u2019utilisation continue de ces services, apr\u00e8s l\u2019entr\u00e9e en vigueur d\u2019une nouvelle Politique, constitue votre acceptation de celle-ci.<\/p>\n<p>\u00a0<\/p>\n<p>\u00a0<\/p>\n<p>Cette page a \u00e9t\u00e9 modifi\u00e9e pour la derni\u00e8re fois le 31 ao\u00fbt 2023 et s\u2019applique aux citoyens et aux r\u00e9sidents permanents l\u00e9gaux du Canada.<\/p>\n<p>\u00a0<\/p>\n<p>\u00a0<\/p><\/div><\/div><\/section>","protected":false},"excerpt":{"rendered":"","protected":false},"author":1,"featured_media":0,"parent":0,"menu_order":26,"comment_status":"closed","ping_status":"closed","template":"","meta":{"_acf_changed":false,"footnotes":""},"class_list":["post-191","page","type-page","status-publish","hentry"],"acf":[],"yoast_head":"<!-- This site is optimized with the Yoast SEO plugin v27.4 - https:\/\/yoast.com\/product\/yoast-seo-wordpress\/ -->\n<title>Privacy Policy | PMP SOLUTIONS<\/title>\n<meta name=\"description\" content=\"We take your privacy to heart.\" \/>\n<meta name=\"robots\" content=\"index, follow, max-snippet:-1, max-image-preview:large, max-video-preview:-1\" \/>\n<link rel=\"canonical\" href=\"https:\/\/pmpsolutions.ca\/fr\/confidentialite\/\" \/>\n<meta property=\"og:locale\" content=\"fr_CA\" \/>\n<meta property=\"og:type\" content=\"article\" \/>\n<meta property=\"og:title\" content=\"Privacy Policy | PMP SOLUTIONS\" \/>\n<meta property=\"og:description\" content=\"We take your privacy to heart.\" \/>\n<meta property=\"og:url\" content=\"https:\/\/pmpsolutions.ca\/fr\/confidentialite\/\" \/>\n<meta property=\"og:site_name\" content=\"PMP SOLUTIONS\" \/>\n<meta property=\"article:modified_time\" content=\"2023-02-03T16:13:53+00:00\" \/>\n<meta name=\"twitter:card\" content=\"summary_large_image\" \/>\n<script type=\"application\/ld+json\" class=\"yoast-schema-graph\">{\"@context\":\"https:\\\/\\\/schema.org\",\"@graph\":[{\"@type\":\"WebPage\",\"@id\":\"https:\\\/\\\/pmpsolutions.ca\\\/privacy-policy\\\/\",\"url\":\"https:\\\/\\\/pmpsolutions.ca\\\/privacy-policy\\\/\",\"name\":\"Privacy Policy | PMP SOLUTIONS\",\"isPartOf\":{\"@id\":\"https:\\\/\\\/pmpsolutions.ca\\\/#website\"},\"datePublished\":\"2021-07-08T12:59:04+00:00\",\"dateModified\":\"2023-02-03T16:13:53+00:00\",\"description\":\"We take your privacy to heart.\",\"breadcrumb\":{\"@id\":\"https:\\\/\\\/pmpsolutions.ca\\\/privacy-policy\\\/#breadcrumb\"},\"inLanguage\":\"fr-CA\",\"potentialAction\":[{\"@type\":\"ReadAction\",\"target\":[\"https:\\\/\\\/pmpsolutions.ca\\\/privacy-policy\\\/\"]}]},{\"@type\":\"BreadcrumbList\",\"@id\":\"https:\\\/\\\/pmpsolutions.ca\\\/privacy-policy\\\/#breadcrumb\",\"itemListElement\":[{\"@type\":\"ListItem\",\"position\":1,\"name\":\"Home\",\"item\":\"https:\\\/\\\/pmpsolutions.ca\\\/en\\\/\"},{\"@type\":\"ListItem\",\"position\":2,\"name\":\"Privacy Policy\"}]},{\"@type\":\"WebSite\",\"@id\":\"https:\\\/\\\/pmpsolutions.ca\\\/#website\",\"url\":\"https:\\\/\\\/pmpsolutions.ca\\\/\",\"name\":\"PMP SOLUTIONS\",\"description\":\"Driving wood transformation\",\"publisher\":{\"@id\":\"https:\\\/\\\/pmpsolutions.ca\\\/#organization\"},\"potentialAction\":[{\"@type\":\"SearchAction\",\"target\":{\"@type\":\"EntryPoint\",\"urlTemplate\":\"https:\\\/\\\/pmpsolutions.ca\\\/?s={search_term_string}\"},\"query-input\":{\"@type\":\"PropertyValueSpecification\",\"valueRequired\":true,\"valueName\":\"search_term_string\"}}],\"inLanguage\":\"fr-CA\"},{\"@type\":\"Organization\",\"@id\":\"https:\\\/\\\/pmpsolutions.ca\\\/#organization\",\"name\":\"PMP SOLUTIONS\",\"url\":\"https:\\\/\\\/pmpsolutions.ca\\\/\",\"logo\":{\"@type\":\"ImageObject\",\"inLanguage\":\"fr-CA\",\"@id\":\"https:\\\/\\\/pmpsolutions.ca\\\/#\\\/schema\\\/logo\\\/image\\\/\",\"url\":\"https:\\\/\\\/pmpsolutions.ca\\\/wp-content\\\/uploads\\\/2021\\\/10\\\/logo-pmp.png\",\"contentUrl\":\"https:\\\/\\\/pmpsolutions.ca\\\/wp-content\\\/uploads\\\/2021\\\/10\\\/logo-pmp.png\",\"width\":288,\"height\":189,\"caption\":\"PMP SOLUTIONS\"},\"image\":{\"@id\":\"https:\\\/\\\/pmpsolutions.ca\\\/#\\\/schema\\\/logo\\\/image\\\/\"},\"sameAs\":[\"https:\\\/\\\/www.linkedin.com\\\/company\\\/pmp-solutions\\\/\",\"https:\\\/\\\/www.youtube.com\\\/channel\\\/UCSPfsI0cvknrEFMS0KPL9nA\"]}]}<\/script>\n<!-- \/ Yoast SEO plugin. -->","yoast_head_json":{"title":"Privacy Policy | PMP SOLUTIONS","description":"We take your privacy to heart.","robots":{"index":"index","follow":"follow","max-snippet":"max-snippet:-1","max-image-preview":"max-image-preview:large","max-video-preview":"max-video-preview:-1"},"canonical":"https:\/\/pmpsolutions.ca\/fr\/confidentialite\/","og_locale":"fr_CA","og_type":"article","og_title":"Privacy Policy | PMP SOLUTIONS","og_description":"We take your privacy to heart.","og_url":"https:\/\/pmpsolutions.ca\/fr\/confidentialite\/","og_site_name":"PMP SOLUTIONS","article_modified_time":"2023-02-03T16:13:53+00:00","twitter_card":"summary_large_image","schema":{"@context":"https:\/\/schema.org","@graph":[{"@type":"WebPage","@id":"https:\/\/pmpsolutions.ca\/privacy-policy\/","url":"https:\/\/pmpsolutions.ca\/privacy-policy\/","name":"Privacy Policy | PMP SOLUTIONS","isPartOf":{"@id":"https:\/\/pmpsolutions.ca\/#website"},"datePublished":"2021-07-08T12:59:04+00:00","dateModified":"2023-02-03T16:13:53+00:00","description":"We take your privacy to heart.","breadcrumb":{"@id":"https:\/\/pmpsolutions.ca\/privacy-policy\/#breadcrumb"},"inLanguage":"fr-CA","potentialAction":[{"@type":"ReadAction","target":["https:\/\/pmpsolutions.ca\/privacy-policy\/"]}]},{"@type":"BreadcrumbList","@id":"https:\/\/pmpsolutions.ca\/privacy-policy\/#breadcrumb","itemListElement":[{"@type":"ListItem","position":1,"name":"Home","item":"https:\/\/pmpsolutions.ca\/en\/"},{"@type":"ListItem","position":2,"name":"Privacy Policy"}]},{"@type":"WebSite","@id":"https:\/\/pmpsolutions.ca\/#website","url":"https:\/\/pmpsolutions.ca\/","name":"PMP SOLUTIONS","description":"Driving wood transformation","publisher":{"@id":"https:\/\/pmpsolutions.ca\/#organization"},"potentialAction":[{"@type":"SearchAction","target":{"@type":"EntryPoint","urlTemplate":"https:\/\/pmpsolutions.ca\/?s={search_term_string}"},"query-input":{"@type":"PropertyValueSpecification","valueRequired":true,"valueName":"search_term_string"}}],"inLanguage":"fr-CA"},{"@type":"Organization","@id":"https:\/\/pmpsolutions.ca\/#organization","name":"PMP SOLUTIONS","url":"https:\/\/pmpsolutions.ca\/","logo":{"@type":"ImageObject","inLanguage":"fr-CA","@id":"https:\/\/pmpsolutions.ca\/#\/schema\/logo\/image\/","url":"https:\/\/pmpsolutions.ca\/wp-content\/uploads\/2021\/10\/logo-pmp.png","contentUrl":"https:\/\/pmpsolutions.ca\/wp-content\/uploads\/2021\/10\/logo-pmp.png","width":288,"height":189,"caption":"PMP SOLUTIONS"},"image":{"@id":"https:\/\/pmpsolutions.ca\/#\/schema\/logo\/image\/"},"sameAs":["https:\/\/www.linkedin.com\/company\/pmp-solutions\/","https:\/\/www.youtube.com\/channel\/UCSPfsI0cvknrEFMS0KPL9nA"]}]}},"_links":{"self":[{"href":"https:\/\/pmpsolutions.ca\/fr\/wp-json\/wp\/v2\/pages\/191","targetHints":{"allow":["GET"]}}],"collection":[{"href":"https:\/\/pmpsolutions.ca\/fr\/wp-json\/wp\/v2\/pages"}],"about":[{"href":"https:\/\/pmpsolutions.ca\/fr\/wp-json\/wp\/v2\/types\/page"}],"author":[{"embeddable":true,"href":"https:\/\/pmpsolutions.ca\/fr\/wp-json\/wp\/v2\/users\/1"}],"replies":[{"embeddable":true,"href":"https:\/\/pmpsolutions.ca\/fr\/wp-json\/wp\/v2\/comments?post=191"}],"version-history":[{"count":7,"href":"https:\/\/pmpsolutions.ca\/fr\/wp-json\/wp\/v2\/pages\/191\/revisions"}],"predecessor-version":[{"id":2095,"href":"https:\/\/pmpsolutions.ca\/fr\/wp-json\/wp\/v2\/pages\/191\/revisions\/2095"}],"wp:attachment":[{"href":"https:\/\/pmpsolutions.ca\/fr\/wp-json\/wp\/v2\/media?parent=191"}],"curies":[{"name":"wp","href":"https:\/\/api.w.org\/{rel}","templated":true}]}}