{"id":1618,"date":"2022-05-26T13:39:14","date_gmt":"2022-05-26T18:39:14","guid":{"rendered":"https:\/\/pmpsolutions.ca\/?page_id=1618"},"modified":"2024-03-14T10:35:17","modified_gmt":"2024-03-14T15:35:17","slug":"pmp-teammate","status":"publish","type":"page","link":"https:\/\/pmpsolutions.ca\/fr\/produits\/pmp-teammate\/","title":{"rendered":"PMP TeamMate"},"content":{"rendered":"<section id=\"section-102-234\" class=\"ct-section inset-left white header-banner hero-banner alignfull bloc-hero-banner\" style=\"background-image:url(https:\/\/pmpsolutions.ca\/wp-content\/uploads\/2023\/04\/pmp-teammate-hero.jpg);background-size: cover;\" ><div class=\"ct-section-inner-wrap\"><div id=\"new_columns-103-234\" class=\"ct-new-columns\" ><div id=\"div_block-104-234\" class=\"ct-div-block hero-text-ctn\" ><div id=\"text_block-21-258\" class=\"ct-text-block section-name hero-top-text\" ><br><\/div><h1 id=\"headline-105-234\" class=\"ct-headline h1 text-uppercase hero-title\">PMP TeamMate<\/h1><div id=\"text_block-106-234\" class=\"ct-text-block mb-3 hero-text\" >La seule solution de performance compl\u00e8te qui vous permet d\u2019optimiser vos op\u00e9rations, outiller vos employ\u00e9s, augmenter la qualit\u00e9 et la valeur de votre panier de produits, et propulser votre rentabilit\u00e9.<\/div><a id=\"link_button-107-234\" class=\"ct-link-button btn rounded-0 btn-2 hero-cta\" href=\"#headline-2-312\" target=\"_self\"  >D\u00c9COUVREZ TOUS LES MODULES PMP TeamMate<\/a><\/div><div id=\"div_block-108-234\" class=\"ct-div-block\" ><\/div><\/div><div id=\"div_block-22-258\" class=\"ct-div-block picto-yellow\" ><img decoding=\"async\"  id=\"image-23-258\" alt=\"\" src=\"https:\/\/pmpsolutions.ca\/wp-content\/uploads\/2021\/09\/graphic-element-yellow.svg\" class=\"ct-image picto-img\" data-paroller-factor=\"-0.3\" data-paroller-type=\"foreground\" data-paroller-direction=\"horizontal\"\/><\/div><\/div><\/section>\n\n<section id=\"section-109-234\" class=\"ct-section cta-intro-text-wrapper\" ><div class=\"ct-section-inner-wrap\"><div id=\"div_block-261-234\" class=\"ct-div-block cta-intro-text-title\" ><h2 id=\"headline-256-234\" class=\"ct-headline mb-4 h3\">Outillez-vous pour atteindre de meilleurs r\u00e9sultats<\/h2><div id=\"text_block-259-234\" class=\"ct-text-block cta-intro-text\" >Nous comprenons que vos objectifs d'affaires et votre strat\u00e9gie doivent se traduire en actions chez vos employ\u00e9s. Sinon, ils n'ont aucune id\u00e9e pourquoi ils travaillent. Nous avons con\u00e7u nos outils pour y arriver : ils traduisent vos objectifs en informations actionnables.&nbsp;<div><br><\/div><div>PMP TeamMate\u2122 est la concr\u00e9tisation de plus de 15 ans d'exp\u00e9rience sur le terrain par notre \u00e9quipe d'experts. Notre solution est utilis\u00e9e dans plus de 115 usines en Am\u00e9rique du Nord et couvre tous les aspects de votre cha\u00eene logistique, de l'entr\u00e9e de la scierie \u00e0 l'exp\u00e9dition.<\/div><\/div><\/div><a id=\"link_button-111-234\" class=\"ct-link-button mt-4 btn mt-3 btn-2 cta-intro-text-btn\" href=\"#headline-2-312\" target=\"_self\"  >D\u00e9couvrez tous les modules de PMP TeamMate<\/a><\/div><\/section>\n\n\n<figure class=\"wp-block-image size-large\"><img loading=\"lazy\" decoding=\"async\" width=\"1024\" height=\"256\" src=\"https:\/\/pmpsolutions.ca\/wp-content\/uploads\/2023\/05\/Valeur-PMP-TeamMate.png\" alt=\"\" class=\"wp-image-2979\" srcset=\"https:\/\/pmpsolutions.ca\/wp-content\/uploads\/2023\/05\/Valeur-PMP-TeamMate.png 1600w, https:\/\/pmpsolutions.ca\/wp-content\/uploads\/2023\/05\/Valeur-PMP-TeamMate-300x75.png 300w, https:\/\/pmpsolutions.ca\/wp-content\/uploads\/2023\/05\/Valeur-PMP-TeamMate-1024x256.png 1024w, https:\/\/pmpsolutions.ca\/wp-content\/uploads\/2023\/05\/Valeur-PMP-TeamMate-768x192.png 768w, https:\/\/pmpsolutions.ca\/wp-content\/uploads\/2023\/05\/Valeur-PMP-TeamMate-1536x384.png 1536w, https:\/\/pmpsolutions.ca\/wp-content\/uploads\/2023\/05\/Valeur-PMP-TeamMate-18x5.png 18w\" sizes=\"auto, (max-width: 1024px) 100vw, 1024px\" \/><\/figure>\n\n\n<div id=\"div_block-9-262\" class=\"ct-div-block ss-img-left alignfull\" ><div id=\"div_block-15-262\" class=\"ct-div-block ss-img-ctn\" ><img decoding=\"async\"  id=\"image-16-262\" alt=\"Bird's-eye view of waterside lumber mill\" src=\"https:\/\/pmpsolutions.ca\/wp-content\/uploads\/2021\/11\/waterside-lumber-mill.jpg\" class=\"ct-image\"\/><\/div><div id=\"div_block-10-262\" class=\"ct-div-block ss-text-ctn\" ><h2 id=\"headline-11-262\" class=\"ct-headline h4 ss-title\">Con\u00e7u sp\u00e9cialement pour l'industrie de la transformation du bois<\/h2><div id=\"_rich_text-12-262\" class=\"oxy-rich-text ss-text\" ><p style=\"text-align: left;\">Gr\u00e2ce \u00e0 nos ann\u00e9es d\u2019exp\u00e9rience et de savoir-faire dans l\u2019industrie, nous comprenons les d\u00e9fis que doivent relever les op\u00e9rateurs, gestionnaires et employ\u00e9s d\u2019usines. C\u2019est comment nous avons r\u00e9ussi \u00e0 d\u00e9velopper PMP TeamMate, notre plateforme manufacturi\u00e8re et d\u2019historicisation, qui peut habiliter votre personnel \u00e0 mieux performer, am\u00e9liorer la qualit\u00e9 et la valeur de votre panier de produits, et augmenter vos profits\u2014sans moderniser.<\/p><\/div><a id=\"link_button-13-262\" class=\"ct-link-button btn btn-outline black ss-btn\" href=\"#show-form-get-a-quote\" target=\"_self\"  >Parlez \u00e0 un expert<\/a><\/div><\/div>\n\n<div id=\"div_block-100-74\" class=\"ct-div-block ss-img-right alignfull\" ><div id=\"div_block-103-74\" class=\"ct-div-block ss-text-ctn\" ><h2 id=\"headline-104-74\" class=\"ct-headline h4 ss-title\">Le pouvoir d'agir imm\u00e9diatement<\/h2><div id=\"_rich_text-105-74\" class=\"oxy-rich-text ss-text\" ><p>PMP TeamMate est con\u00e7u pour contextualiser les donn\u00e9es de production pour les pr\u00e9senter visuellement sur le plancher de l'usine de mani\u00e8re simple et facile \u00e0 comprendre, pour de l'information temps r\u00e9el \u00e0 propos de l'efficacit\u00e9, la qualit\u00e9 et la productivit\u00e9. Ceci ancre les op\u00e9rateurs \u00e0 la performance et leur donne le pouvoir d'agir imm\u00e9diatement s'ils voient un probl\u00e8me, et ce avant de perdre le contr\u00f4le de la production.<\/p>\n<p>PMP TeamMate n'est pas simplement un syst\u00e8me d'alarmes en temps r\u00e9el. Il fournit aussi de l'intelligence d'affaires qui vous permet d'arriver \u00e0 des conclusions strat\u00e9giques et op\u00e9rationnelles qui impacteront concr\u00e8tement votre rentabilit\u00e9.<\/p><\/div><a id=\"link_button-106-74\" class=\"ct-link-button btn btn-outline black ss-btn\" href=\"https:\/\/pmpsolutions.ca\/fr\/ressources\/calculez-vos-gains\/\" target=\"_self\"  >Calculez le gain de rentabilit\u00e9 que vous pourriez faire avec PMP TeamMate<\/a><\/div><div id=\"div_block-101-74\" class=\"ct-div-block ss-img-ctn\" ><img decoding=\"async\"  id=\"image-102-74\" alt=\"Op\u00e9rateur de ligne devant un tableau de bord PMP WePlane\" src=\"https:\/\/pmpsolutions.ca\/wp-content\/uploads\/2023\/04\/line-operator-in-front-of-pmp-teammate-dashboards.jpg\" class=\"ct-image\"\/><\/div><\/div>\n\n<div id=\"div_block-9-262\" class=\"ct-div-block ss-img-left alignfull\" ><div id=\"div_block-15-262\" class=\"ct-div-block ss-img-ctn\" ><img decoding=\"async\"  id=\"image-16-262\" alt=\"Flot d&#039;information des tableaux de bord et rapport de PMP WePlane au rabotage.\" src=\"https:\/\/pmpsolutions.ca\/wp-content\/uploads\/2021\/11\/diagramme-tableaux-de-bord-rapports-pmp-weplane.png\" class=\"ct-image\"\/><\/div><div id=\"div_block-10-262\" class=\"ct-div-block ss-text-ctn\" ><h2 id=\"headline-11-262\" class=\"ct-headline h4 ss-title\">Travaillez mieux. Ne travaillez pas plus.<\/h2><div id=\"_rich_text-12-262\" class=\"oxy-rich-text ss-text\" ><p style=\"text-align: left;\" class=\"translation-block\"><span class=\"product-name\">PMP TeamMate<\/span> favorise la communication et la collaboration. Il rend disponible toute l\u2019information de vos \u00e9quipements \u00e0 tous dans l\u2019usine (de l\u2019op\u00e9rateur au pr\u00e9sident), tout le personnel est au diapason, ce qui am\u00e9liore leur productivit\u00e9 et leur efficacit\u00e9.<\/p><\/div><a id=\"link_button-13-262\" class=\"ct-link-button btn btn-outline black ss-btn\" href=\"https:\/\/pmpsolutions.ca\/wp-content\/uploads\/2023\/02\/Brochure-produit-PMP-TeamMate.pdf\" target=\"_self\"  >T\u00e9l\u00e9charger la fiche<\/a><\/div><\/div>\n\n<div id=\"div_block-135-312\" class=\"ct-div-block\" ><section id=\"section-1-312\" class=\"ct-section\" ><div class=\"ct-section-inner-wrap\"><div id=\"div_block-5-312\" class=\"ct-div-block\" ><h3 id=\"headline-2-312\" class=\"ct-headline h3 mb-4\"><div>Une suite logicielle pour toutes vos op\u00e9rations. Allez plus loins que les rapports.<\/div><\/h3><div id=\"text_block-3-312\" class=\"ct-text-block\" ><div>PMP TeamMate est le syst\u00e8me d'exploitation de votre usine de transformation du bois. C'est un OS complet pour votre usine. Chaque module peut \u00eatre utilis\u00e9 individuellement ou dans n'importe-quelle combinaison, mais ils sont tous con\u00e7us pour vous fournir l'information dont vous avez besoin pour obtenir davantage de votre usine et vos employ\u00e9s, et ce puisque notre solution est votre <b>\u00e9quipier<\/b>.<\/div><\/div><\/div><\/div><\/section><div id=\"_dynamic_list-57-312\" class=\"oxy-dynamic-list\"><div id=\"div_block-58-312-1\" class=\"ct-div-block product-wrapper\" data-id=\"div_block-58-312\"><div id=\"div_block-66-312-1\" class=\"ct-div-block product-preview\" data-id=\"div_block-66-312\"><img decoding=\"async\" id=\"image-67-312-1\" alt=\"\" src=\"\" class=\"ct-image product-preview-img\" data-id=\"image-67-312\"><div id=\"text_block-68-312-1\" class=\"ct-text-block\" data-id=\"text_block-68-312\"><div><span id=\"span-97-312\" class=\"ct-span\" ><\/span><\/div><\/div><\/div><\/div><div id=\"div_block-58-312-2\" class=\"ct-div-block product-wrapper\" data-id=\"div_block-58-312\"><div id=\"div_block-66-312-2\" class=\"ct-div-block product-preview\" data-id=\"div_block-66-312\"><img decoding=\"async\" id=\"image-67-312-2\" alt=\"\" src=\"\" class=\"ct-image product-preview-img\" data-id=\"image-67-312\"><div id=\"text_block-68-312-2\" class=\"ct-text-block\" data-id=\"text_block-68-312\"><div><span id=\"span-97-312\" class=\"ct-span\" ><\/span><\/div><\/div><\/div><\/div><div id=\"div_block-58-312-3\" class=\"ct-div-block product-wrapper\" data-id=\"div_block-58-312\"><div id=\"div_block-66-312-3\" class=\"ct-div-block product-preview\" data-id=\"div_block-66-312\"><img decoding=\"async\" id=\"image-67-312-3\" alt=\"\" src=\"\" class=\"ct-image product-preview-img\" data-id=\"image-67-312\"><div id=\"text_block-68-312-3\" class=\"ct-text-block\" data-id=\"text_block-68-312\"><div><span id=\"span-97-312\" class=\"ct-span\" ><\/span><\/div><\/div><\/div><\/div><div id=\"div_block-58-312-4\" class=\"ct-div-block product-wrapper\" data-id=\"div_block-58-312\"><div id=\"div_block-66-312-4\" class=\"ct-div-block product-preview\" data-id=\"div_block-66-312\"><img decoding=\"async\" id=\"image-67-312-4\" alt=\"\" src=\"\" class=\"ct-image product-preview-img\" data-id=\"image-67-312\"><div id=\"text_block-68-312-4\" class=\"ct-text-block\" data-id=\"text_block-68-312\"><div><span id=\"span-97-312\" class=\"ct-span\" ><\/span><\/div><\/div><\/div><\/div><div id=\"div_block-58-312-5\" class=\"ct-div-block product-wrapper\" data-id=\"div_block-58-312\"><div id=\"div_block-66-312-5\" class=\"ct-div-block product-preview\" data-id=\"div_block-66-312\"><img decoding=\"async\" id=\"image-67-312-5\" alt=\"\" src=\"\" class=\"ct-image product-preview-img\" data-id=\"image-67-312\"><div id=\"text_block-68-312-5\" class=\"ct-text-block\" data-id=\"text_block-68-312\"><div><span id=\"span-97-312\" class=\"ct-span\" ><\/span><\/div><\/div><\/div><\/div>                    \n                                            \n                                        \n                    <\/div>\n<\/div>\n\n<section id=\"section-213-74\" class=\"ct-section data-to-work-ctn\" ><div class=\"ct-section-inner-wrap\"><div id=\"div_block-218-74\" class=\"ct-div-block\" ><h2 id=\"headline-214-74\" class=\"ct-headline h2 data-to-work-title\">Commencez \u00e0 faire travailler vos donn\u00e9es.<\/h2><a id=\"link_button-220-74\" class=\"ct-link-button btn btn-1 mt-5 data-to-work-btn\" href=\"#show-form-get-a-quote\" target=\"_self\"  >Parlez \u00e0 un expert<\/a><\/div><\/div><\/section>","protected":false},"excerpt":{"rendered":"","protected":false},"author":3,"featured_media":0,"parent":74,"menu_order":0,"comment_status":"closed","ping_status":"closed","template":"","meta":{"_acf_changed":false,"footnotes":""},"class_list":["post-1618","page","type-page","status-publish","hentry"],"acf":[],"yoast_head":"<!-- This site is optimized with the Yoast SEO plugin v27.4 - https:\/\/yoast.com\/product\/yoast-seo-wordpress\/ -->\n<title>PMP TeamMate | Put your data to work | PMP SOLUTIONS<\/title>\n<meta name=\"description\" content=\"Leverage the data in your mill to drive decisions that will improve performance, quality, and earnings with our software solution.\" \/>\n<meta name=\"robots\" content=\"index, follow, max-snippet:-1, max-image-preview:large, max-video-preview:-1\" \/>\n<link rel=\"canonical\" href=\"https:\/\/pmpsolutions.ca\/fr\/produits\/pmp-teammate\/\" \/>\n<meta property=\"og:locale\" content=\"fr_CA\" \/>\n<meta property=\"og:type\" content=\"article\" \/>\n<meta property=\"og:title\" content=\"PMP TeamMate | Put your data to work | PMP SOLUTIONS\" \/>\n<meta property=\"og:description\" content=\"Leverage the data in your mill to drive decisions that will improve performance, quality, and earnings with our software solution.\" \/>\n<meta property=\"og:url\" content=\"https:\/\/pmpsolutions.ca\/fr\/produits\/pmp-teammate\/\" \/>\n<meta property=\"og:site_name\" content=\"PMP SOLUTIONS\" \/>\n<meta property=\"article:modified_time\" content=\"2024-03-14T15:35:17+00:00\" \/>\n<meta property=\"og:image\" content=\"https:\/\/pmpsolutions.ca\/wp-content\/uploads\/2023\/05\/Value-PMP-TeamMate-1024x256.png\" \/>\n<meta name=\"twitter:card\" content=\"summary_large_image\" \/>\n<meta name=\"twitter:label1\" content=\"Estimation du temps de lecture\" \/>\n\t<meta name=\"twitter:data1\" content=\"4 minutes\" \/>\n<script type=\"application\/ld+json\" class=\"yoast-schema-graph\">{\"@context\":\"https:\\\/\\\/schema.org\",\"@graph\":[{\"@type\":\"WebPage\",\"@id\":\"https:\\\/\\\/pmpsolutions.ca\\\/products\\\/pmp-teammate\\\/\",\"url\":\"https:\\\/\\\/pmpsolutions.ca\\\/products\\\/pmp-teammate\\\/\",\"name\":\"PMP TeamMate | Put your data to work | PMP SOLUTIONS\",\"isPartOf\":{\"@id\":\"https:\\\/\\\/pmpsolutions.ca\\\/#website\"},\"primaryImageOfPage\":{\"@id\":\"https:\\\/\\\/pmpsolutions.ca\\\/products\\\/pmp-teammate\\\/#primaryimage\"},\"image\":{\"@id\":\"https:\\\/\\\/pmpsolutions.ca\\\/products\\\/pmp-teammate\\\/#primaryimage\"},\"thumbnailUrl\":\"https:\\\/\\\/pmpsolutions.ca\\\/wp-content\\\/uploads\\\/2023\\\/05\\\/Value-PMP-TeamMate-1024x256.png\",\"datePublished\":\"2022-05-26T18:39:14+00:00\",\"dateModified\":\"2024-03-14T15:35:17+00:00\",\"description\":\"Leverage the data in your mill to drive decisions that will improve performance, quality, and earnings with our software solution.\",\"breadcrumb\":{\"@id\":\"https:\\\/\\\/pmpsolutions.ca\\\/products\\\/pmp-teammate\\\/#breadcrumb\"},\"inLanguage\":\"fr-CA\",\"potentialAction\":[{\"@type\":\"ReadAction\",\"target\":[\"https:\\\/\\\/pmpsolutions.ca\\\/products\\\/pmp-teammate\\\/\"]}]},{\"@type\":\"ImageObject\",\"inLanguage\":\"fr-CA\",\"@id\":\"https:\\\/\\\/pmpsolutions.ca\\\/products\\\/pmp-teammate\\\/#primaryimage\",\"url\":\"https:\\\/\\\/pmpsolutions.ca\\\/wp-content\\\/uploads\\\/2023\\\/05\\\/Value-PMP-TeamMate-1024x256.png\",\"contentUrl\":\"https:\\\/\\\/pmpsolutions.ca\\\/wp-content\\\/uploads\\\/2023\\\/05\\\/Value-PMP-TeamMate-1024x256.png\"},{\"@type\":\"BreadcrumbList\",\"@id\":\"https:\\\/\\\/pmpsolutions.ca\\\/products\\\/pmp-teammate\\\/#breadcrumb\",\"itemListElement\":[{\"@type\":\"ListItem\",\"position\":1,\"name\":\"Home\",\"item\":\"https:\\\/\\\/pmpsolutions.ca\\\/en\\\/\"},{\"@type\":\"ListItem\",\"position\":2,\"name\":\"Products\",\"item\":\"https:\\\/\\\/pmpsolutions.ca\\\/en\\\/products\\\/\"},{\"@type\":\"ListItem\",\"position\":3,\"name\":\"PMP TeamMate\"}]},{\"@type\":\"WebSite\",\"@id\":\"https:\\\/\\\/pmpsolutions.ca\\\/#website\",\"url\":\"https:\\\/\\\/pmpsolutions.ca\\\/\",\"name\":\"PMP SOLUTIONS\",\"description\":\"Driving wood transformation\",\"publisher\":{\"@id\":\"https:\\\/\\\/pmpsolutions.ca\\\/#organization\"},\"potentialAction\":[{\"@type\":\"SearchAction\",\"target\":{\"@type\":\"EntryPoint\",\"urlTemplate\":\"https:\\\/\\\/pmpsolutions.ca\\\/?s={search_term_string}\"},\"query-input\":{\"@type\":\"PropertyValueSpecification\",\"valueRequired\":true,\"valueName\":\"search_term_string\"}}],\"inLanguage\":\"fr-CA\"},{\"@type\":\"Organization\",\"@id\":\"https:\\\/\\\/pmpsolutions.ca\\\/#organization\",\"name\":\"PMP SOLUTIONS\",\"url\":\"https:\\\/\\\/pmpsolutions.ca\\\/\",\"logo\":{\"@type\":\"ImageObject\",\"inLanguage\":\"fr-CA\",\"@id\":\"https:\\\/\\\/pmpsolutions.ca\\\/#\\\/schema\\\/logo\\\/image\\\/\",\"url\":\"https:\\\/\\\/pmpsolutions.ca\\\/wp-content\\\/uploads\\\/2021\\\/10\\\/logo-pmp.png\",\"contentUrl\":\"https:\\\/\\\/pmpsolutions.ca\\\/wp-content\\\/uploads\\\/2021\\\/10\\\/logo-pmp.png\",\"width\":288,\"height\":189,\"caption\":\"PMP SOLUTIONS\"},\"image\":{\"@id\":\"https:\\\/\\\/pmpsolutions.ca\\\/#\\\/schema\\\/logo\\\/image\\\/\"},\"sameAs\":[\"https:\\\/\\\/www.linkedin.com\\\/company\\\/pmp-solutions\\\/\",\"https:\\\/\\\/www.youtube.com\\\/channel\\\/UCSPfsI0cvknrEFMS0KPL9nA\"]}]}<\/script>\n<!-- \/ Yoast SEO plugin. -->","yoast_head_json":{"title":"PMP TeamMate | Put your data to work | PMP SOLUTIONS","description":"Leverage the data in your mill to drive decisions that will improve performance, quality, and earnings with our software solution.","robots":{"index":"index","follow":"follow","max-snippet":"max-snippet:-1","max-image-preview":"max-image-preview:large","max-video-preview":"max-video-preview:-1"},"canonical":"https:\/\/pmpsolutions.ca\/fr\/produits\/pmp-teammate\/","og_locale":"fr_CA","og_type":"article","og_title":"PMP TeamMate | Put your data to work | PMP SOLUTIONS","og_description":"Leverage the data in your mill to drive decisions that will improve performance, quality, and earnings with our software solution.","og_url":"https:\/\/pmpsolutions.ca\/fr\/produits\/pmp-teammate\/","og_site_name":"PMP SOLUTIONS","article_modified_time":"2024-03-14T15:35:17+00:00","og_image":[{"url":"https:\/\/pmpsolutions.ca\/wp-content\/uploads\/2023\/05\/Value-PMP-TeamMate-1024x256.png","type":"","width":"","height":""}],"twitter_card":"summary_large_image","twitter_misc":{"Estimation du temps de lecture":"4 minutes"},"schema":{"@context":"https:\/\/schema.org","@graph":[{"@type":"WebPage","@id":"https:\/\/pmpsolutions.ca\/products\/pmp-teammate\/","url":"https:\/\/pmpsolutions.ca\/products\/pmp-teammate\/","name":"PMP TeamMate | Put your data to work | PMP SOLUTIONS","isPartOf":{"@id":"https:\/\/pmpsolutions.ca\/#website"},"primaryImageOfPage":{"@id":"https:\/\/pmpsolutions.ca\/products\/pmp-teammate\/#primaryimage"},"image":{"@id":"https:\/\/pmpsolutions.ca\/products\/pmp-teammate\/#primaryimage"},"thumbnailUrl":"https:\/\/pmpsolutions.ca\/wp-content\/uploads\/2023\/05\/Value-PMP-TeamMate-1024x256.png","datePublished":"2022-05-26T18:39:14+00:00","dateModified":"2024-03-14T15:35:17+00:00","description":"Leverage the data in your mill to drive decisions that will improve performance, quality, and earnings with our software solution.","breadcrumb":{"@id":"https:\/\/pmpsolutions.ca\/products\/pmp-teammate\/#breadcrumb"},"inLanguage":"fr-CA","potentialAction":[{"@type":"ReadAction","target":["https:\/\/pmpsolutions.ca\/products\/pmp-teammate\/"]}]},{"@type":"ImageObject","inLanguage":"fr-CA","@id":"https:\/\/pmpsolutions.ca\/products\/pmp-teammate\/#primaryimage","url":"https:\/\/pmpsolutions.ca\/wp-content\/uploads\/2023\/05\/Value-PMP-TeamMate-1024x256.png","contentUrl":"https:\/\/pmpsolutions.ca\/wp-content\/uploads\/2023\/05\/Value-PMP-TeamMate-1024x256.png"},{"@type":"BreadcrumbList","@id":"https:\/\/pmpsolutions.ca\/products\/pmp-teammate\/#breadcrumb","itemListElement":[{"@type":"ListItem","position":1,"name":"Home","item":"https:\/\/pmpsolutions.ca\/en\/"},{"@type":"ListItem","position":2,"name":"Products","item":"https:\/\/pmpsolutions.ca\/en\/products\/"},{"@type":"ListItem","position":3,"name":"PMP TeamMate"}]},{"@type":"WebSite","@id":"https:\/\/pmpsolutions.ca\/#website","url":"https:\/\/pmpsolutions.ca\/","name":"PMP SOLUTIONS","description":"Driving wood transformation","publisher":{"@id":"https:\/\/pmpsolutions.ca\/#organization"},"potentialAction":[{"@type":"SearchAction","target":{"@type":"EntryPoint","urlTemplate":"https:\/\/pmpsolutions.ca\/?s={search_term_string}"},"query-input":{"@type":"PropertyValueSpecification","valueRequired":true,"valueName":"search_term_string"}}],"inLanguage":"fr-CA"},{"@type":"Organization","@id":"https:\/\/pmpsolutions.ca\/#organization","name":"PMP SOLUTIONS","url":"https:\/\/pmpsolutions.ca\/","logo":{"@type":"ImageObject","inLanguage":"fr-CA","@id":"https:\/\/pmpsolutions.ca\/#\/schema\/logo\/image\/","url":"https:\/\/pmpsolutions.ca\/wp-content\/uploads\/2021\/10\/logo-pmp.png","contentUrl":"https:\/\/pmpsolutions.ca\/wp-content\/uploads\/2021\/10\/logo-pmp.png","width":288,"height":189,"caption":"PMP SOLUTIONS"},"image":{"@id":"https:\/\/pmpsolutions.ca\/#\/schema\/logo\/image\/"},"sameAs":["https:\/\/www.linkedin.com\/company\/pmp-solutions\/","https:\/\/www.youtube.com\/channel\/UCSPfsI0cvknrEFMS0KPL9nA"]}]}},"_links":{"self":[{"href":"https:\/\/pmpsolutions.ca\/fr\/wp-json\/wp\/v2\/pages\/1618","targetHints":{"allow":["GET"]}}],"collection":[{"href":"https:\/\/pmpsolutions.ca\/fr\/wp-json\/wp\/v2\/pages"}],"about":[{"href":"https:\/\/pmpsolutions.ca\/fr\/wp-json\/wp\/v2\/types\/page"}],"author":[{"embeddable":true,"href":"https:\/\/pmpsolutions.ca\/fr\/wp-json\/wp\/v2\/users\/3"}],"replies":[{"embeddable":true,"href":"https:\/\/pmpsolutions.ca\/fr\/wp-json\/wp\/v2\/comments?post=1618"}],"version-history":[{"count":79,"href":"https:\/\/pmpsolutions.ca\/fr\/wp-json\/wp\/v2\/pages\/1618\/revisions"}],"predecessor-version":[{"id":3004,"href":"https:\/\/pmpsolutions.ca\/fr\/wp-json\/wp\/v2\/pages\/1618\/revisions\/3004"}],"up":[{"embeddable":true,"href":"https:\/\/pmpsolutions.ca\/fr\/wp-json\/wp\/v2\/pages\/74"}],"wp:attachment":[{"href":"https:\/\/pmpsolutions.ca\/fr\/wp-json\/wp\/v2\/media?parent=1618"}],"curies":[{"name":"wp","href":"https:\/\/api.w.org\/{rel}","templated":true}]}}