{"id":1403,"date":"2022-01-25T18:45:48","date_gmt":"2022-01-25T18:45:48","guid":{"rendered":"https:\/\/pmpsolutions.ca\/?page_id=1403"},"modified":"2023-04-13T13:02:38","modified_gmt":"2023-04-13T18:02:38","slug":"upgrading-to-state-of-the-art-tools-to-get-better-products","status":"publish","type":"page","link":"https:\/\/pmpsolutions.ca\/fr\/etudes-de-cas\/moderniser-son-usine-avec-des-outils-de-pointe-pour-de-meilleurs-produits\/","title":{"rendered":"Moderniser son usine avec des outils de points pour de meilleurs produits"},"content":{"rendered":"<section id=\"section-8-477\" class=\"ct-section inset-left white header-banner hero-banner\" style=\"background-image:linear-gradient(rgba(0,0,0,0.4), rgba(0,0,0,0.4)), url(https:\/\/pmpsolutions.ca\/wp-content\/uploads\/2022\/01\/pmp-weplane-dashboards-1024x576.png);background-size:auto,  cover;\" ><div class=\"ct-section-inner-wrap\"><div id=\"new_columns-9-477\" class=\"ct-new-columns\" ><div id=\"div_block-10-477\" class=\"ct-div-block\" ><div id=\"text_block-11-477\" class=\"ct-text-block section-name\" >\u00c9TUDE DE CAS<br><\/div><h1 id=\"headline-12-477\" class=\"ct-headline dentist-heading-one h1 text-uppercase\"><span id=\"span-20-477\" class=\"ct-span\" >Moderniser son usine avec des outils de points pour de meilleurs produits<\/span><\/h1><div id=\"text_block-165-477\" class=\"ct-text-block hero-text hero-text-ctn\" ><p data-pm-slice=\"1 1 []\">Bois-Lac-Saint-Jean a r\u00e9ussi \u00e0 reconstruire et moderniser pour tirer profit de la puissance de l\u2019information et am\u00e9liorer ses r\u00e9sultats.<\/p><\/div><a id=\"link_button-14-477\" class=\"ct-link-button btn rounded-0 btn-2\" href=\"https:\/\/pmpsolutions.ca\/wp-content\/uploads\/2022\/01\/etude-de-cas-bois-lac-saint-jean.pdf\" target=\"_blank\"  ><span id=\"span-15-477\" class=\"ct-span oxygenberg-span-15-477 oxygenberg-element\">T\u00e9l\u00e9charger l'\u00e9tude de cas<\/span><\/a><\/div><div id=\"div_block-16-477\" class=\"ct-div-block\" ><\/div><\/div><div id=\"div_block-130-477\" class=\"ct-div-block picto-yellow\" ><img decoding=\"async\"  id=\"image-131-477\" alt=\"\" src=\"https:\/\/pmpsolutions.ca\/wp-content\/uploads\/2021\/09\/graphic-element-yellow.svg\" class=\"ct-image picto-img\" data-paroller-factor=\"-0.3\" data-paroller-type=\"foreground\" data-paroller-direction=\"horizontal\"\/><\/div><\/div><\/section><section id=\"section-2-477\" class=\"ct-section mb-8 cta-intro-text-wrapper\" ><div class=\"ct-section-inner-wrap\"><div id=\"div_block-3-477\" class=\"ct-div-block cta-intro-text-title\" ><div id=\"text_block-5-477\" class=\"ct-text-block cta-intro-text\" ><p data-pm-slice=\"1 1 []\">\u00c0 la suite d\u2019un incendie qui a ravag\u00e9 une partie de son usine de rabotage en 2017, la direction de Bois-Lac-Saint-Jean, \u00e0 H\u00e9bertville au Saguenay-Lac-Saint-Jean, faisait face \u00e0 une d\u00e9cision majeure : reconstruire.<\/p><\/div><\/div><div id=\"new_columns-166-477\" class=\"ct-new-columns\" ><div id=\"div_block-167-477\" class=\"ct-div-block cs-block\" ><h4 id=\"headline-170-477\" class=\"ct-headline h4 cs-block-title\">D\u00e9fi<br><\/h4><div id=\"text_block-174-477\" class=\"ct-text-block cs-block-text\" >Reb\u00e2tir une partie de l\u2019usine pour remplir efficacement son carnet de commandes de bois de grades \u00e9lev\u00e9s.<\/div><\/div><div id=\"div_block-168-477\" class=\"ct-div-block cs-block\" ><h4 id=\"headline-172-477\" class=\"ct-headline h4 cs-block-title\">Solution<\/h4><div id=\"text_block-175-477\" class=\"ct-text-block cs-block-text\" >Investir dans des \u00e9quipements et outils modernes pour am\u00e9liorer l\u2019efficacit\u00e9 et la performance du rabotage de l\u2019usine.<\/div><\/div><div id=\"div_block-169-477\" class=\"ct-div-block\" ><h4 id=\"headline-173-477\" class=\"ct-headline h4 cs-block-title\">B\u00e9n\u00e9fices<\/h4><div id=\"text_block-176-477\" class=\"ct-text-block cs-block-text\" >Une augmentation de 7% de la production de grades sup\u00e9rieurs et une vision globale de l\u2019am\u00e9lioration de l\u2019efficacit\u00e9 du rabotage.<\/div><\/div><\/div><\/div><\/section><div id=\"div_block-142-477\" class=\"ct-div-block alt-bg-color inset-left\" ><h2 id=\"headline-178-477\" class=\"ct-headline h3\">Le d\u00e9fi<\/h2><div id=\"div_block-143-477\" class=\"ct-div-block ss-img-right\" ><div id=\"div_block-144-477\" class=\"ct-div-block ss-text-ctn\" ><div id=\"_rich_text-146-477\" class=\"oxy-rich-text\" ><p>Lorsque Bois-Lac-Saint-Jean d\u00e9cide de reb\u00e2tir sa ligne de rabotage suite \u00e0 l\u2019incendie, deux choix s\u2019offraient \u00e0 lui : minimiser ses co\u00fbts ou moderniser.<\/p>\n<p>Apr\u00e8s m\u00fbre r\u00e9flexion, la direction de l\u2019usine de transformation du bois d\u00e9cide non seulement de reb\u00e2tir, mais aussi de moderniser. Elle mise sur les gains potentiels \u00e0 faire en mati\u00e8re de capacit\u00e9, qualit\u00e9 et efficacit\u00e9 op\u00e9rationnelle.<\/p><\/div><\/div><div id=\"div_block-149-477\" class=\"ct-div-block ss-img-ctn\" ><img decoding=\"async\"  id=\"image-150-477\" alt=\"Bois-Lac-Saint-Jean\" src=\"https:\/\/pmpsolutions.ca\/wp-content\/uploads\/2022\/01\/bois-lac-saint-jean-mill-aerial-view.png\" class=\"ct-image\"\/><\/div><\/div><\/div><div id=\"div_block-141-477\" class=\"ct-div-block alignfull\" ><h2 id=\"headline-181-477\" class=\"ct-headline h3\">La solution<\/h2><div id=\"div_block-61-477\" class=\"ct-div-block ss-img-left\" ><div id=\"div_block-62-477\" class=\"ct-div-block ss-img-ctn\" ><img decoding=\"async\"  id=\"image-63-477\" alt=\"Suivi des dimensions avec PMP WePlane\" src=\"https:\/\/pmpsolutions.ca\/wp-content\/uploads\/2021\/11\/pmp-weplane-dimensions-monitoring-dashboard.png\" class=\"ct-image\"\/><\/div><div id=\"div_block-64-477\" class=\"ct-div-block ss-text-ctn\" ><div id=\"_rich_text-66-477\" class=\"oxy-rich-text\" ><p class=\"translation-block\">\u00c9tant constamment \u00e0 la recherche de\nsolutions innovantes pour am\u00e9liorer son\nefficacit\u00e9 op\u00e9rationnelle et la qualit\u00e9 de ses\nproduits, l\u2019entreprise opte pour l\u2019acquisition\nd\u2019un optimiseur VAB Solutions, assorti des\noutils pour le suivi de la performance de\nPMP SOLUTIONS\u2014<a href=\"http:\/\/pmpsolutions.ca\/fr\/produits\/pmp-weplane\/\" target=\"_blank\" rel=\"noopener\">PMP WePlane<\/a>\u2122.<\/p>\n<p>Le directeur de l\u2019usine, Armand Girard, est\nconscient des limites de ses capacit\u00e9s\ninformatiques, mais il comprend rapidement\ntout le potentiel que ces outils peuvent lui\nprocurer. Il s\u2019engage alors avec enthousiasme\ndans ce virage technologique.<\/p>\n<p class=\"translation-block\">Apr\u00e8s seulement quelques mois de formation\nsur les outils de PMP WePlane (un module de <a href=\"http:\/\/pmpsolutions.ca\/fr\/produits\/pmp-teammate\/\" target=\"_blank\" rel=\"noopener\">PMP TeamMate<\/a>\u2122), l\u2019adaptation de l\u2019\u00e9quipe aux nouveaux \u00e9quipements porte fruit. En 2019, Armand Girard affirme avoir am\u00e9lior\u00e9 la disponibilit\u00e9 de ses machines d\u2019environ 45 minutes par faction, soit l\u2019\u00e9quivalent d\u2019un gain de 15 000 \u00e0 20 000 PMP par jour : pratiquement une demi-journ\u00e9e de production suppl\u00e9mentaire par semaine.<\/p>\n<p>\u00ab Gr\u00e2ce \u00e0 PMP SOLUTIONS, les probl\u00e8mes\nde disponibilit\u00e9 ont \u00e9t\u00e9 identifi\u00e9s en ciblant\nla maintenance de certaines machines \u00bb, mentionne Armand Girard. Bois-Lac-Saint-Jean\na donc fait appel \u00e0 des sous-traitants m\u00e9caniciens\npour am\u00e9liorer la performance de son usine.<\/p><\/div><\/div><\/div><\/div><div id=\"div_block-102-477\" class=\"ct-div-block alt-bg-color outset-right\" ><h2 id=\"headline-183-477\" class=\"ct-headline h3\">Les b\u00e9n\u00e9fices<\/h2><div id=\"div_block-184-477\" class=\"ct-div-block ss-img-right\" ><div id=\"div_block-185-477\" class=\"ct-div-block ss-text-ctn\" ><div id=\"_rich_text-194-477\" class=\"oxy-rich-text\" ><p>L\u2019analyse des donn\u00e9es fournies par les outils\nde suivi de la performance en temps r\u00e9el de\nPMP WePlane permet de mieux cibler les\nopportunit\u00e9s d\u2019am\u00e9lioration et de communiquer\nplus efficacement des objectifs clairs \u00e0 son \u00e9quipe. Le directeur Girard note une augmentation moyenne de 7% de sa production de grades sup\u00e9rieurs.<\/p>\n<p>Afin d\u2019actualiser et de maximiser le potentiel\nde leurs outils de suivi de la performance, l\u2019\u00e9quipe de direction de Bois-Lac-Saint-Jean\nparticipe r\u00e9guli\u00e8rement aux cliniques d\u2019am\u00e9lioration continue offertes par PMP SOLUTIONS.<\/p><\/div><\/div><div id=\"div_block-190-477\" class=\"ct-div-block ss-img-ctn\" ><img decoding=\"async\"  id=\"image-191-477\" alt=\"\" src=\"https:\/\/pmpsolutions.ca\/wp-content\/uploads\/2021\/12\/IMG-PMP-Camion.png\" class=\"ct-image\"\/><\/div><\/div><div id=\"div_block-151-477\" class=\"ct-div-block\" ><a id=\"link_button-128-477\" class=\"ct-link-button btn btn-1\" href=\"https:\/\/pmpsolutions.ca\/wp-content\/uploads\/2022\/01\/etude-de-cas-bois-lac-saint-jean.pdf\" target=\"_blank\"  ><span style=\"white-space: pre-wrap;\">T\u00e9l\u00e9charger l'\u00e9tude de cas<\/span><\/a><a id=\"link_button-152-477\" class=\"ct-link-button btn btn-2\" href=\"https:\/\/pmpsolutions.ca\/fr\/etudes-de-cas\/\" target=\"_self\"  >Lisez plus de nos \u00e9tudes<\/a><\/div><\/div>","protected":false},"excerpt":{"rendered":"","protected":false},"author":3,"featured_media":1447,"parent":78,"menu_order":22,"comment_status":"closed","ping_status":"closed","template":"","meta":{"_acf_changed":false,"footnotes":""},"class_list":["post-1403","page","type-page","status-publish","has-post-thumbnail","hentry"],"acf":[],"yoast_head":"<!-- This site is optimized with the Yoast SEO plugin v27.4 - https:\/\/yoast.com\/product\/yoast-seo-wordpress\/ -->\n<title>Upgrading to State-of-the-Art Tools to Get Better Products | PMP SOLUTIONS<\/title>\n<meta name=\"description\" content=\"Read how Bois-Lac-Saint-Jean successfully rebuilt and modernized to leverage the power of information and improve results in this PMP SOLUTIONS case study.\" \/>\n<meta name=\"robots\" content=\"index, follow, max-snippet:-1, max-image-preview:large, max-video-preview:-1\" \/>\n<link rel=\"canonical\" href=\"https:\/\/pmpsolutions.ca\/fr\/etudes-de-cas\/moderniser-son-usine-avec-des-outils-de-pointe-pour-de-meilleurs-produits\/\" \/>\n<meta property=\"og:locale\" content=\"fr_CA\" \/>\n<meta property=\"og:type\" content=\"article\" \/>\n<meta property=\"og:title\" content=\"Upgrading to State-of-the-Art Tools to Get Better Products | PMP SOLUTIONS\" \/>\n<meta property=\"og:description\" content=\"Read how Bois-Lac-Saint-Jean successfully rebuilt and modernized to leverage the power of information and improve results in this PMP SOLUTIONS case study.\" \/>\n<meta property=\"og:url\" content=\"https:\/\/pmpsolutions.ca\/fr\/etudes-de-cas\/moderniser-son-usine-avec-des-outils-de-pointe-pour-de-meilleurs-produits\/\" \/>\n<meta property=\"og:site_name\" content=\"PMP SOLUTIONS\" \/>\n<meta property=\"article:modified_time\" content=\"2023-04-13T18:02:38+00:00\" \/>\n<meta property=\"og:image\" content=\"https:\/\/pmpsolutions.ca\/wp-content\/uploads\/2022\/01\/pmp-weplane-dashboards-1024x576.png\" \/>\n\t<meta property=\"og:image:width\" content=\"1024\" \/>\n\t<meta property=\"og:image:height\" content=\"576\" \/>\n\t<meta property=\"og:image:type\" content=\"image\/png\" \/>\n<meta name=\"twitter:card\" content=\"summary_large_image\" \/>\n<script type=\"application\/ld+json\" class=\"yoast-schema-graph\">{\"@context\":\"https:\\\/\\\/schema.org\",\"@graph\":[{\"@type\":\"WebPage\",\"@id\":\"https:\\\/\\\/pmpsolutions.ca\\\/case-studies\\\/upgrading-to-state-of-the-art-tools-to-get-better-products\\\/\",\"url\":\"https:\\\/\\\/pmpsolutions.ca\\\/case-studies\\\/upgrading-to-state-of-the-art-tools-to-get-better-products\\\/\",\"name\":\"Upgrading to State-of-the-Art Tools to Get Better Products | PMP SOLUTIONS\",\"isPartOf\":{\"@id\":\"https:\\\/\\\/pmpsolutions.ca\\\/#website\"},\"primaryImageOfPage\":{\"@id\":\"https:\\\/\\\/pmpsolutions.ca\\\/case-studies\\\/upgrading-to-state-of-the-art-tools-to-get-better-products\\\/#primaryimage\"},\"image\":{\"@id\":\"https:\\\/\\\/pmpsolutions.ca\\\/case-studies\\\/upgrading-to-state-of-the-art-tools-to-get-better-products\\\/#primaryimage\"},\"thumbnailUrl\":\"https:\\\/\\\/pmpsolutions.ca\\\/wp-content\\\/uploads\\\/2022\\\/01\\\/pmp-weplane-dashboards.png\",\"datePublished\":\"2022-01-25T18:45:48+00:00\",\"dateModified\":\"2023-04-13T18:02:38+00:00\",\"description\":\"Read how Bois-Lac-Saint-Jean successfully rebuilt and modernized to leverage the power of information and improve results in this PMP SOLUTIONS case study.\",\"breadcrumb\":{\"@id\":\"https:\\\/\\\/pmpsolutions.ca\\\/case-studies\\\/upgrading-to-state-of-the-art-tools-to-get-better-products\\\/#breadcrumb\"},\"inLanguage\":\"fr-CA\",\"potentialAction\":[{\"@type\":\"ReadAction\",\"target\":[\"https:\\\/\\\/pmpsolutions.ca\\\/case-studies\\\/upgrading-to-state-of-the-art-tools-to-get-better-products\\\/\"]}]},{\"@type\":\"ImageObject\",\"inLanguage\":\"fr-CA\",\"@id\":\"https:\\\/\\\/pmpsolutions.ca\\\/case-studies\\\/upgrading-to-state-of-the-art-tools-to-get-better-products\\\/#primaryimage\",\"url\":\"https:\\\/\\\/pmpsolutions.ca\\\/wp-content\\\/uploads\\\/2022\\\/01\\\/pmp-weplane-dashboards.png\",\"contentUrl\":\"https:\\\/\\\/pmpsolutions.ca\\\/wp-content\\\/uploads\\\/2022\\\/01\\\/pmp-weplane-dashboards.png\",\"width\":1920,\"height\":1080,\"caption\":\"Worker pointing at PMP WePlane dashboards on planer line\"},{\"@type\":\"BreadcrumbList\",\"@id\":\"https:\\\/\\\/pmpsolutions.ca\\\/case-studies\\\/upgrading-to-state-of-the-art-tools-to-get-better-products\\\/#breadcrumb\",\"itemListElement\":[{\"@type\":\"ListItem\",\"position\":1,\"name\":\"Home\",\"item\":\"https:\\\/\\\/pmpsolutions.ca\\\/en\\\/\"},{\"@type\":\"ListItem\",\"position\":2,\"name\":\"Case studies\",\"item\":\"https:\\\/\\\/pmpsolutions.ca\\\/en\\\/case-studies\\\/\"},{\"@type\":\"ListItem\",\"position\":3,\"name\":\"Upgrading to State-of-the-Art Tools to Get Better Products\"}]},{\"@type\":\"WebSite\",\"@id\":\"https:\\\/\\\/pmpsolutions.ca\\\/#website\",\"url\":\"https:\\\/\\\/pmpsolutions.ca\\\/\",\"name\":\"PMP SOLUTIONS\",\"description\":\"Driving wood transformation\",\"publisher\":{\"@id\":\"https:\\\/\\\/pmpsolutions.ca\\\/#organization\"},\"potentialAction\":[{\"@type\":\"SearchAction\",\"target\":{\"@type\":\"EntryPoint\",\"urlTemplate\":\"https:\\\/\\\/pmpsolutions.ca\\\/?s={search_term_string}\"},\"query-input\":{\"@type\":\"PropertyValueSpecification\",\"valueRequired\":true,\"valueName\":\"search_term_string\"}}],\"inLanguage\":\"fr-CA\"},{\"@type\":\"Organization\",\"@id\":\"https:\\\/\\\/pmpsolutions.ca\\\/#organization\",\"name\":\"PMP SOLUTIONS\",\"url\":\"https:\\\/\\\/pmpsolutions.ca\\\/\",\"logo\":{\"@type\":\"ImageObject\",\"inLanguage\":\"fr-CA\",\"@id\":\"https:\\\/\\\/pmpsolutions.ca\\\/#\\\/schema\\\/logo\\\/image\\\/\",\"url\":\"https:\\\/\\\/pmpsolutions.ca\\\/wp-content\\\/uploads\\\/2021\\\/10\\\/logo-pmp.png\",\"contentUrl\":\"https:\\\/\\\/pmpsolutions.ca\\\/wp-content\\\/uploads\\\/2021\\\/10\\\/logo-pmp.png\",\"width\":288,\"height\":189,\"caption\":\"PMP SOLUTIONS\"},\"image\":{\"@id\":\"https:\\\/\\\/pmpsolutions.ca\\\/#\\\/schema\\\/logo\\\/image\\\/\"},\"sameAs\":[\"https:\\\/\\\/www.linkedin.com\\\/company\\\/pmp-solutions\\\/\",\"https:\\\/\\\/www.youtube.com\\\/channel\\\/UCSPfsI0cvknrEFMS0KPL9nA\"]}]}<\/script>\n<!-- \/ Yoast SEO plugin. -->","yoast_head_json":{"title":"Upgrading to State-of-the-Art Tools to Get Better Products | PMP SOLUTIONS","description":"Read how Bois-Lac-Saint-Jean successfully rebuilt and modernized to leverage the power of information and improve results in this PMP SOLUTIONS case study.","robots":{"index":"index","follow":"follow","max-snippet":"max-snippet:-1","max-image-preview":"max-image-preview:large","max-video-preview":"max-video-preview:-1"},"canonical":"https:\/\/pmpsolutions.ca\/fr\/etudes-de-cas\/moderniser-son-usine-avec-des-outils-de-pointe-pour-de-meilleurs-produits\/","og_locale":"fr_CA","og_type":"article","og_title":"Upgrading to State-of-the-Art Tools to Get Better Products | PMP SOLUTIONS","og_description":"Read how Bois-Lac-Saint-Jean successfully rebuilt and modernized to leverage the power of information and improve results in this PMP SOLUTIONS case study.","og_url":"https:\/\/pmpsolutions.ca\/fr\/etudes-de-cas\/moderniser-son-usine-avec-des-outils-de-pointe-pour-de-meilleurs-produits\/","og_site_name":"PMP SOLUTIONS","article_modified_time":"2023-04-13T18:02:38+00:00","og_image":[{"width":1024,"height":576,"url":"https:\/\/pmpsolutions.ca\/wp-content\/uploads\/2022\/01\/pmp-weplane-dashboards-1024x576.png","type":"image\/png"}],"twitter_card":"summary_large_image","schema":{"@context":"https:\/\/schema.org","@graph":[{"@type":"WebPage","@id":"https:\/\/pmpsolutions.ca\/case-studies\/upgrading-to-state-of-the-art-tools-to-get-better-products\/","url":"https:\/\/pmpsolutions.ca\/case-studies\/upgrading-to-state-of-the-art-tools-to-get-better-products\/","name":"Upgrading to State-of-the-Art Tools to Get Better Products | PMP SOLUTIONS","isPartOf":{"@id":"https:\/\/pmpsolutions.ca\/#website"},"primaryImageOfPage":{"@id":"https:\/\/pmpsolutions.ca\/case-studies\/upgrading-to-state-of-the-art-tools-to-get-better-products\/#primaryimage"},"image":{"@id":"https:\/\/pmpsolutions.ca\/case-studies\/upgrading-to-state-of-the-art-tools-to-get-better-products\/#primaryimage"},"thumbnailUrl":"https:\/\/pmpsolutions.ca\/wp-content\/uploads\/2022\/01\/pmp-weplane-dashboards.png","datePublished":"2022-01-25T18:45:48+00:00","dateModified":"2023-04-13T18:02:38+00:00","description":"Read how Bois-Lac-Saint-Jean successfully rebuilt and modernized to leverage the power of information and improve results in this PMP SOLUTIONS case study.","breadcrumb":{"@id":"https:\/\/pmpsolutions.ca\/case-studies\/upgrading-to-state-of-the-art-tools-to-get-better-products\/#breadcrumb"},"inLanguage":"fr-CA","potentialAction":[{"@type":"ReadAction","target":["https:\/\/pmpsolutions.ca\/case-studies\/upgrading-to-state-of-the-art-tools-to-get-better-products\/"]}]},{"@type":"ImageObject","inLanguage":"fr-CA","@id":"https:\/\/pmpsolutions.ca\/case-studies\/upgrading-to-state-of-the-art-tools-to-get-better-products\/#primaryimage","url":"https:\/\/pmpsolutions.ca\/wp-content\/uploads\/2022\/01\/pmp-weplane-dashboards.png","contentUrl":"https:\/\/pmpsolutions.ca\/wp-content\/uploads\/2022\/01\/pmp-weplane-dashboards.png","width":1920,"height":1080,"caption":"Worker pointing at PMP WePlane dashboards on planer line"},{"@type":"BreadcrumbList","@id":"https:\/\/pmpsolutions.ca\/case-studies\/upgrading-to-state-of-the-art-tools-to-get-better-products\/#breadcrumb","itemListElement":[{"@type":"ListItem","position":1,"name":"Home","item":"https:\/\/pmpsolutions.ca\/en\/"},{"@type":"ListItem","position":2,"name":"Case studies","item":"https:\/\/pmpsolutions.ca\/en\/case-studies\/"},{"@type":"ListItem","position":3,"name":"Upgrading to State-of-the-Art Tools to Get Better Products"}]},{"@type":"WebSite","@id":"https:\/\/pmpsolutions.ca\/#website","url":"https:\/\/pmpsolutions.ca\/","name":"PMP SOLUTIONS","description":"Driving wood transformation","publisher":{"@id":"https:\/\/pmpsolutions.ca\/#organization"},"potentialAction":[{"@type":"SearchAction","target":{"@type":"EntryPoint","urlTemplate":"https:\/\/pmpsolutions.ca\/?s={search_term_string}"},"query-input":{"@type":"PropertyValueSpecification","valueRequired":true,"valueName":"search_term_string"}}],"inLanguage":"fr-CA"},{"@type":"Organization","@id":"https:\/\/pmpsolutions.ca\/#organization","name":"PMP SOLUTIONS","url":"https:\/\/pmpsolutions.ca\/","logo":{"@type":"ImageObject","inLanguage":"fr-CA","@id":"https:\/\/pmpsolutions.ca\/#\/schema\/logo\/image\/","url":"https:\/\/pmpsolutions.ca\/wp-content\/uploads\/2021\/10\/logo-pmp.png","contentUrl":"https:\/\/pmpsolutions.ca\/wp-content\/uploads\/2021\/10\/logo-pmp.png","width":288,"height":189,"caption":"PMP SOLUTIONS"},"image":{"@id":"https:\/\/pmpsolutions.ca\/#\/schema\/logo\/image\/"},"sameAs":["https:\/\/www.linkedin.com\/company\/pmp-solutions\/","https:\/\/www.youtube.com\/channel\/UCSPfsI0cvknrEFMS0KPL9nA"]}]}},"_links":{"self":[{"href":"https:\/\/pmpsolutions.ca\/fr\/wp-json\/wp\/v2\/pages\/1403","targetHints":{"allow":["GET"]}}],"collection":[{"href":"https:\/\/pmpsolutions.ca\/fr\/wp-json\/wp\/v2\/pages"}],"about":[{"href":"https:\/\/pmpsolutions.ca\/fr\/wp-json\/wp\/v2\/types\/page"}],"author":[{"embeddable":true,"href":"https:\/\/pmpsolutions.ca\/fr\/wp-json\/wp\/v2\/users\/3"}],"replies":[{"embeddable":true,"href":"https:\/\/pmpsolutions.ca\/fr\/wp-json\/wp\/v2\/comments?post=1403"}],"version-history":[{"count":30,"href":"https:\/\/pmpsolutions.ca\/fr\/wp-json\/wp\/v2\/pages\/1403\/revisions"}],"predecessor-version":[{"id":2008,"href":"https:\/\/pmpsolutions.ca\/fr\/wp-json\/wp\/v2\/pages\/1403\/revisions\/2008"}],"up":[{"embeddable":true,"href":"https:\/\/pmpsolutions.ca\/fr\/wp-json\/wp\/v2\/pages\/78"}],"wp:featuredmedia":[{"embeddable":true,"href":"https:\/\/pmpsolutions.ca\/fr\/wp-json\/wp\/v2\/media\/1447"}],"wp:attachment":[{"href":"https:\/\/pmpsolutions.ca\/fr\/wp-json\/wp\/v2\/media?parent=1403"}],"curies":[{"name":"wp","href":"https:\/\/api.w.org\/{rel}","templated":true}]}}