{"id":1292,"date":"2022-02-17T20:20:25","date_gmt":"2022-02-17T20:20:25","guid":{"rendered":"https:\/\/pmpsolutions.ca\/?page_id=1292"},"modified":"2023-04-13T14:59:08","modified_gmt":"2023-04-13T19:59:08","slug":"pmp-wedry","status":"publish","type":"page","link":"https:\/\/pmpsolutions.ca\/fr\/produits\/pmp-wedry\/","title":{"rendered":"PMP WeDry"},"content":{"rendered":"<section id=\"section-102-234\" class=\"ct-section inset-left white header-banner hero-banner alignfull bloc-hero-banner\" style=\"background-image:url(https:\/\/pmpsolutions.ca\/wp-content\/uploads\/2023\/04\/pmp-wedry-hero.jpg);background-size: cover;\" ><div class=\"ct-section-inner-wrap\"><div id=\"new_columns-103-234\" class=\"ct-new-columns\" ><div id=\"div_block-104-234\" class=\"ct-div-block hero-text-ctn\" ><div id=\"text_block-21-258\" class=\"ct-text-block section-name hero-top-text\" ><br><\/div><h1 id=\"headline-105-234\" class=\"ct-headline h1 text-uppercase hero-title\">PMP WeDry<\/h1><div id=\"text_block-106-234\" class=\"ct-text-block mb-3 hero-text\" ><b>Module de gestion de s\u00e9choir et s\u00e9chage de PMP TeamMate<\/b><div>Les variations de taux d'humidit\u00e9 dans votre bois co\u00fbtent cher \u00e0 votre usine. PMP WeDry est le seul outil sur le march\u00e9 qui vous permet d'am\u00e9liorer la situation.<\/div><\/div><\/div><div id=\"div_block-108-234\" class=\"ct-div-block\" ><\/div><\/div><div id=\"div_block-22-258\" class=\"ct-div-block picto-yellow\" ><img decoding=\"async\"  id=\"image-23-258\" alt=\"\" src=\"https:\/\/pmpsolutions.ca\/wp-content\/uploads\/2021\/09\/graphic-element-yellow.svg\" class=\"ct-image picto-img\" data-paroller-factor=\"-0.3\" data-paroller-type=\"foreground\" data-paroller-direction=\"horizontal\"\/><\/div><\/div><\/section>\n\n<section id=\"section-109-234\" class=\"ct-section cta-intro-text-wrapper\" ><div class=\"ct-section-inner-wrap\"><div id=\"div_block-261-234\" class=\"ct-div-block cta-intro-text-title\" ><h2 id=\"headline-256-234\" class=\"ct-headline mb-4 h3\">Ma\u00eetriser les variations du taux d'humidit\u00e9 est crucial pour maximiser la valeur de votre panier de produits<\/h2><div id=\"text_block-259-234\" class=\"ct-text-block cta-intro-text\" >PMP WeDry\u2122 (qui fait partie de PMP TeamMate\u2122 et con\u00e7u sp\u00e9cifiquement pour l\u2019industrie de la transformation du bois par notre \u00e9quipe de sp\u00e9cialistes) est un syst\u00e8me qui vous aide \u00e0 mieux ma\u00eetriser les variations du s\u00e9chage et, ainsi, r\u00e9duire le nombre de probl\u00e8mes qu\u2019il cause au rabotage.<\/div><\/div><a id=\"link_button-111-234\" class=\"ct-link-button mt-4 btn mt-3 btn-2 cta-intro-text-btn\" href=\"https:\/\/pmpsolutions.ca\/wp-content\/uploads\/2022\/06\/fiche-produit-pmp-wedry.pdf\" target=\"_self\"  >T\u00e9l\u00e9chargez la fiche<\/a><\/div><\/section>\n\n<div id=\"div_block-9-262\" class=\"ct-div-block ss-img-left alignfull\" ><div id=\"div_block-15-262\" class=\"ct-div-block ss-img-ctn\" ><img decoding=\"async\"  id=\"image-16-262\" alt=\"Desired vs. sub-optimal moisture content distribution in kiln charges\" src=\"https:\/\/pmpsolutions.ca\/wp-content\/uploads\/2022\/01\/desired-bad-moisture-content-distribution-kiln-charges.png\" class=\"ct-image\"\/><\/div><div id=\"div_block-10-262\" class=\"ct-div-block ss-text-ctn\" ><h2 id=\"headline-11-262\" class=\"ct-headline h4 ss-title\">Diminuez la quantit\u00e9 de probl\u00e8mes caus\u00e9s par le s\u00e9chage au rabotage<\/h2><div id=\"_rich_text-12-262\" class=\"oxy-rich-text ss-text\" ><p>La premi\u00e8re chose \u00e0 faire pour am\u00e9liorer le d\u00e9bit de votre usine est d\u2019identifier si les variations de taux d\u2019humidit\u00e9 proviennent du s\u00e9choir ou de la rotation dans la cour.<\/p>\n<p>En capturant le taux d\u2019humidit\u00e9 des paquets \u00e0 l\u2019entr\u00e9e de la ligne de rabotage, il sera possible de livrer des produits de qualit\u00e9. PMP WeDry\nvous aide \u00e0 visualiser la distribution du taux d\u2019humidit\u00e9 d\u2019une production en la pr\u00e9sentant sous la forme d\u2019un graphique color\u00e9. Une distribution de bois trop vert et trop sec de 5% ou moins est optimale.<\/p><\/div><\/div><\/div>\n\n<div id=\"div_block-100-74\" class=\"ct-div-block ss-img-right alignfull\" ><div id=\"div_block-103-74\" class=\"ct-div-block ss-text-ctn\" ><h2 id=\"headline-104-74\" class=\"ct-headline h4 ss-title\">\u00c9valuez la performance du s\u00e9chage et r\u00e9glez les probl\u00e8mes qu'elle cause plus vite<\/h2><div id=\"_rich_text-105-74\" class=\"oxy-rich-text ss-text\" ><p style=\"text-align: left;\">Vous pouvez utiliser les distribution d\u2019humidit\u00e9 de PMP WeDry pour associer les paquets qui entrent au rabotage et les\nchargements s\u00e9ch\u00e9s (manuellement ou non). Ceci vous permettra d\u2019\u00e9valuer et d\u2019optimiser la performance de vos s\u00e9choirs. Vous ma\u00eetriserez ainsi mieux votre s\u00e9chage, ce qui r\u00e9duira radicalement le bois fendu et les blocages de la ligne de rabotage. Ce nouveau contr\u00f4le peut contribuer \u00e0 augmenter la qualit\u00e9 des produits qui entrent l\u2019usine de rabotage, assez\npour <strong>augmenter la valeur moyenne de votre panier de produits de 33%<\/strong>.<\/p><\/div><a id=\"link_button-106-74\" class=\"ct-link-button btn btn-outline black ss-btn\" href=\"https:\/\/pmpsolutions.ca\/wp-content\/uploads\/2022\/06\/fiche-produit-pmp-wedry.pdf\" target=\"_self\"  ><span id=\"span-107-74\" class=\"ct-span oxygenberg-span-107-74 oxygenberg-element\">T\u00e9l\u00e9chargez la fiche<\/span><\/a><\/div><div id=\"div_block-101-74\" class=\"ct-div-block ss-img-ctn\" ><img decoding=\"async\"  id=\"image-102-74\" alt=\"Augmentez la valeur moyenne de votre panier de produits de 33 %\" src=\"https:\/\/pmpsolutions.ca\/wp-content\/uploads\/2022\/01\/augmentation-valeur-produits-33-pourcents.png\" class=\"ct-image\"\/><\/div><\/div>\n\n<div id=\"div_block-9-262\" class=\"ct-div-block ss-img-left alignfull\" ><div id=\"div_block-15-262\" class=\"ct-div-block ss-img-ctn\" ><img decoding=\"async\"  id=\"image-16-262\" alt=\"Illustration de la distribution du taux d&#039;humidit\u00e9 dans un chargement de s\u00e9choir\" src=\"https:\/\/pmpsolutions.ca\/wp-content\/uploads\/2023\/04\/moisture-distribution.jpg\" class=\"ct-image\"\/><\/div><div id=\"div_block-10-262\" class=\"ct-div-block ss-text-ctn\" ><h2 id=\"headline-11-262\" class=\"ct-headline h4 ss-title\">Visualisez la distribution du taux d'humidit\u00e9<\/h2><div id=\"_rich_text-12-262\" class=\"oxy-rich-text ss-text\" ><p>PMP WeDry s\u2019int\u00e8gre \u00e0 vos instruments de mesure d\u2019humidit\u00e9 pour afficher une repr\u00e9sentation de la distribution du taux d\u2019humidit\u00e9 dans les chargement. Elle vous permet d\u2019\u00e9valuer encore plus pr\u00e9cis\u00e9ment l\u2019efficacit\u00e9 de vos s\u00e9choirs.<\/p>\n<p>En surveillant et en analysant les donn\u00e9es de PMP WeDry vous permet d\u2019optimiser la performance de vos s\u00e9choir et de d\u00e9velopper des recettes de s\u00e9chage qui tiennent compte des esp\u00e8ces. Ceci vous aidera \u00e0 maximiser la valeur du bois sec qui sort de vos s\u00e9choirs et minimiser les probl\u00e8mes caus\u00e9s par le s\u00e9chage au rabotage.<\/p><\/div><\/div><\/div>\n\n<div id=\"div_block-100-74\" class=\"ct-div-block ss-img-right alignfull\" ><div id=\"div_block-103-74\" class=\"ct-div-block ss-text-ctn\" ><h2 id=\"headline-104-74\" class=\"ct-headline h4 ss-title\">Moteur d'am\u00e9lioration<\/h2><div id=\"_rich_text-105-74\" class=\"oxy-rich-text ss-text\" ><p>Avec toutes les donn\u00e9es de PMP WeDry, vous pouvez plus facilement identifier les probl\u00e8mes\ncaus\u00e9s par du bois mal s\u00e9ch\u00e9, ce qui vous offre l\u2019opportunit\u00e9 de les corriger plus efficacement qu\u2019avant. Ces donn\u00e9es d\u00e9voileront de l\u2019information pertinente \u00e0 tout le monde de l\u2019usine, ce qui r\u00e9v\u00e9lera d\u2019autres \u00e9l\u00e9ments de vos op\u00e9rations ayant besoin d\u2019\u00eatre am\u00e9lior\u00e9s. De cette fa\u00e7on, vous pourrez, en \u00e9quipe, d\u00e9marrer un cycle de mesure, d\u2019analyse et d\u2019observation qui livrera des r\u00e9sultats dans un cycle d\u2019am\u00e9lioration qui ne se limite pas au s\u00e9chage.<\/p>\n<p class=\"translation-block\">Tous ces facteurs contribuent \u00e0 du bois de meilleure qualit\u00e9, moins de probl\u00e8mes au rabotage et de plus importants profits.\nSeulement quelques mois apr\u00e8s avoir \u00e9t\u00e9 d\u00e9ploy\u00e9 dans des usines, PMP WeDry peut contribuer \u00e0 <b>augmenter, en moyenne,\nle d\u00e9bit des s\u00e9choirs de 20%.<\/b><\/p>\n<p>&nbsp;<\/p>\n<h4>FAITES TRAVAILLER VOS DONN\u00c9ES<\/h4><\/div><a id=\"link_button-106-74\" class=\"ct-link-button btn btn-outline black ss-btn\" href=\"#show-form-get-a-quote\" target=\"_self\"  >Parlez \u00e0 un expert<\/a><\/div><div id=\"div_block-101-74\" class=\"ct-div-block ss-img-ctn\" ><img decoding=\"async\"  id=\"image-102-74\" alt=\"Utilisateur de PMP TeamMate souriant devant une ligne de production et un tableau de bord de PMP TeamMate\" src=\"https:\/\/pmpsolutions.ca\/wp-content\/uploads\/2023\/04\/client-pmp-teammate-satisfait.jpg\" class=\"ct-image\"\/><\/div><\/div>\n\n<div id=\"div_block-135-312\" class=\"ct-div-block\" ><section id=\"section-1-312\" class=\"ct-section\" ><div class=\"ct-section-inner-wrap\"><div id=\"div_block-5-312\" class=\"ct-div-block\" ><h3 id=\"headline-2-312\" class=\"ct-headline h3 mb-4\"><div>D\u00e9passez les rapports conventionnels : faites travailler vos donn\u00e9es<\/div><\/h3><div id=\"text_block-3-312\" class=\"ct-text-block\" >En nos plus de 15 ans en affaires, nous avons eu la chance de travailler avec 100+ usines comme la votre au Canada et aux \u00c9tats-Unis. Ce faisant, nous avons d\u00e9velopp\u00e9 la solution la plus compl\u00e8te pour l'industrie de la transformation du bois. Elle r\u00e9ussit orchestrer fiablement et efficacement toutes vos op\u00e9rations pour obtenir un meilleur rendement. Nous sommes fiers de voir le plancher et l'administration des usines adopter PMP TeamMate comme leur outil de choix pour op\u00e9rer \u00e0 pleine efficacit\u00e9.<div><br><\/div><div class=\"translation-block\">PMP TeamMate est le syst\u00e8me d\u2019exploitation pour votre entreprise de transformation du bois, que vous g\u00e9riez une ou plusieurs usines. Vous pouvez utiliser chaque module de PMP TeamMate individuellement ou combin\u00e9 avec d\u2019autres, mais ils sont tous con\u00e7us pour retirer davantage de votre usine et des gens qui y travaillent, et ce parce que notre solution est votre \u00e9quipier.<\/div><\/div><\/div><\/div><\/section><div id=\"_dynamic_list-57-312\" class=\"oxy-dynamic-list\"><div id=\"div_block-58-312-1\" class=\"ct-div-block product-wrapper\" data-id=\"div_block-58-312\"><div id=\"div_block-66-312-1\" class=\"ct-div-block product-preview\" data-id=\"div_block-66-312\"><img decoding=\"async\" id=\"image-67-312-1\" alt=\"\" src=\"\" class=\"ct-image product-preview-img\" data-id=\"image-67-312\"><div id=\"text_block-68-312-1\" class=\"ct-text-block\" data-id=\"text_block-68-312\"><div><span id=\"span-97-312\" class=\"ct-span\" ><\/span><\/div><\/div><\/div><\/div><div id=\"div_block-58-312-2\" class=\"ct-div-block product-wrapper\" data-id=\"div_block-58-312\"><div id=\"div_block-66-312-2\" class=\"ct-div-block product-preview\" data-id=\"div_block-66-312\"><img decoding=\"async\" id=\"image-67-312-2\" alt=\"\" src=\"\" class=\"ct-image product-preview-img\" data-id=\"image-67-312\"><div id=\"text_block-68-312-2\" class=\"ct-text-block\" data-id=\"text_block-68-312\"><div><span id=\"span-97-312\" class=\"ct-span\" ><\/span><\/div><\/div><\/div><\/div><div id=\"div_block-58-312-3\" class=\"ct-div-block product-wrapper\" data-id=\"div_block-58-312\"><div id=\"div_block-66-312-3\" class=\"ct-div-block product-preview\" data-id=\"div_block-66-312\"><img decoding=\"async\" id=\"image-67-312-3\" alt=\"\" src=\"\" class=\"ct-image product-preview-img\" data-id=\"image-67-312\"><div id=\"text_block-68-312-3\" class=\"ct-text-block\" data-id=\"text_block-68-312\"><div><span id=\"span-97-312\" class=\"ct-span\" ><\/span><\/div><\/div><\/div><\/div><div id=\"div_block-58-312-4\" class=\"ct-div-block product-wrapper\" data-id=\"div_block-58-312\"><div id=\"div_block-66-312-4\" class=\"ct-div-block product-preview\" data-id=\"div_block-66-312\"><img decoding=\"async\" id=\"image-67-312-4\" alt=\"\" src=\"\" class=\"ct-image product-preview-img\" data-id=\"image-67-312\"><div id=\"text_block-68-312-4\" class=\"ct-text-block\" data-id=\"text_block-68-312\"><div><span id=\"span-97-312\" class=\"ct-span\" ><\/span><\/div><\/div><\/div><\/div><div id=\"div_block-58-312-5\" class=\"ct-div-block product-wrapper\" data-id=\"div_block-58-312\"><div id=\"div_block-66-312-5\" class=\"ct-div-block product-preview\" data-id=\"div_block-66-312\"><img decoding=\"async\" id=\"image-67-312-5\" alt=\"\" src=\"\" class=\"ct-image product-preview-img\" data-id=\"image-67-312\"><div id=\"text_block-68-312-5\" class=\"ct-text-block\" data-id=\"text_block-68-312\"><div><span id=\"span-97-312\" class=\"ct-span\" ><\/span><\/div><\/div><\/div><\/div>                    \n                                            \n                                        \n                    <\/div>\n<\/div>\n\n<section id=\"section-213-74\" class=\"ct-section data-to-work-ctn\" ><div class=\"ct-section-inner-wrap\"><div id=\"div_block-218-74\" class=\"ct-div-block\" ><h2 id=\"headline-214-74\" class=\"ct-headline h2 data-to-work-title\"><span id=\"span-216-74\" class=\"ct-span oxygenberg-span-216-74 oxygenberg-element\">Faites travailler vos donn\u00e9es<\/span>&nbsp;Transformez-les en profits.<\/h2><a id=\"link_button-220-74\" class=\"ct-link-button btn btn-1 mt-5 data-to-work-btn\" href=\"#show-form-get-a-quote\" target=\"_self\"  ><span id=\"span-221-74\" class=\"ct-span oxygenberg-span-221-74 oxygenberg-element\">Parlez \u00e0 un expert<\/span><\/a><\/div><\/div><\/section>","protected":false},"excerpt":{"rendered":"","protected":false},"author":3,"featured_media":0,"parent":74,"menu_order":0,"comment_status":"closed","ping_status":"closed","template":"","meta":{"_acf_changed":false,"footnotes":""},"class_list":["post-1292","page","type-page","status-publish","hentry"],"acf":[],"yoast_head":"<!-- This site is optimized with the Yoast SEO plugin v27.4 - https:\/\/yoast.com\/product\/yoast-seo-wordpress\/ -->\n<title>PMP WeDry | Master Drying. Improve Quality | PMP SOLUTIONS<\/title>\n<meta name=\"description\" content=\"Variations in moisture content your lumber can cost mill a lot. Give your people the tools to better control moisture content with PMP WeDry.\" \/>\n<meta name=\"robots\" content=\"index, follow, max-snippet:-1, max-image-preview:large, max-video-preview:-1\" \/>\n<link rel=\"canonical\" href=\"https:\/\/pmpsolutions.ca\/fr\/produits\/pmp-wedry\/\" \/>\n<meta property=\"og:locale\" content=\"fr_CA\" \/>\n<meta property=\"og:type\" content=\"article\" \/>\n<meta property=\"og:title\" content=\"PMP WeDry | Master Drying. Improve Quality | PMP SOLUTIONS\" \/>\n<meta property=\"og:description\" content=\"Variations in moisture content your lumber can cost mill a lot. Give your people the tools to better control moisture content with PMP WeDry.\" \/>\n<meta property=\"og:url\" content=\"https:\/\/pmpsolutions.ca\/fr\/produits\/pmp-wedry\/\" \/>\n<meta property=\"og:site_name\" content=\"PMP SOLUTIONS\" \/>\n<meta property=\"article:modified_time\" content=\"2023-04-13T19:59:08+00:00\" \/>\n<meta name=\"twitter:card\" content=\"summary_large_image\" \/>\n<script type=\"application\/ld+json\" class=\"yoast-schema-graph\">{\"@context\":\"https:\\\/\\\/schema.org\",\"@graph\":[{\"@type\":\"WebPage\",\"@id\":\"https:\\\/\\\/pmpsolutions.ca\\\/products\\\/pmp-wedry\\\/\",\"url\":\"https:\\\/\\\/pmpsolutions.ca\\\/products\\\/pmp-wedry\\\/\",\"name\":\"PMP WeDry | Master Drying. Improve Quality | PMP SOLUTIONS\",\"isPartOf\":{\"@id\":\"https:\\\/\\\/pmpsolutions.ca\\\/#website\"},\"datePublished\":\"2022-02-17T20:20:25+00:00\",\"dateModified\":\"2023-04-13T19:59:08+00:00\",\"description\":\"Variations in moisture content your lumber can cost mill a lot. Give your people the tools to better control moisture content with PMP WeDry.\",\"breadcrumb\":{\"@id\":\"https:\\\/\\\/pmpsolutions.ca\\\/products\\\/pmp-wedry\\\/#breadcrumb\"},\"inLanguage\":\"fr-CA\",\"potentialAction\":[{\"@type\":\"ReadAction\",\"target\":[\"https:\\\/\\\/pmpsolutions.ca\\\/products\\\/pmp-wedry\\\/\"]}]},{\"@type\":\"BreadcrumbList\",\"@id\":\"https:\\\/\\\/pmpsolutions.ca\\\/products\\\/pmp-wedry\\\/#breadcrumb\",\"itemListElement\":[{\"@type\":\"ListItem\",\"position\":1,\"name\":\"Home\",\"item\":\"https:\\\/\\\/pmpsolutions.ca\\\/en\\\/\"},{\"@type\":\"ListItem\",\"position\":2,\"name\":\"Products\",\"item\":\"https:\\\/\\\/pmpsolutions.ca\\\/en\\\/products\\\/\"},{\"@type\":\"ListItem\",\"position\":3,\"name\":\"PMP WeDry\"}]},{\"@type\":\"WebSite\",\"@id\":\"https:\\\/\\\/pmpsolutions.ca\\\/#website\",\"url\":\"https:\\\/\\\/pmpsolutions.ca\\\/\",\"name\":\"PMP SOLUTIONS\",\"description\":\"Driving wood transformation\",\"publisher\":{\"@id\":\"https:\\\/\\\/pmpsolutions.ca\\\/#organization\"},\"potentialAction\":[{\"@type\":\"SearchAction\",\"target\":{\"@type\":\"EntryPoint\",\"urlTemplate\":\"https:\\\/\\\/pmpsolutions.ca\\\/?s={search_term_string}\"},\"query-input\":{\"@type\":\"PropertyValueSpecification\",\"valueRequired\":true,\"valueName\":\"search_term_string\"}}],\"inLanguage\":\"fr-CA\"},{\"@type\":\"Organization\",\"@id\":\"https:\\\/\\\/pmpsolutions.ca\\\/#organization\",\"name\":\"PMP SOLUTIONS\",\"url\":\"https:\\\/\\\/pmpsolutions.ca\\\/\",\"logo\":{\"@type\":\"ImageObject\",\"inLanguage\":\"fr-CA\",\"@id\":\"https:\\\/\\\/pmpsolutions.ca\\\/#\\\/schema\\\/logo\\\/image\\\/\",\"url\":\"https:\\\/\\\/pmpsolutions.ca\\\/wp-content\\\/uploads\\\/2021\\\/10\\\/logo-pmp.png\",\"contentUrl\":\"https:\\\/\\\/pmpsolutions.ca\\\/wp-content\\\/uploads\\\/2021\\\/10\\\/logo-pmp.png\",\"width\":288,\"height\":189,\"caption\":\"PMP SOLUTIONS\"},\"image\":{\"@id\":\"https:\\\/\\\/pmpsolutions.ca\\\/#\\\/schema\\\/logo\\\/image\\\/\"},\"sameAs\":[\"https:\\\/\\\/www.linkedin.com\\\/company\\\/pmp-solutions\\\/\",\"https:\\\/\\\/www.youtube.com\\\/channel\\\/UCSPfsI0cvknrEFMS0KPL9nA\"]}]}<\/script>\n<!-- \/ Yoast SEO plugin. -->","yoast_head_json":{"title":"PMP WeDry | Master Drying. Improve Quality | PMP SOLUTIONS","description":"Variations in moisture content your lumber can cost mill a lot. Give your people the tools to better control moisture content with PMP WeDry.","robots":{"index":"index","follow":"follow","max-snippet":"max-snippet:-1","max-image-preview":"max-image-preview:large","max-video-preview":"max-video-preview:-1"},"canonical":"https:\/\/pmpsolutions.ca\/fr\/produits\/pmp-wedry\/","og_locale":"fr_CA","og_type":"article","og_title":"PMP WeDry | Master Drying. Improve Quality | PMP SOLUTIONS","og_description":"Variations in moisture content your lumber can cost mill a lot. Give your people the tools to better control moisture content with PMP WeDry.","og_url":"https:\/\/pmpsolutions.ca\/fr\/produits\/pmp-wedry\/","og_site_name":"PMP SOLUTIONS","article_modified_time":"2023-04-13T19:59:08+00:00","twitter_card":"summary_large_image","schema":{"@context":"https:\/\/schema.org","@graph":[{"@type":"WebPage","@id":"https:\/\/pmpsolutions.ca\/products\/pmp-wedry\/","url":"https:\/\/pmpsolutions.ca\/products\/pmp-wedry\/","name":"PMP WeDry | Master Drying. Improve Quality | PMP SOLUTIONS","isPartOf":{"@id":"https:\/\/pmpsolutions.ca\/#website"},"datePublished":"2022-02-17T20:20:25+00:00","dateModified":"2023-04-13T19:59:08+00:00","description":"Variations in moisture content your lumber can cost mill a lot. Give your people the tools to better control moisture content with PMP WeDry.","breadcrumb":{"@id":"https:\/\/pmpsolutions.ca\/products\/pmp-wedry\/#breadcrumb"},"inLanguage":"fr-CA","potentialAction":[{"@type":"ReadAction","target":["https:\/\/pmpsolutions.ca\/products\/pmp-wedry\/"]}]},{"@type":"BreadcrumbList","@id":"https:\/\/pmpsolutions.ca\/products\/pmp-wedry\/#breadcrumb","itemListElement":[{"@type":"ListItem","position":1,"name":"Home","item":"https:\/\/pmpsolutions.ca\/en\/"},{"@type":"ListItem","position":2,"name":"Products","item":"https:\/\/pmpsolutions.ca\/en\/products\/"},{"@type":"ListItem","position":3,"name":"PMP WeDry"}]},{"@type":"WebSite","@id":"https:\/\/pmpsolutions.ca\/#website","url":"https:\/\/pmpsolutions.ca\/","name":"PMP SOLUTIONS","description":"Driving wood transformation","publisher":{"@id":"https:\/\/pmpsolutions.ca\/#organization"},"potentialAction":[{"@type":"SearchAction","target":{"@type":"EntryPoint","urlTemplate":"https:\/\/pmpsolutions.ca\/?s={search_term_string}"},"query-input":{"@type":"PropertyValueSpecification","valueRequired":true,"valueName":"search_term_string"}}],"inLanguage":"fr-CA"},{"@type":"Organization","@id":"https:\/\/pmpsolutions.ca\/#organization","name":"PMP SOLUTIONS","url":"https:\/\/pmpsolutions.ca\/","logo":{"@type":"ImageObject","inLanguage":"fr-CA","@id":"https:\/\/pmpsolutions.ca\/#\/schema\/logo\/image\/","url":"https:\/\/pmpsolutions.ca\/wp-content\/uploads\/2021\/10\/logo-pmp.png","contentUrl":"https:\/\/pmpsolutions.ca\/wp-content\/uploads\/2021\/10\/logo-pmp.png","width":288,"height":189,"caption":"PMP SOLUTIONS"},"image":{"@id":"https:\/\/pmpsolutions.ca\/#\/schema\/logo\/image\/"},"sameAs":["https:\/\/www.linkedin.com\/company\/pmp-solutions\/","https:\/\/www.youtube.com\/channel\/UCSPfsI0cvknrEFMS0KPL9nA"]}]}},"_links":{"self":[{"href":"https:\/\/pmpsolutions.ca\/fr\/wp-json\/wp\/v2\/pages\/1292","targetHints":{"allow":["GET"]}}],"collection":[{"href":"https:\/\/pmpsolutions.ca\/fr\/wp-json\/wp\/v2\/pages"}],"about":[{"href":"https:\/\/pmpsolutions.ca\/fr\/wp-json\/wp\/v2\/types\/page"}],"author":[{"embeddable":true,"href":"https:\/\/pmpsolutions.ca\/fr\/wp-json\/wp\/v2\/users\/3"}],"replies":[{"embeddable":true,"href":"https:\/\/pmpsolutions.ca\/fr\/wp-json\/wp\/v2\/comments?post=1292"}],"version-history":[{"count":70,"href":"https:\/\/pmpsolutions.ca\/fr\/wp-json\/wp\/v2\/pages\/1292\/revisions"}],"predecessor-version":[{"id":2740,"href":"https:\/\/pmpsolutions.ca\/fr\/wp-json\/wp\/v2\/pages\/1292\/revisions\/2740"}],"up":[{"embeddable":true,"href":"https:\/\/pmpsolutions.ca\/fr\/wp-json\/wp\/v2\/pages\/74"}],"wp:attachment":[{"href":"https:\/\/pmpsolutions.ca\/fr\/wp-json\/wp\/v2\/media?parent=1292"}],"curies":[{"name":"wp","href":"https:\/\/api.w.org\/{rel}","templated":true}]}}