{"id":1202,"date":"2022-01-10T18:01:39","date_gmt":"2022-01-10T18:01:39","guid":{"rendered":"https:\/\/pmpsolutions.ca\/?page_id=1202"},"modified":"2023-04-13T13:02:39","modified_gmt":"2023-04-13T18:02:39","slug":"growing-by-mastering-inventory-ben-hokum","status":"publish","type":"page","link":"https:\/\/pmpsolutions.ca\/fr\/etudes-de-cas\/maitriser-son-inventaire-pour-propulser-la-croissance-ben-hokum\/","title":{"rendered":"Ma\u00eetriser son inventaire pour propulser la croissance : Ben Hokum &amp; Son"},"content":{"rendered":"<section id=\"section-8-477\" class=\"ct-section inset-left white header-banner hero-banner\" style=\"background-image:linear-gradient(rgba(0,0,0,0.4), rgba(0,0,0,0.4)), url(https:\/\/pmpsolutions.ca\/wp-content\/uploads\/2022\/01\/labeled-lumber-bundles-1024x576.png);background-size:auto,  cover;\" ><div class=\"ct-section-inner-wrap\"><div id=\"new_columns-9-477\" class=\"ct-new-columns\" ><div id=\"div_block-10-477\" class=\"ct-div-block\" ><div id=\"text_block-11-477\" class=\"ct-text-block section-name\" >\u00c9TUDE DE CAS<br><\/div><h1 id=\"headline-12-477\" class=\"ct-headline dentist-heading-one h1 text-uppercase\"><span id=\"span-20-477\" class=\"ct-span\" >Ma\u00eetriser son inventaire pour propulser la croissance : Ben Hokum &amp; Son<\/span><\/h1><div id=\"text_block-165-477\" class=\"ct-text-block hero-text hero-text-ctn\" ><p data-pm-slice=\"1 1 []\">Comment Ben Hokum &amp; Son a r\u00e9ussi \u00e0 cro\u00eetre en tirant profit de la puissance de l\u2019information.<\/p><\/div><a id=\"link_button-14-477\" class=\"ct-link-button btn rounded-0 btn-2\" href=\"https:\/\/pmpsolutions.ca\/wp-content\/uploads\/2021\/12\/etude-de-cas-ben-hokum-and-son.pdf\" target=\"_blank\"  ><span id=\"span-15-477\" class=\"ct-span oxygenberg-span-15-477 oxygenberg-element\">T\u00e9l\u00e9charger l'\u00e9tude de cas<\/span><\/a><\/div><div id=\"div_block-16-477\" class=\"ct-div-block\" ><\/div><\/div><div id=\"div_block-130-477\" class=\"ct-div-block picto-yellow\" ><img decoding=\"async\"  id=\"image-131-477\" alt=\"\" src=\"https:\/\/pmpsolutions.ca\/wp-content\/uploads\/2021\/09\/graphic-element-yellow.svg\" class=\"ct-image picto-img\" data-paroller-factor=\"-0.3\" data-paroller-type=\"foreground\" data-paroller-direction=\"horizontal\"\/><\/div><\/div><\/section><section id=\"section-2-477\" class=\"ct-section mb-8 cta-intro-text-wrapper\" ><div class=\"ct-section-inner-wrap\"><div id=\"div_block-3-477\" class=\"ct-div-block cta-intro-text-title\" ><div id=\"text_block-5-477\" class=\"ct-text-block cta-intro-text\" ><p data-pm-slice=\"1 1 []\">Dans notre monde num\u00e9rique moderne, il est essentiel de ma\u00eetriser tous ses processus de production, du d\u00e9but jusqu\u2019\u00e0 la fin, pour maximiser la rentabilit\u00e9 et l\u2019efficacit\u00e9. Dans l\u2019industrie de la transformation du bois, il y a peu de proc\u00e9d\u00e9s plus importants que la gestion ad\u00e9quate de son inventaire. Une mauvaise gestion entra\u00eene invariablement des d\u00e9lais, des commandes non ex\u00e9cut\u00e9es et des revenus moindres.<\/p><\/div><\/div><div id=\"new_columns-166-477\" class=\"ct-new-columns\" ><div id=\"div_block-167-477\" class=\"ct-div-block cs-block\" ><h4 id=\"headline-170-477\" class=\"ct-headline h4 cs-block-title\">D\u00e9fi<br><\/h4><div id=\"text_block-174-477\" class=\"ct-text-block cs-block-text\" >Am\u00e9liorer la gestion d\u2019un \u00e9norme inventaire de bois de sp\u00e9cialit\u00e9 s\u00e9ch\u00e9 \u00e0 l\u2019air libre et contribuer \u00e0 r\u00e9duire la charge de travail des employ\u00e9s.<\/div><\/div><div id=\"div_block-168-477\" class=\"ct-div-block cs-block\" ><h4 id=\"headline-172-477\" class=\"ct-headline h4 cs-block-title\">Solution<\/h4><div id=\"text_block-175-477\" class=\"ct-text-block cs-block-text\" >Une solution Web temps r\u00e9el permettant \u00e0 Ben Hokum et son \u00e9quipe de ventes d\u2019acqu\u00e9rir\nune excellente compr\u00e9hension de sa production et son inventaire.<\/div><\/div><div id=\"div_block-169-477\" class=\"ct-div-block\" ><h4 id=\"headline-173-477\" class=\"ct-headline h4 cs-block-title\">B\u00e9n\u00e9fices<\/h4><div id=\"text_block-176-477\" class=\"ct-text-block cs-block-text\" >Plus de commandes ex\u00e9cut\u00e9es, moins d\u2019opportunit\u00e9s manqu\u00e9es et une efficacit\u00e9 accrue, ce qui permet aux employ\u00e9s de se concentrer sur des t\u00e2ches \u00e0 valeur ajout\u00e9e, pour une plus grande rentabilit\u00e9.<\/div><\/div><\/div><\/div><\/section><div id=\"div_block-142-477\" class=\"ct-div-block alt-bg-color inset-left\" ><h2 id=\"headline-178-477\" class=\"ct-headline h3\">Le d\u00e9fi<\/h2><div id=\"div_block-143-477\" class=\"ct-div-block ss-img-right\" ><div id=\"div_block-144-477\" class=\"ct-div-block ss-text-ctn\" ><div id=\"_rich_text-146-477\" class=\"oxy-rich-text\" ><p>Lorsque <a href=\"http:\/\/benhokum.ca\/\" target=\"_blank\" rel=\"noopener\">Ben Hokum &amp; Son<\/a> (ci-apr\u00e8s, Hokum) nous a approch\u00e9 apr\u00e8s avoir \u00e9t\u00e9 r\u00e9f\u00e9r\u00e9 par <a href=\"https:\/\/www.autolog.com\/accueil.html\" target=\"_blank\" rel=\"noopener\">Autolog<\/a>, l\u2019entreprise de transformation du\nbois pr\u00e8s de Killaloe, Ontario, Canada g\u00e9rait\nessentiellement son impressionnant inventaire\nde bois de sp\u00e9cialit\u00e9 s\u00e9ch\u00e9 \u00e0 l\u2019air libre\nmanuellement \/ visuellement. En d\u2019autres\nmots, chaque fois que Hokum recevait une\ncommande de <a href=\"http:\/\/falconlumber.com\/\" target=\"_blank\" rel=\"noopener\">Falcon Lumber<\/a> ou du reste de son \u00e9quipe de ventes pour un produit sp\u00e9cifique, des employ\u00e9s devaient arpenter la cour \u00e0 bois de pr\u00e8s de 1 km2 pour confirmer visuellement la disponibilit\u00e9 du produit avant de continuer. \u00c9videmment, ce mode d\u2019op\u00e9ration engendre des erreurs, fait perdre des produits et des ventes, en plus de contribuer \u00e0 manquer des opportunit\u00e9s qui se pr\u00e9sentent sur le march\u00e9.<\/p>\n<p>En plus, cette gestion moins qu\u2019optimale rendait la t\u00e2che d\u2019\u00e9valuer la taille exacte de l\u2019inventaire, et de pr\u00e9voir sa production et ses ventes tr\u00e8s difficiles. En fait, malgr\u00e9 un inventaire physique trimestriel, toutes les r\u00e9visions de Hokum relevaient davantage de la divination plut\u00f4t qu\u2019\u00eatre un exercice bas\u00e9 sur des donn\u00e9es concr\u00e8tes. Cette lacune op\u00e9rationnelle nuisait grandement aux processus de Hokum et \u00e9tait la source d\u2019importants co\u00fbts d\u2019opportunit\u00e9s.<\/p>\n<p>La prochaine \u00e9tape fut d\u2019apposer (manuellement!) des \u00e9tiquettes UGS \u00e0 chaque paquet dans la cour pour ensuite les scanner avec des lecteurs de codes \u00e0 barres portables. Une fois tout l\u2019inventaire de Hokum ainsi scann\u00e9,\nnous l\u2019avons int\u00e9gr\u00e9 \u00e0 <a href=\"http:\/\/pmpsolutions.ca\/fr\/produits\/pmp-teammate\/\" target=\"_blank\" rel=\"noopener\">PMP TeamMate<\/a>&trade;.<\/p>\n<p>Nos ing\u00e9nieurs se sont ensuite affair\u00e9s \u00e0\nadapter PMP WeTrack\u2122, notre solution de\ngestion d\u2019inventaire pour le bois r\u00e9sineux, pour\nque les donn\u00e9es de Hokum soient disponibles\npar le Web. Pour ce faire, nous avons utilis\u00e9 un\noutil de mod\u00e9lisation et de visualisation afin de cr\u00e9er les interfaces et rapports n\u00e9cessaires \u00e0 Hokum et son \u00e9quipe de ventes. Les donn\u00e9es envoy\u00e9es au syst\u00e8me par les paquets qui entrent, sortent et se d\u00e9placent dans la cour \u00e0 chaque \u00e9tape de production ont permis \u00e0 tous les intervenants d\u2019avoir acc\u00e8s \u00e0 l\u2019information n\u00e9cessaire \u00e0 leur gestion d\u2019inventaire.<\/p>\n<p>En ajoutant une couche de s\u00e9curit\u00e9, nous avons rendu l\u2019inventaire disponible, par le Web, \u00e0 l\u2019\u00e9quipe de ventes. Ceci lui permet maintenant de commander en toute confiance du bois qu\u2019elle sait disponible, et ce de n\u2019importe-quel appareil avec une capacit\u00e9 Web, contribuant grandement \u00e0 son efficacit\u00e9.<\/p><\/div><\/div><div id=\"div_block-149-477\" class=\"ct-div-block ss-img-ctn\" ><img decoding=\"async\"  id=\"image-150-477\" alt=\"Ben Hokum & Son mill\" src=\"https:\/\/pmpsolutions.ca\/wp-content\/uploads\/2021\/12\/aerial-ben-hokum-and-son-mill-scaled.jpg\" class=\"ct-image\"\/><\/div><\/div><\/div><div id=\"div_block-141-477\" class=\"ct-div-block alignfull\" ><h2 id=\"headline-181-477\" class=\"ct-headline h3\">La solution<\/h2><div id=\"div_block-61-477\" class=\"ct-div-block ss-img-left\" ><div id=\"div_block-62-477\" class=\"ct-div-block ss-img-ctn\" ><img decoding=\"async\"  id=\"image-63-477\" alt=\"Inventory at Ben Hokum & Son\" src=\"https:\/\/pmpsolutions.ca\/wp-content\/uploads\/2022\/01\/ben-hokum-and-son-inventory-report.png\" class=\"ct-image\"\/><\/div><div id=\"div_block-64-477\" class=\"ct-div-block ss-text-ctn\" ><div id=\"_rich_text-66-477\" class=\"oxy-rich-text\" ><p>Ce d\u00e9fi particulier n\u00e9cessitait une solution qui\npouvait palier aux manquements de la m\u00e9thode de gestion actuelle tout en diminuant la charge de travail pour tous les employ\u00e9s impliqu\u00e9s, par cons\u00e9quent de l\u2019automatisation.<\/p>\n<p>Le premier obstacle vers l\u2019automatisation de la gestion de l\u2019inventaire de Hokum fut de le num\u00e9riser. Pour y arriver, nous avons d\u00e9cid\u00e9 d\u2019utiliser des codes \u00e0 barres. Avec l\u2019aide de Hokum, nous avons ensuite d\u00e9velopp\u00e9 une structure coh\u00e9rente pour les unit\u00e9s de gestion des stocks (UGS) qui allaient identifier tous les\npaquets dans la cour \u00e0 bois.<\/p><\/div><\/div><\/div><\/div><div id=\"div_block-102-477\" class=\"ct-div-block alt-bg-color outset-right\" ><h2 id=\"headline-183-477\" class=\"ct-headline h3\">Les b\u00e9n\u00e9fices<\/h2><div id=\"div_block-184-477\" class=\"ct-div-block ss-img-right\" ><div id=\"div_block-185-477\" class=\"ct-div-block ss-text-ctn\" ><div id=\"_rich_text-194-477\" class=\"oxy-rich-text\" ><h4>MEILLEURES R\u00c9CEPTIONS ET EX\u00c9CUTIONS DES COMMANDES<\/h4>\n<p>En ayant des informations toujours \u00e0 jour, l\u2019\u00e9quipe de ventes de Hokum peut d\u00e9sormais faire des commandes \u00e9clair\u00e9es. En m\u00eame temps, les informations temps r\u00e9el de l\u2019inventaire, combin\u00e9es aux donn\u00e9es op\u00e9rationnelles, permettent \u00e0 Hokum de mieux estimer les d\u00e9lais de livraison et d\u2019ex\u00e9cuter plus de commandes de Falcon Lumber, entre autres. Ces informations contribuent aussi \u00e0 am\u00e9liorer les communications entre les ventes et les op\u00e9rations, ce qui alimente les conversations\net g\u00e9n\u00e8re des id\u00e9es.<\/p>\n<h4>PR\u00c9VISIONS PLUS PR\u00c9CISES<\/h4>\n<p>Les donn\u00e9es de <a href=\"https:\/\/pmpsolutions.ca\/fr\/produits\/pmp-teammate\/\" target=\"_blank\" rel=\"noopener\">PMP TeamMate<\/a> combin\u00e9es \u00e0 celles de l\u2019inventaire trimestriel permettent \u00e0 Hokum d\u2019avoir une vision plus claire de la valeur de ses stocks, ce qui am\u00e9liore les pr\u00e9visions. Le r\u00e9sultat : les op\u00e9rations sont\naux commandes, n\u2019ayant plus \u00e0 attendre d\u2019informations vitales \u00e0 son fonctionnement.<\/p>\n<h4>CROISSANCE<\/h4>\n<p>Maintenant capable d\u2019ex\u00e9cuter ses commandes\navec une confiance accrue et une meilleure compr\u00e9hension de son inventaire, Hokum a d\u00e9sormais l\u2019agilit\u00e9 n\u00e9cessaire pour mieux planifier et ainsi cro\u00eetre.<\/p>\n<h4>PLUS GRANDE SATISFACTION EMPLOY\u00c9E<\/h4>\n<p>Gr\u00e2ce aux puissants outils de PMP SOLUTIONS,\nles employ\u00e9s de Hokum ont toute la description\n(longueurs, grades, date de production, etc.) et l\u2019emplacement exact des paquets dans la cour, pour un travail plus rapide et efficace, ce qui contribue grandement \u00e0 leur satisfaction.<\/p><\/div><\/div><div id=\"div_block-190-477\" class=\"ct-div-block ss-img-ctn\" ><img decoding=\"async\"  id=\"image-191-477\" alt=\"\" src=\"https:\/\/pmpsolutions.ca\/wp-content\/uploads\/2021\/12\/IMG-PMP-Camion.png\" class=\"ct-image\"\/><\/div><\/div><div id=\"div_block-151-477\" class=\"ct-div-block\" ><a id=\"link_button-128-477\" class=\"ct-link-button btn btn-1\" href=\"https:\/\/pmpsolutions.ca\/wp-content\/uploads\/2021\/12\/etude-de-cas-ben-hokum-and-son.pdf\" target=\"_blank\"  ><span style=\"white-space: pre-wrap;\">T\u00e9l\u00e9charger l'\u00e9tude de cas<\/span><\/a><a id=\"link_button-152-477\" class=\"ct-link-button btn btn-2\" href=\"https:\/\/pmpsolutions.ca\/fr\/etudes-de-cas\/\" target=\"_self\"  >Lisez plus de nos \u00e9tudes<\/a><\/div><\/div>","protected":false},"excerpt":{"rendered":"","protected":false},"author":3,"featured_media":1449,"parent":78,"menu_order":23,"comment_status":"closed","ping_status":"closed","template":"","meta":{"_acf_changed":false,"footnotes":""},"class_list":["post-1202","page","type-page","status-publish","has-post-thumbnail","hentry"],"acf":[],"yoast_head":"<!-- This site is optimized with the Yoast SEO plugin v27.4 - https:\/\/yoast.com\/product\/yoast-seo-wordpress\/ -->\n<title>Growing by Mastering Inventory: Ben Hokum &amp; Son | PMP SOLUTIONS<\/title>\n<meta name=\"description\" content=\"Read how Ben Hokum &amp; Son grew its business by better understanding and managing its inventories in this PMP SOLUTIONS case study.\" \/>\n<meta name=\"robots\" content=\"index, follow, max-snippet:-1, max-image-preview:large, max-video-preview:-1\" \/>\n<link rel=\"canonical\" href=\"https:\/\/pmpsolutions.ca\/fr\/etudes-de-cas\/maitriser-son-inventaire-pour-propulser-la-croissance-ben-hokum\/\" \/>\n<meta property=\"og:locale\" content=\"fr_CA\" \/>\n<meta property=\"og:type\" content=\"article\" \/>\n<meta property=\"og:title\" content=\"Growing by Mastering Inventory: Ben Hokum &amp; Son | PMP SOLUTIONS\" \/>\n<meta property=\"og:description\" content=\"Read how Ben Hokum &amp; Son grew its business by better understanding and managing its inventories in this PMP SOLUTIONS case study.\" \/>\n<meta property=\"og:url\" content=\"https:\/\/pmpsolutions.ca\/fr\/etudes-de-cas\/maitriser-son-inventaire-pour-propulser-la-croissance-ben-hokum\/\" \/>\n<meta property=\"og:site_name\" content=\"PMP SOLUTIONS\" \/>\n<meta property=\"article:modified_time\" content=\"2023-04-13T18:02:39+00:00\" \/>\n<meta property=\"og:image\" content=\"https:\/\/pmpsolutions.ca\/wp-content\/uploads\/2022\/01\/labeled-lumber-bundles-1024x576.png\" \/>\n\t<meta property=\"og:image:width\" content=\"1024\" \/>\n\t<meta property=\"og:image:height\" content=\"576\" \/>\n\t<meta property=\"og:image:type\" content=\"image\/png\" \/>\n<meta name=\"twitter:card\" content=\"summary_large_image\" \/>\n<script type=\"application\/ld+json\" class=\"yoast-schema-graph\">{\"@context\":\"https:\\\/\\\/schema.org\",\"@graph\":[{\"@type\":\"WebPage\",\"@id\":\"https:\\\/\\\/pmpsolutions.ca\\\/case-studies\\\/growing-by-mastering-inventory-ben-hokum\\\/\",\"url\":\"https:\\\/\\\/pmpsolutions.ca\\\/case-studies\\\/growing-by-mastering-inventory-ben-hokum\\\/\",\"name\":\"Growing by Mastering Inventory: Ben Hokum & Son | PMP SOLUTIONS\",\"isPartOf\":{\"@id\":\"https:\\\/\\\/pmpsolutions.ca\\\/#website\"},\"primaryImageOfPage\":{\"@id\":\"https:\\\/\\\/pmpsolutions.ca\\\/case-studies\\\/growing-by-mastering-inventory-ben-hokum\\\/#primaryimage\"},\"image\":{\"@id\":\"https:\\\/\\\/pmpsolutions.ca\\\/case-studies\\\/growing-by-mastering-inventory-ben-hokum\\\/#primaryimage\"},\"thumbnailUrl\":\"https:\\\/\\\/pmpsolutions.ca\\\/wp-content\\\/uploads\\\/2022\\\/01\\\/labeled-lumber-bundles.png\",\"datePublished\":\"2022-01-10T18:01:39+00:00\",\"dateModified\":\"2023-04-13T18:02:39+00:00\",\"description\":\"Read how Ben Hokum & Son grew its business by better understanding and managing its inventories in this PMP SOLUTIONS case study.\",\"breadcrumb\":{\"@id\":\"https:\\\/\\\/pmpsolutions.ca\\\/case-studies\\\/growing-by-mastering-inventory-ben-hokum\\\/#breadcrumb\"},\"inLanguage\":\"fr-CA\",\"potentialAction\":[{\"@type\":\"ReadAction\",\"target\":[\"https:\\\/\\\/pmpsolutions.ca\\\/case-studies\\\/growing-by-mastering-inventory-ben-hokum\\\/\"]}]},{\"@type\":\"ImageObject\",\"inLanguage\":\"fr-CA\",\"@id\":\"https:\\\/\\\/pmpsolutions.ca\\\/case-studies\\\/growing-by-mastering-inventory-ben-hokum\\\/#primaryimage\",\"url\":\"https:\\\/\\\/pmpsolutions.ca\\\/wp-content\\\/uploads\\\/2022\\\/01\\\/labeled-lumber-bundles.png\",\"contentUrl\":\"https:\\\/\\\/pmpsolutions.ca\\\/wp-content\\\/uploads\\\/2022\\\/01\\\/labeled-lumber-bundles.png\",\"width\":1920,\"height\":1080,\"caption\":\"Labelled lumber bundles\"},{\"@type\":\"BreadcrumbList\",\"@id\":\"https:\\\/\\\/pmpsolutions.ca\\\/case-studies\\\/growing-by-mastering-inventory-ben-hokum\\\/#breadcrumb\",\"itemListElement\":[{\"@type\":\"ListItem\",\"position\":1,\"name\":\"Home\",\"item\":\"https:\\\/\\\/pmpsolutions.ca\\\/en\\\/\"},{\"@type\":\"ListItem\",\"position\":2,\"name\":\"Case studies\",\"item\":\"https:\\\/\\\/pmpsolutions.ca\\\/en\\\/case-studies\\\/\"},{\"@type\":\"ListItem\",\"position\":3,\"name\":\"Growing by Mastering Inventory: Ben Hokum &#038; Son\"}]},{\"@type\":\"WebSite\",\"@id\":\"https:\\\/\\\/pmpsolutions.ca\\\/#website\",\"url\":\"https:\\\/\\\/pmpsolutions.ca\\\/\",\"name\":\"PMP SOLUTIONS\",\"description\":\"Driving wood transformation\",\"publisher\":{\"@id\":\"https:\\\/\\\/pmpsolutions.ca\\\/#organization\"},\"potentialAction\":[{\"@type\":\"SearchAction\",\"target\":{\"@type\":\"EntryPoint\",\"urlTemplate\":\"https:\\\/\\\/pmpsolutions.ca\\\/?s={search_term_string}\"},\"query-input\":{\"@type\":\"PropertyValueSpecification\",\"valueRequired\":true,\"valueName\":\"search_term_string\"}}],\"inLanguage\":\"fr-CA\"},{\"@type\":\"Organization\",\"@id\":\"https:\\\/\\\/pmpsolutions.ca\\\/#organization\",\"name\":\"PMP SOLUTIONS\",\"url\":\"https:\\\/\\\/pmpsolutions.ca\\\/\",\"logo\":{\"@type\":\"ImageObject\",\"inLanguage\":\"fr-CA\",\"@id\":\"https:\\\/\\\/pmpsolutions.ca\\\/#\\\/schema\\\/logo\\\/image\\\/\",\"url\":\"https:\\\/\\\/pmpsolutions.ca\\\/wp-content\\\/uploads\\\/2021\\\/10\\\/logo-pmp.png\",\"contentUrl\":\"https:\\\/\\\/pmpsolutions.ca\\\/wp-content\\\/uploads\\\/2021\\\/10\\\/logo-pmp.png\",\"width\":288,\"height\":189,\"caption\":\"PMP SOLUTIONS\"},\"image\":{\"@id\":\"https:\\\/\\\/pmpsolutions.ca\\\/#\\\/schema\\\/logo\\\/image\\\/\"},\"sameAs\":[\"https:\\\/\\\/www.linkedin.com\\\/company\\\/pmp-solutions\\\/\",\"https:\\\/\\\/www.youtube.com\\\/channel\\\/UCSPfsI0cvknrEFMS0KPL9nA\"]}]}<\/script>\n<!-- \/ Yoast SEO plugin. -->","yoast_head_json":{"title":"Growing by Mastering Inventory: Ben Hokum & Son | PMP SOLUTIONS","description":"Read how Ben Hokum & Son grew its business by better understanding and managing its inventories in this PMP SOLUTIONS case study.","robots":{"index":"index","follow":"follow","max-snippet":"max-snippet:-1","max-image-preview":"max-image-preview:large","max-video-preview":"max-video-preview:-1"},"canonical":"https:\/\/pmpsolutions.ca\/fr\/etudes-de-cas\/maitriser-son-inventaire-pour-propulser-la-croissance-ben-hokum\/","og_locale":"fr_CA","og_type":"article","og_title":"Growing by Mastering Inventory: Ben Hokum & Son | PMP SOLUTIONS","og_description":"Read how Ben Hokum & Son grew its business by better understanding and managing its inventories in this PMP SOLUTIONS case study.","og_url":"https:\/\/pmpsolutions.ca\/fr\/etudes-de-cas\/maitriser-son-inventaire-pour-propulser-la-croissance-ben-hokum\/","og_site_name":"PMP SOLUTIONS","article_modified_time":"2023-04-13T18:02:39+00:00","og_image":[{"width":1024,"height":576,"url":"https:\/\/pmpsolutions.ca\/wp-content\/uploads\/2022\/01\/labeled-lumber-bundles-1024x576.png","type":"image\/png"}],"twitter_card":"summary_large_image","schema":{"@context":"https:\/\/schema.org","@graph":[{"@type":"WebPage","@id":"https:\/\/pmpsolutions.ca\/case-studies\/growing-by-mastering-inventory-ben-hokum\/","url":"https:\/\/pmpsolutions.ca\/case-studies\/growing-by-mastering-inventory-ben-hokum\/","name":"Growing by Mastering Inventory: Ben Hokum & Son | PMP SOLUTIONS","isPartOf":{"@id":"https:\/\/pmpsolutions.ca\/#website"},"primaryImageOfPage":{"@id":"https:\/\/pmpsolutions.ca\/case-studies\/growing-by-mastering-inventory-ben-hokum\/#primaryimage"},"image":{"@id":"https:\/\/pmpsolutions.ca\/case-studies\/growing-by-mastering-inventory-ben-hokum\/#primaryimage"},"thumbnailUrl":"https:\/\/pmpsolutions.ca\/wp-content\/uploads\/2022\/01\/labeled-lumber-bundles.png","datePublished":"2022-01-10T18:01:39+00:00","dateModified":"2023-04-13T18:02:39+00:00","description":"Read how Ben Hokum & Son grew its business by better understanding and managing its inventories in this PMP SOLUTIONS case study.","breadcrumb":{"@id":"https:\/\/pmpsolutions.ca\/case-studies\/growing-by-mastering-inventory-ben-hokum\/#breadcrumb"},"inLanguage":"fr-CA","potentialAction":[{"@type":"ReadAction","target":["https:\/\/pmpsolutions.ca\/case-studies\/growing-by-mastering-inventory-ben-hokum\/"]}]},{"@type":"ImageObject","inLanguage":"fr-CA","@id":"https:\/\/pmpsolutions.ca\/case-studies\/growing-by-mastering-inventory-ben-hokum\/#primaryimage","url":"https:\/\/pmpsolutions.ca\/wp-content\/uploads\/2022\/01\/labeled-lumber-bundles.png","contentUrl":"https:\/\/pmpsolutions.ca\/wp-content\/uploads\/2022\/01\/labeled-lumber-bundles.png","width":1920,"height":1080,"caption":"Labelled lumber bundles"},{"@type":"BreadcrumbList","@id":"https:\/\/pmpsolutions.ca\/case-studies\/growing-by-mastering-inventory-ben-hokum\/#breadcrumb","itemListElement":[{"@type":"ListItem","position":1,"name":"Home","item":"https:\/\/pmpsolutions.ca\/en\/"},{"@type":"ListItem","position":2,"name":"Case studies","item":"https:\/\/pmpsolutions.ca\/en\/case-studies\/"},{"@type":"ListItem","position":3,"name":"Growing by Mastering Inventory: Ben Hokum &#038; Son"}]},{"@type":"WebSite","@id":"https:\/\/pmpsolutions.ca\/#website","url":"https:\/\/pmpsolutions.ca\/","name":"PMP SOLUTIONS","description":"Driving wood transformation","publisher":{"@id":"https:\/\/pmpsolutions.ca\/#organization"},"potentialAction":[{"@type":"SearchAction","target":{"@type":"EntryPoint","urlTemplate":"https:\/\/pmpsolutions.ca\/?s={search_term_string}"},"query-input":{"@type":"PropertyValueSpecification","valueRequired":true,"valueName":"search_term_string"}}],"inLanguage":"fr-CA"},{"@type":"Organization","@id":"https:\/\/pmpsolutions.ca\/#organization","name":"PMP SOLUTIONS","url":"https:\/\/pmpsolutions.ca\/","logo":{"@type":"ImageObject","inLanguage":"fr-CA","@id":"https:\/\/pmpsolutions.ca\/#\/schema\/logo\/image\/","url":"https:\/\/pmpsolutions.ca\/wp-content\/uploads\/2021\/10\/logo-pmp.png","contentUrl":"https:\/\/pmpsolutions.ca\/wp-content\/uploads\/2021\/10\/logo-pmp.png","width":288,"height":189,"caption":"PMP SOLUTIONS"},"image":{"@id":"https:\/\/pmpsolutions.ca\/#\/schema\/logo\/image\/"},"sameAs":["https:\/\/www.linkedin.com\/company\/pmp-solutions\/","https:\/\/www.youtube.com\/channel\/UCSPfsI0cvknrEFMS0KPL9nA"]}]}},"_links":{"self":[{"href":"https:\/\/pmpsolutions.ca\/fr\/wp-json\/wp\/v2\/pages\/1202","targetHints":{"allow":["GET"]}}],"collection":[{"href":"https:\/\/pmpsolutions.ca\/fr\/wp-json\/wp\/v2\/pages"}],"about":[{"href":"https:\/\/pmpsolutions.ca\/fr\/wp-json\/wp\/v2\/types\/page"}],"author":[{"embeddable":true,"href":"https:\/\/pmpsolutions.ca\/fr\/wp-json\/wp\/v2\/users\/3"}],"replies":[{"embeddable":true,"href":"https:\/\/pmpsolutions.ca\/fr\/wp-json\/wp\/v2\/comments?post=1202"}],"version-history":[{"count":23,"href":"https:\/\/pmpsolutions.ca\/fr\/wp-json\/wp\/v2\/pages\/1202\/revisions"}],"predecessor-version":[{"id":2014,"href":"https:\/\/pmpsolutions.ca\/fr\/wp-json\/wp\/v2\/pages\/1202\/revisions\/2014"}],"up":[{"embeddable":true,"href":"https:\/\/pmpsolutions.ca\/fr\/wp-json\/wp\/v2\/pages\/78"}],"wp:featuredmedia":[{"embeddable":true,"href":"https:\/\/pmpsolutions.ca\/fr\/wp-json\/wp\/v2\/media\/1449"}],"wp:attachment":[{"href":"https:\/\/pmpsolutions.ca\/fr\/wp-json\/wp\/v2\/media?parent=1202"}],"curies":[{"name":"wp","href":"https:\/\/api.w.org\/{rel}","templated":true}]}}